{"id":515,"date":"2023-03-20T09:07:05","date_gmt":"2023-03-20T02:07:05","guid":{"rendered":"http:\/\/vbmcomputer.com\/?post_type=product&#038;p=515"},"modified":"2026-01-02T10:40:14","modified_gmt":"2026-01-02T03:40:14","slug":"may-in-laser-brother-hl-l2361dn","status":"publish","type":"product","link":"https:\/\/vbmcomputer.com\/?product=may-in-laser-brother-hl-l2361dn","title":{"rendered":"M\u00e1y in laser Brother HL-L2361DN"},"content":{"rendered":"<h2>\u0110\u1eb7c \u0111i\u1ec3m n\u1ed5i b\u1eadt<\/h2>\n<ul>\n<li class=\"short-descr-col-1\">Thi\u1ebft k\u1ebf hi\u1ec7n \u0111\u1ea1i ph\u00f9 h\u1ee3p gia \u0111\u00ecnh, v\u0103n ph\u00f2ng c\u00f4ng ty<\/li>\n<li class=\"short-descr-col-1\">Trang b\u1ecb t\u00ednh n\u0103ng in 2 m\u1eb7t t\u1ef1 \u0111\u1ed9ng, ti\u1ebft ki\u1ec7m th\u1eddi gian<\/li>\n<li class=\"short-descr-col-1\">Khay ch\u01b0a gi\u1ea5y r\u1ed9ng r\u00e3i t\u1ed1i \u0111a l\u00ean \u0111\u1ebfn 250 t\u1edd<\/li>\n<li class=\"short-descr-col-1\">M\u00e1y in c\u00f3 t\u1ed1c \u0111\u1ed9 in nhanh ch\u00f3ng 30 trang\/ph\u00fat<\/li>\n<li class=\"short-descr-col-1\">\u0110\u1ed9 ph\u00e2n gi\u1ea3i 2400 X 600 dpi cho ch\u1ea5t l\u01b0\u1ee3ng in t\u1ed1t<\/li>\n<li class=\"short-descr-col-1\">Trang b\u1ecb k\u1ebft n\u1ed1i USB 2.0, c\u1ed5ng LAN k\u1ebft n\u1ed1i internet<\/li>\n<\/ul>\n","protected":false},"excerpt":{"rendered":"<p>\u0110\u1eb7c \u0111i\u1ec3m n\u1ed5i b\u1eadt Thi\u1ebft k\u1ebf hi\u1ec7n \u0111\u1ea1i ph\u00f9 h\u1ee3p gia \u0111\u00ecnh, v\u0103n ph\u00f2ng c\u00f4ng ty Trang b\u1ecb t\u00ednh n\u0103ng in 2 m\u1eb7t t\u1ef1 \u0111\u1ed9ng, ti\u1ebft ki\u1ec7m th\u1eddi gian Khay ch\u01b0a gi\u1ea5y r\u1ed9ng r\u00e3i t\u1ed1i \u0111a l\u00ean \u0111\u1ebfn 250 t\u1edd M\u00e1y in c\u00f3 t\u1ed1c \u0111\u1ed9 in nhanh ch\u00f3ng 30 trang\/ph\u00fat \u0110\u1ed9 ph\u00e2n gi\u1ea3i 2400 X&#8230;<\/p>\n","protected":false},"featured_media":517,"template":"","meta":[],"product_cat":[19],"product_tag":[],"yoast_head":"<!-- This site is optimized with the Yoast SEO plugin v20.5 - https:\/\/yoast.com\/wordpress\/plugins\/seo\/ -->\n<title>M\u00e1y in laser Brother HL-L2361DN - http:\/\/vbmcomputer.com<\/title>\n<meta name=\"robots\" content=\"index, follow, max-snippet:-1, max-image-preview:large, max-video-preview:-1\" \/>\n<link rel=\"canonical\" href=\"https:\/\/vbmcomputer.com\/?product=may-in-laser-brother-hl-l2361dn\" \/>\n<meta property=\"og:locale\" content=\"vi_VN\" \/>\n<meta property=\"og:type\" content=\"article\" \/>\n<meta property=\"og:title\" content=\"M\u00e1y in laser Brother HL-L2361DN - http:\/\/vbmcomputer.com\" \/>\n<meta property=\"og:description\" content=\"\u0110\u1eb7c \u0111i\u1ec3m n\u1ed5i b\u1eadt Thi\u1ebft k\u1ebf hi\u1ec7n \u0111\u1ea1i ph\u00f9 h\u1ee3p gia \u0111\u00ecnh, v\u0103n ph\u00f2ng c\u00f4ng ty Trang b\u1ecb t\u00ednh n\u0103ng in 2 m\u1eb7t t\u1ef1 \u0111\u1ed9ng, ti\u1ebft ki\u1ec7m th\u1eddi gian Khay ch\u01b0a gi\u1ea5y r\u1ed9ng r\u00e3i t\u1ed1i \u0111a l\u00ean \u0111\u1ebfn 250 t\u1edd M\u00e1y in c\u00f3 t\u1ed1c \u0111\u1ed9 in nhanh ch\u00f3ng 30 trang\/ph\u00fat \u0110\u1ed9 ph\u00e2n gi\u1ea3i 2400 X...\" \/>\n<meta property=\"og:url\" content=\"https:\/\/vbmcomputer.com\/?product=may-in-laser-brother-hl-l2361dn\" \/>\n<meta property=\"og:site_name\" content=\"http:\/\/vbmcomputer.com\" \/>\n<meta property=\"article:modified_time\" content=\"2026-01-02T03:40:14+00:00\" \/>\n<meta property=\"og:image\" content=\"https:\/\/vbmcomputer.com\/wp-content\/uploads\/2023\/03\/brother-hl-l2361dn.jpg\" \/>\n\t<meta property=\"og:image:width\" content=\"502\" \/>\n\t<meta property=\"og:image:height\" content=\"492\" \/>\n\t<meta property=\"og:image:type\" content=\"image\/jpeg\" \/>\n<meta name=\"twitter:card\" content=\"summary_large_image\" \/>\n<meta name=\"twitter:label1\" content=\"Est. reading time\" \/>\n\t<meta name=\"twitter:data1\" content=\"1 ph\u00fat\" \/>\n<script type=\"application\/ld+json\" class=\"yoast-schema-graph\">{\"@context\":\"https:\/\/schema.org\",\"@graph\":[{\"@type\":\"WebPage\",\"@id\":\"https:\/\/vbmcomputer.com\/?product=may-in-laser-brother-hl-l2361dn\",\"url\":\"https:\/\/vbmcomputer.com\/?product=may-in-laser-brother-hl-l2361dn\",\"name\":\"M\u00e1y in laser Brother HL-L2361DN - http:\/\/vbmcomputer.com\",\"isPartOf\":{\"@id\":\"https:\/\/vbmcomputer.com\/#website\"},\"datePublished\":\"2023-03-20T02:07:05+00:00\",\"dateModified\":\"2026-01-02T03:40:14+00:00\",\"breadcrumb\":{\"@id\":\"https:\/\/vbmcomputer.com\/?product=may-in-laser-brother-hl-l2361dn#breadcrumb\"},\"inLanguage\":\"vi\",\"potentialAction\":[{\"@type\":\"ReadAction\",\"target\":[\"https:\/\/vbmcomputer.com\/?product=may-in-laser-brother-hl-l2361dn\"]}]},{\"@type\":\"BreadcrumbList\",\"@id\":\"https:\/\/vbmcomputer.com\/?product=may-in-laser-brother-hl-l2361dn#breadcrumb\",\"itemListElement\":[{\"@type\":\"ListItem\",\"position\":1,\"name\":\"Home\",\"item\":\"https:\/\/vbmcomputer.com\/\"},{\"@type\":\"ListItem\",\"position\":2,\"name\":\"S\u1ea3n Ph\u1ea9m\",\"item\":\"http:\/\/vbmcomputer.com\/?page_id=6\"},{\"@type\":\"ListItem\",\"position\":3,\"name\":\"M\u00e1y in laser Brother HL-L2361DN\"}]},{\"@type\":\"WebSite\",\"@id\":\"https:\/\/vbmcomputer.com\/#website\",\"url\":\"https:\/\/vbmcomputer.com\/\",\"name\":\"http:\/\/vbmcomputer.com\",\"description\":\"C\u00f4ng Ty TNHH TM Tin H\u1ecdc Vi\u1ec7t Nam\",\"potentialAction\":[{\"@type\":\"SearchAction\",\"target\":{\"@type\":\"EntryPoint\",\"urlTemplate\":\"https:\/\/vbmcomputer.com\/?s={search_term_string}\"},\"query-input\":\"required name=search_term_string\"}],\"inLanguage\":\"vi\"}]}<\/script>\n<!-- \/ Yoast SEO plugin. -->","yoast_head_json":{"title":"M\u00e1y in laser Brother HL-L2361DN - http:\/\/vbmcomputer.com","robots":{"index":"index","follow":"follow","max-snippet":"max-snippet:-1","max-image-preview":"max-image-preview:large","max-video-preview":"max-video-preview:-1"},"canonical":"https:\/\/vbmcomputer.com\/?product=may-in-laser-brother-hl-l2361dn","og_locale":"vi_VN","og_type":"article","og_title":"M\u00e1y in laser Brother HL-L2361DN - http:\/\/vbmcomputer.com","og_description":"\u0110\u1eb7c \u0111i\u1ec3m n\u1ed5i b\u1eadt Thi\u1ebft k\u1ebf hi\u1ec7n \u0111\u1ea1i ph\u00f9 h\u1ee3p gia \u0111\u00ecnh, v\u0103n ph\u00f2ng c\u00f4ng ty Trang b\u1ecb t\u00ednh n\u0103ng in 2 m\u1eb7t t\u1ef1 \u0111\u1ed9ng, ti\u1ebft ki\u1ec7m th\u1eddi gian Khay ch\u01b0a gi\u1ea5y r\u1ed9ng r\u00e3i t\u1ed1i \u0111a l\u00ean \u0111\u1ebfn 250 t\u1edd M\u00e1y in c\u00f3 t\u1ed1c \u0111\u1ed9 in nhanh ch\u00f3ng 30 trang\/ph\u00fat \u0110\u1ed9 ph\u00e2n gi\u1ea3i 2400 X...","og_url":"https:\/\/vbmcomputer.com\/?product=may-in-laser-brother-hl-l2361dn","og_site_name":"http:\/\/vbmcomputer.com","article_modified_time":"2026-01-02T03:40:14+00:00","og_image":[{"width":502,"height":492,"url":"https:\/\/vbmcomputer.com\/wp-content\/uploads\/2023\/03\/brother-hl-l2361dn.jpg","type":"image\/jpeg"}],"twitter_card":"summary_large_image","twitter_misc":{"Est. reading time":"1 ph\u00fat"},"schema":{"@context":"https:\/\/schema.org","@graph":[{"@type":"WebPage","@id":"https:\/\/vbmcomputer.com\/?product=may-in-laser-brother-hl-l2361dn","url":"https:\/\/vbmcomputer.com\/?product=may-in-laser-brother-hl-l2361dn","name":"M\u00e1y in laser Brother HL-L2361DN - http:\/\/vbmcomputer.com","isPartOf":{"@id":"https:\/\/vbmcomputer.com\/#website"},"datePublished":"2023-03-20T02:07:05+00:00","dateModified":"2026-01-02T03:40:14+00:00","breadcrumb":{"@id":"https:\/\/vbmcomputer.com\/?product=may-in-laser-brother-hl-l2361dn#breadcrumb"},"inLanguage":"vi","potentialAction":[{"@type":"ReadAction","target":["https:\/\/vbmcomputer.com\/?product=may-in-laser-brother-hl-l2361dn"]}]},{"@type":"BreadcrumbList","@id":"https:\/\/vbmcomputer.com\/?product=may-in-laser-brother-hl-l2361dn#breadcrumb","itemListElement":[{"@type":"ListItem","position":1,"name":"Home","item":"https:\/\/vbmcomputer.com\/"},{"@type":"ListItem","position":2,"name":"S\u1ea3n Ph\u1ea9m","item":"http:\/\/vbmcomputer.com\/?page_id=6"},{"@type":"ListItem","position":3,"name":"M\u00e1y in laser Brother HL-L2361DN"}]},{"@type":"WebSite","@id":"https:\/\/vbmcomputer.com\/#website","url":"https:\/\/vbmcomputer.com\/","name":"http:\/\/vbmcomputer.com","description":"C\u00f4ng Ty TNHH TM Tin H\u1ecdc Vi\u1ec7t Nam","potentialAction":[{"@type":"SearchAction","target":{"@type":"EntryPoint","urlTemplate":"https:\/\/vbmcomputer.com\/?s={search_term_string}"},"query-input":"required name=search_term_string"}],"inLanguage":"vi"}]}},"_links":{"self":[{"href":"https:\/\/vbmcomputer.com\/index.php?rest_route=\/wp\/v2\/product\/515"}],"collection":[{"href":"https:\/\/vbmcomputer.com\/index.php?rest_route=\/wp\/v2\/product"}],"about":[{"href":"https:\/\/vbmcomputer.com\/index.php?rest_route=\/wp\/v2\/types\/product"}],"wp:featuredmedia":[{"embeddable":true,"href":"https:\/\/vbmcomputer.com\/index.php?rest_route=\/wp\/v2\/media\/517"}],"wp:attachment":[{"href":"https:\/\/vbmcomputer.com\/index.php?rest_route=%2Fwp%2Fv2%2Fmedia&parent=515"}],"wp:term":[{"taxonomy":"product_cat","embeddable":true,"href":"https:\/\/vbmcomputer.com\/index.php?rest_route=%2Fwp%2Fv2%2Fproduct_cat&post=515"},{"taxonomy":"product_tag","embeddable":true,"href":"https:\/\/vbmcomputer.com\/index.php?rest_route=%2Fwp%2Fv2%2Fproduct_tag&post=515"}],"curies":[{"name":"wp","href":"https:\/\/api.w.org\/{rel}","templated":true}]}}