{"id":493,"date":"2023-03-15T09:58:30","date_gmt":"2023-03-15T02:58:30","guid":{"rendered":"http:\/\/vbmcomputer.com\/?post_type=product&#038;p=493"},"modified":"2026-01-02T10:40:08","modified_gmt":"2026-01-02T03:40:08","slug":"o-cung-ssd-kingmax-m2-nvme-gen-34-pq3480","status":"publish","type":"product","link":"https:\/\/vbmcomputer.com\/?product=o-cung-ssd-kingmax-m2-nvme-gen-34-pq3480","title":{"rendered":"\u1ed4 c\u1ee9ng SSD Kingmax Zeus PQ3480 256GB M.2 2280 PCIe NVMe Gen 3&#215;4 (KMAXPQ3480256G)"},"content":{"rendered":"<p><span class=\"item \"><i class=\"fa fa-check-circle\"><\/i>SSD KINGMAX Zeus PQ3480<\/span><span class=\"item \"><i class=\"fa fa-check-circle\"><\/i>&#8211; Dung l\u01b0\u1ee3ng: 256Gb<\/span><\/p>\n<p>&#8211; B\u1ea3o h\u00e0nh 24 th\u00e1ng<\/p>\n<p><span class=\"item \"><i class=\"fa fa-check-circle\"><\/i>&#8211; K\u00edch th\u01b0\u1edbc: M.2 2280<\/span><\/p>\n<p><span class=\"item \"><i class=\"fa fa-check-circle\"><\/i>&#8211; Giao ti\u1ebfp: NVMe PCIe<\/span><\/p>\n<p><span class=\"item hide d-block\"><i class=\"fa fa-check-circle\"><\/i>&#8211; T\u1ed1c \u0111\u1ed9 \u0111\u1ecdc\/ghi (Up to)<\/span><span class=\"item hide d-block\">: 1950MB\/s(R) <\/span><span class=\"item hide d-block\">&#8211; 1200MB\/s (W)<\/span><\/p>\n<p><span class=\"item hide d-block\"><i class=\"fa fa-check-circle\"><\/i>&#8211; 4K IOPs(up to): 100K(R) 170K(W)<\/span><\/p>\n<p><span class=\"item hide d-block\"><i class=\"fa fa-check-circle\"><\/i>&#8211; MTBF\/ TBW: 2,000,000 hours<\/span><\/p>\n<p><span class=\"item hide d-block\"><i class=\"fa fa-check-circle\"><\/i>&#8211; \u0110i\u1ec7n \u00e1p: 3.3V<\/span><span class=\"item hide d-block\"><i class=\"fa fa-check-circle\"><\/i>&#8211; Flash: 3D NAND<\/span><\/p>\n","protected":false},"excerpt":{"rendered":"<p>SSD KINGMAX Zeus PQ3480&#8211; Dung l\u01b0\u1ee3ng: 256Gb &#8211; B\u1ea3o h\u00e0nh 24 th\u00e1ng &#8211; K\u00edch th\u01b0\u1edbc: M.2 2280 &#8211; Giao ti\u1ebfp: NVMe PCIe &#8211; T\u1ed1c \u0111\u1ed9 \u0111\u1ecdc\/ghi (Up to): 1950MB\/s(R) &#8211; 1200MB\/s (W) &#8211; 4K IOPs(up to): 100K(R) 170K(W) &#8211; MTBF\/ TBW: 2,000,000 hours &#8211; \u0110i\u1ec7n \u00e1p: 3.3V&#8211; Flash: 3D NAND<\/p>\n","protected":false},"featured_media":494,"template":"","meta":[],"product_cat":[32],"product_tag":[],"yoast_head":"<!-- This site is optimized with the Yoast SEO plugin v20.5 - https:\/\/yoast.com\/wordpress\/plugins\/seo\/ -->\n<title>\u1ed4 c\u1ee9ng SSD Kingmax Zeus PQ3480 256GB M.2 2280 PCIe NVMe Gen 3x4 (KMAXPQ3480256G) - http:\/\/vbmcomputer.com<\/title>\n<meta name=\"robots\" content=\"index, follow, max-snippet:-1, max-image-preview:large, max-video-preview:-1\" \/>\n<link rel=\"canonical\" href=\"https:\/\/vbmcomputer.com\/?product=o-cung-ssd-kingmax-m2-nvme-gen-34-pq3480\" \/>\n<meta property=\"og:locale\" content=\"vi_VN\" \/>\n<meta property=\"og:type\" content=\"article\" \/>\n<meta property=\"og:title\" content=\"\u1ed4 c\u1ee9ng SSD Kingmax Zeus PQ3480 256GB M.2 2280 PCIe NVMe Gen 3x4 (KMAXPQ3480256G) - http:\/\/vbmcomputer.com\" \/>\n<meta property=\"og:description\" content=\"SSD KINGMAX Zeus PQ3480&#8211; Dung l\u01b0\u1ee3ng: 256Gb &#8211; B\u1ea3o h\u00e0nh 24 th\u00e1ng &#8211; K\u00edch th\u01b0\u1edbc: M.2 2280 &#8211; Giao ti\u1ebfp: NVMe PCIe &#8211; T\u1ed1c \u0111\u1ed9 \u0111\u1ecdc\/ghi (Up to): 1950MB\/s(R) &#8211; 1200MB\/s (W) &#8211; 4K IOPs(up to): 100K(R) 170K(W) &#8211; MTBF\/ TBW: 2,000,000 hours &#8211; \u0110i\u1ec7n \u00e1p: 3.3V&#8211; Flash: 3D NAND\" \/>\n<meta property=\"og:url\" content=\"https:\/\/vbmcomputer.com\/?product=o-cung-ssd-kingmax-m2-nvme-gen-34-pq3480\" \/>\n<meta property=\"og:site_name\" content=\"http:\/\/vbmcomputer.com\" \/>\n<meta property=\"article:modified_time\" content=\"2026-01-02T03:40:08+00:00\" \/>\n<meta property=\"og:image\" content=\"https:\/\/vbmcomputer.com\/wp-content\/uploads\/2023\/03\/55303_o_cung_ssd_kingmax_zeus_pq3480_256gb_kmaxpq3480256g.png\" \/>\n\t<meta property=\"og:image:width\" content=\"300\" \/>\n\t<meta property=\"og:image:height\" content=\"300\" \/>\n\t<meta property=\"og:image:type\" content=\"image\/png\" \/>\n<meta name=\"twitter:card\" content=\"summary_large_image\" \/>\n<script type=\"application\/ld+json\" class=\"yoast-schema-graph\">{\"@context\":\"https:\/\/schema.org\",\"@graph\":[{\"@type\":\"WebPage\",\"@id\":\"https:\/\/vbmcomputer.com\/?product=o-cung-ssd-kingmax-m2-nvme-gen-34-pq3480\",\"url\":\"https:\/\/vbmcomputer.com\/?product=o-cung-ssd-kingmax-m2-nvme-gen-34-pq3480\",\"name\":\"\u1ed4 c\u1ee9ng SSD Kingmax Zeus PQ3480 256GB M.2 2280 PCIe NVMe Gen 3x4 (KMAXPQ3480256G) - http:\/\/vbmcomputer.com\",\"isPartOf\":{\"@id\":\"https:\/\/vbmcomputer.com\/#website\"},\"datePublished\":\"2023-03-15T02:58:30+00:00\",\"dateModified\":\"2026-01-02T03:40:08+00:00\",\"breadcrumb\":{\"@id\":\"https:\/\/vbmcomputer.com\/?product=o-cung-ssd-kingmax-m2-nvme-gen-34-pq3480#breadcrumb\"},\"inLanguage\":\"vi\",\"potentialAction\":[{\"@type\":\"ReadAction\",\"target\":[\"https:\/\/vbmcomputer.com\/?product=o-cung-ssd-kingmax-m2-nvme-gen-34-pq3480\"]}]},{\"@type\":\"BreadcrumbList\",\"@id\":\"https:\/\/vbmcomputer.com\/?product=o-cung-ssd-kingmax-m2-nvme-gen-34-pq3480#breadcrumb\",\"itemListElement\":[{\"@type\":\"ListItem\",\"position\":1,\"name\":\"Home\",\"item\":\"https:\/\/vbmcomputer.com\/\"},{\"@type\":\"ListItem\",\"position\":2,\"name\":\"S\u1ea3n Ph\u1ea9m\",\"item\":\"http:\/\/vbmcomputer.com\/?page_id=6\"},{\"@type\":\"ListItem\",\"position\":3,\"name\":\"\u1ed4 c\u1ee9ng SSD Kingmax Zeus PQ3480 256GB M.2 2280 PCIe NVMe Gen 3&#215;4 (KMAXPQ3480256G)\"}]},{\"@type\":\"WebSite\",\"@id\":\"https:\/\/vbmcomputer.com\/#website\",\"url\":\"https:\/\/vbmcomputer.com\/\",\"name\":\"http:\/\/vbmcomputer.com\",\"description\":\"C\u00f4ng Ty TNHH TM Tin H\u1ecdc Vi\u1ec7t Nam\",\"potentialAction\":[{\"@type\":\"SearchAction\",\"target\":{\"@type\":\"EntryPoint\",\"urlTemplate\":\"https:\/\/vbmcomputer.com\/?s={search_term_string}\"},\"query-input\":\"required name=search_term_string\"}],\"inLanguage\":\"vi\"}]}<\/script>\n<!-- \/ Yoast SEO plugin. -->","yoast_head_json":{"title":"\u1ed4 c\u1ee9ng SSD Kingmax Zeus PQ3480 256GB M.2 2280 PCIe NVMe Gen 3x4 (KMAXPQ3480256G) - http:\/\/vbmcomputer.com","robots":{"index":"index","follow":"follow","max-snippet":"max-snippet:-1","max-image-preview":"max-image-preview:large","max-video-preview":"max-video-preview:-1"},"canonical":"https:\/\/vbmcomputer.com\/?product=o-cung-ssd-kingmax-m2-nvme-gen-34-pq3480","og_locale":"vi_VN","og_type":"article","og_title":"\u1ed4 c\u1ee9ng SSD Kingmax Zeus PQ3480 256GB M.2 2280 PCIe NVMe Gen 3x4 (KMAXPQ3480256G) - http:\/\/vbmcomputer.com","og_description":"SSD KINGMAX Zeus PQ3480&#8211; Dung l\u01b0\u1ee3ng: 256Gb &#8211; B\u1ea3o h\u00e0nh 24 th\u00e1ng &#8211; K\u00edch th\u01b0\u1edbc: M.2 2280 &#8211; Giao ti\u1ebfp: NVMe PCIe &#8211; T\u1ed1c \u0111\u1ed9 \u0111\u1ecdc\/ghi (Up to): 1950MB\/s(R) &#8211; 1200MB\/s (W) &#8211; 4K IOPs(up to): 100K(R) 170K(W) &#8211; MTBF\/ TBW: 2,000,000 hours &#8211; \u0110i\u1ec7n \u00e1p: 3.3V&#8211; Flash: 3D NAND","og_url":"https:\/\/vbmcomputer.com\/?product=o-cung-ssd-kingmax-m2-nvme-gen-34-pq3480","og_site_name":"http:\/\/vbmcomputer.com","article_modified_time":"2026-01-02T03:40:08+00:00","og_image":[{"width":300,"height":300,"url":"https:\/\/vbmcomputer.com\/wp-content\/uploads\/2023\/03\/55303_o_cung_ssd_kingmax_zeus_pq3480_256gb_kmaxpq3480256g.png","type":"image\/png"}],"twitter_card":"summary_large_image","schema":{"@context":"https:\/\/schema.org","@graph":[{"@type":"WebPage","@id":"https:\/\/vbmcomputer.com\/?product=o-cung-ssd-kingmax-m2-nvme-gen-34-pq3480","url":"https:\/\/vbmcomputer.com\/?product=o-cung-ssd-kingmax-m2-nvme-gen-34-pq3480","name":"\u1ed4 c\u1ee9ng SSD Kingmax Zeus PQ3480 256GB M.2 2280 PCIe NVMe Gen 3x4 (KMAXPQ3480256G) - http:\/\/vbmcomputer.com","isPartOf":{"@id":"https:\/\/vbmcomputer.com\/#website"},"datePublished":"2023-03-15T02:58:30+00:00","dateModified":"2026-01-02T03:40:08+00:00","breadcrumb":{"@id":"https:\/\/vbmcomputer.com\/?product=o-cung-ssd-kingmax-m2-nvme-gen-34-pq3480#breadcrumb"},"inLanguage":"vi","potentialAction":[{"@type":"ReadAction","target":["https:\/\/vbmcomputer.com\/?product=o-cung-ssd-kingmax-m2-nvme-gen-34-pq3480"]}]},{"@type":"BreadcrumbList","@id":"https:\/\/vbmcomputer.com\/?product=o-cung-ssd-kingmax-m2-nvme-gen-34-pq3480#breadcrumb","itemListElement":[{"@type":"ListItem","position":1,"name":"Home","item":"https:\/\/vbmcomputer.com\/"},{"@type":"ListItem","position":2,"name":"S\u1ea3n Ph\u1ea9m","item":"http:\/\/vbmcomputer.com\/?page_id=6"},{"@type":"ListItem","position":3,"name":"\u1ed4 c\u1ee9ng SSD Kingmax Zeus PQ3480 256GB M.2 2280 PCIe NVMe Gen 3&#215;4 (KMAXPQ3480256G)"}]},{"@type":"WebSite","@id":"https:\/\/vbmcomputer.com\/#website","url":"https:\/\/vbmcomputer.com\/","name":"http:\/\/vbmcomputer.com","description":"C\u00f4ng Ty TNHH TM Tin H\u1ecdc Vi\u1ec7t Nam","potentialAction":[{"@type":"SearchAction","target":{"@type":"EntryPoint","urlTemplate":"https:\/\/vbmcomputer.com\/?s={search_term_string}"},"query-input":"required name=search_term_string"}],"inLanguage":"vi"}]}},"_links":{"self":[{"href":"https:\/\/vbmcomputer.com\/index.php?rest_route=\/wp\/v2\/product\/493"}],"collection":[{"href":"https:\/\/vbmcomputer.com\/index.php?rest_route=\/wp\/v2\/product"}],"about":[{"href":"https:\/\/vbmcomputer.com\/index.php?rest_route=\/wp\/v2\/types\/product"}],"wp:featuredmedia":[{"embeddable":true,"href":"https:\/\/vbmcomputer.com\/index.php?rest_route=\/wp\/v2\/media\/494"}],"wp:attachment":[{"href":"https:\/\/vbmcomputer.com\/index.php?rest_route=%2Fwp%2Fv2%2Fmedia&parent=493"}],"wp:term":[{"taxonomy":"product_cat","embeddable":true,"href":"https:\/\/vbmcomputer.com\/index.php?rest_route=%2Fwp%2Fv2%2Fproduct_cat&post=493"},{"taxonomy":"product_tag","embeddable":true,"href":"https:\/\/vbmcomputer.com\/index.php?rest_route=%2Fwp%2Fv2%2Fproduct_tag&post=493"}],"curies":[{"name":"wp","href":"https:\/\/api.w.org\/{rel}","templated":true}]}}