{"id":487,"date":"2023-03-15T09:44:31","date_gmt":"2023-03-15T02:44:31","guid":{"rendered":"http:\/\/vbmcomputer.com\/?post_type=product&#038;p=487"},"modified":"2026-01-02T10:24:36","modified_gmt":"2026-01-02T03:24:36","slug":"o-cung-ssd-gigabyte-512g-m2-2280-nvme-pcle-gen3-x4","status":"publish","type":"product","link":"https:\/\/vbmcomputer.com\/?product=o-cung-ssd-gigabyte-512g-m2-2280-nvme-pcle-gen3-x4","title":{"rendered":"\u1ed4 c\u1ee9ng SSD Gigabyte 512G M2 2280 NVMe PCLe Gen3 x4"},"content":{"rendered":"<ul id=\"js-tskt-item\" class=\"product-summary-item-ul d-flex flex-wrap mb-0\">\n<li>H\u00e3ng s\u1ea3n xu\u1ea5t: Gigabyte<\/li>\n<li>B\u1ea3o h\u00e0nh: 24 th\u00e1ng<\/li>\n<li>T\u00ecnh tr\u1ea1ng: M\u1edbi 100%<\/li>\n<li>Dung l\u01b0\u1ee3ng: 512GB<\/li>\n<li>Chu\u1ea9n thi\u1ebft k\u1ebf: M.2 NVMe<\/li>\n<li>K\u1ebft n\u1ed1i: PCI-Express 3.0 x4, NVMe 1.3<\/li>\n<li>\u0110\u1ecdc tu\u1ea7n t\u1ef1: Up to 1700 MB\/s<\/li>\n<li>Ghi tu\u1ea7n t\u1ef1: Up to 1550 MB\/s<\/li>\n<li>NAND: NAND Flash<\/li>\n<li>TBW: 800TBW<\/li>\n<\/ul>\n","protected":false},"excerpt":{"rendered":"<p>H\u00e3ng s\u1ea3n xu\u1ea5t: Gigabyte B\u1ea3o h\u00e0nh: 24 th\u00e1ng T\u00ecnh tr\u1ea1ng: M\u1edbi 100% Dung l\u01b0\u1ee3ng: 512GB Chu\u1ea9n thi\u1ebft k\u1ebf: M.2 NVMe K\u1ebft n\u1ed1i: PCI-Express 3.0 x4, NVMe 1.3 \u0110\u1ecdc tu\u1ea7n t\u1ef1: Up to 1700 MB\/s Ghi tu\u1ea7n t\u1ef1: Up to 1550 MB\/s NAND: NAND Flash TBW: 800TBW<\/p>\n","protected":false},"featured_media":488,"template":"","meta":[],"product_cat":[32],"product_tag":[],"yoast_head":"<!-- This site is optimized with the Yoast SEO plugin v20.5 - https:\/\/yoast.com\/wordpress\/plugins\/seo\/ -->\n<title>\u1ed4 c\u1ee9ng SSD Gigabyte 512G M2 2280 NVMe PCLe Gen3 x4 - http:\/\/vbmcomputer.com<\/title>\n<meta name=\"robots\" content=\"index, follow, max-snippet:-1, max-image-preview:large, max-video-preview:-1\" \/>\n<link rel=\"canonical\" href=\"https:\/\/vbmcomputer.com\/?product=o-cung-ssd-gigabyte-512g-m2-2280-nvme-pcle-gen3-x4\" \/>\n<meta property=\"og:locale\" content=\"vi_VN\" \/>\n<meta property=\"og:type\" content=\"article\" \/>\n<meta property=\"og:title\" content=\"\u1ed4 c\u1ee9ng SSD Gigabyte 512G M2 2280 NVMe PCLe Gen3 x4 - http:\/\/vbmcomputer.com\" \/>\n<meta property=\"og:description\" content=\"H\u00e3ng s\u1ea3n xu\u1ea5t: Gigabyte B\u1ea3o h\u00e0nh: 24 th\u00e1ng T\u00ecnh tr\u1ea1ng: M\u1edbi 100% Dung l\u01b0\u1ee3ng: 512GB Chu\u1ea9n thi\u1ebft k\u1ebf: M.2 NVMe K\u1ebft n\u1ed1i: PCI-Express 3.0 x4, NVMe 1.3 \u0110\u1ecdc tu\u1ea7n t\u1ef1: Up to 1700 MB\/s Ghi tu\u1ea7n t\u1ef1: Up to 1550 MB\/s NAND: NAND Flash TBW: 800TBW\" \/>\n<meta property=\"og:url\" content=\"https:\/\/vbmcomputer.com\/?product=o-cung-ssd-gigabyte-512g-m2-2280-nvme-pcle-gen3-x4\" \/>\n<meta property=\"og:site_name\" content=\"http:\/\/vbmcomputer.com\" \/>\n<meta property=\"article:modified_time\" content=\"2026-01-02T03:24:36+00:00\" \/>\n<meta property=\"og:image\" content=\"https:\/\/vbmcomputer.com\/wp-content\/uploads\/2023\/03\/11111.jpg\" \/>\n\t<meta property=\"og:image:width\" content=\"720\" \/>\n\t<meta property=\"og:image:height\" content=\"720\" \/>\n\t<meta property=\"og:image:type\" content=\"image\/jpeg\" \/>\n<meta name=\"twitter:card\" content=\"summary_large_image\" \/>\n<script type=\"application\/ld+json\" class=\"yoast-schema-graph\">{\"@context\":\"https:\/\/schema.org\",\"@graph\":[{\"@type\":\"WebPage\",\"@id\":\"https:\/\/vbmcomputer.com\/?product=o-cung-ssd-gigabyte-512g-m2-2280-nvme-pcle-gen3-x4\",\"url\":\"https:\/\/vbmcomputer.com\/?product=o-cung-ssd-gigabyte-512g-m2-2280-nvme-pcle-gen3-x4\",\"name\":\"\u1ed4 c\u1ee9ng SSD Gigabyte 512G M2 2280 NVMe PCLe Gen3 x4 - http:\/\/vbmcomputer.com\",\"isPartOf\":{\"@id\":\"https:\/\/vbmcomputer.com\/#website\"},\"datePublished\":\"2023-03-15T02:44:31+00:00\",\"dateModified\":\"2026-01-02T03:24:36+00:00\",\"breadcrumb\":{\"@id\":\"https:\/\/vbmcomputer.com\/?product=o-cung-ssd-gigabyte-512g-m2-2280-nvme-pcle-gen3-x4#breadcrumb\"},\"inLanguage\":\"vi\",\"potentialAction\":[{\"@type\":\"ReadAction\",\"target\":[\"https:\/\/vbmcomputer.com\/?product=o-cung-ssd-gigabyte-512g-m2-2280-nvme-pcle-gen3-x4\"]}]},{\"@type\":\"BreadcrumbList\",\"@id\":\"https:\/\/vbmcomputer.com\/?product=o-cung-ssd-gigabyte-512g-m2-2280-nvme-pcle-gen3-x4#breadcrumb\",\"itemListElement\":[{\"@type\":\"ListItem\",\"position\":1,\"name\":\"Home\",\"item\":\"https:\/\/vbmcomputer.com\/\"},{\"@type\":\"ListItem\",\"position\":2,\"name\":\"S\u1ea3n Ph\u1ea9m\",\"item\":\"http:\/\/vbmcomputer.com\/?page_id=6\"},{\"@type\":\"ListItem\",\"position\":3,\"name\":\"\u1ed4 c\u1ee9ng SSD Gigabyte 512G M2 2280 NVMe PCLe Gen3 x4\"}]},{\"@type\":\"WebSite\",\"@id\":\"https:\/\/vbmcomputer.com\/#website\",\"url\":\"https:\/\/vbmcomputer.com\/\",\"name\":\"http:\/\/vbmcomputer.com\",\"description\":\"C\u00f4ng Ty TNHH TM Tin H\u1ecdc Vi\u1ec7t Nam\",\"potentialAction\":[{\"@type\":\"SearchAction\",\"target\":{\"@type\":\"EntryPoint\",\"urlTemplate\":\"https:\/\/vbmcomputer.com\/?s={search_term_string}\"},\"query-input\":\"required name=search_term_string\"}],\"inLanguage\":\"vi\"}]}<\/script>\n<!-- \/ Yoast SEO plugin. -->","yoast_head_json":{"title":"\u1ed4 c\u1ee9ng SSD Gigabyte 512G M2 2280 NVMe PCLe Gen3 x4 - http:\/\/vbmcomputer.com","robots":{"index":"index","follow":"follow","max-snippet":"max-snippet:-1","max-image-preview":"max-image-preview:large","max-video-preview":"max-video-preview:-1"},"canonical":"https:\/\/vbmcomputer.com\/?product=o-cung-ssd-gigabyte-512g-m2-2280-nvme-pcle-gen3-x4","og_locale":"vi_VN","og_type":"article","og_title":"\u1ed4 c\u1ee9ng SSD Gigabyte 512G M2 2280 NVMe PCLe Gen3 x4 - http:\/\/vbmcomputer.com","og_description":"H\u00e3ng s\u1ea3n xu\u1ea5t: Gigabyte B\u1ea3o h\u00e0nh: 24 th\u00e1ng T\u00ecnh tr\u1ea1ng: M\u1edbi 100% Dung l\u01b0\u1ee3ng: 512GB Chu\u1ea9n thi\u1ebft k\u1ebf: M.2 NVMe K\u1ebft n\u1ed1i: PCI-Express 3.0 x4, NVMe 1.3 \u0110\u1ecdc tu\u1ea7n t\u1ef1: Up to 1700 MB\/s Ghi tu\u1ea7n t\u1ef1: Up to 1550 MB\/s NAND: NAND Flash TBW: 800TBW","og_url":"https:\/\/vbmcomputer.com\/?product=o-cung-ssd-gigabyte-512g-m2-2280-nvme-pcle-gen3-x4","og_site_name":"http:\/\/vbmcomputer.com","article_modified_time":"2026-01-02T03:24:36+00:00","og_image":[{"width":720,"height":720,"url":"https:\/\/vbmcomputer.com\/wp-content\/uploads\/2023\/03\/11111.jpg","type":"image\/jpeg"}],"twitter_card":"summary_large_image","schema":{"@context":"https:\/\/schema.org","@graph":[{"@type":"WebPage","@id":"https:\/\/vbmcomputer.com\/?product=o-cung-ssd-gigabyte-512g-m2-2280-nvme-pcle-gen3-x4","url":"https:\/\/vbmcomputer.com\/?product=o-cung-ssd-gigabyte-512g-m2-2280-nvme-pcle-gen3-x4","name":"\u1ed4 c\u1ee9ng SSD Gigabyte 512G M2 2280 NVMe PCLe Gen3 x4 - http:\/\/vbmcomputer.com","isPartOf":{"@id":"https:\/\/vbmcomputer.com\/#website"},"datePublished":"2023-03-15T02:44:31+00:00","dateModified":"2026-01-02T03:24:36+00:00","breadcrumb":{"@id":"https:\/\/vbmcomputer.com\/?product=o-cung-ssd-gigabyte-512g-m2-2280-nvme-pcle-gen3-x4#breadcrumb"},"inLanguage":"vi","potentialAction":[{"@type":"ReadAction","target":["https:\/\/vbmcomputer.com\/?product=o-cung-ssd-gigabyte-512g-m2-2280-nvme-pcle-gen3-x4"]}]},{"@type":"BreadcrumbList","@id":"https:\/\/vbmcomputer.com\/?product=o-cung-ssd-gigabyte-512g-m2-2280-nvme-pcle-gen3-x4#breadcrumb","itemListElement":[{"@type":"ListItem","position":1,"name":"Home","item":"https:\/\/vbmcomputer.com\/"},{"@type":"ListItem","position":2,"name":"S\u1ea3n Ph\u1ea9m","item":"http:\/\/vbmcomputer.com\/?page_id=6"},{"@type":"ListItem","position":3,"name":"\u1ed4 c\u1ee9ng SSD Gigabyte 512G M2 2280 NVMe PCLe Gen3 x4"}]},{"@type":"WebSite","@id":"https:\/\/vbmcomputer.com\/#website","url":"https:\/\/vbmcomputer.com\/","name":"http:\/\/vbmcomputer.com","description":"C\u00f4ng Ty TNHH TM Tin H\u1ecdc Vi\u1ec7t Nam","potentialAction":[{"@type":"SearchAction","target":{"@type":"EntryPoint","urlTemplate":"https:\/\/vbmcomputer.com\/?s={search_term_string}"},"query-input":"required name=search_term_string"}],"inLanguage":"vi"}]}},"_links":{"self":[{"href":"https:\/\/vbmcomputer.com\/index.php?rest_route=\/wp\/v2\/product\/487"}],"collection":[{"href":"https:\/\/vbmcomputer.com\/index.php?rest_route=\/wp\/v2\/product"}],"about":[{"href":"https:\/\/vbmcomputer.com\/index.php?rest_route=\/wp\/v2\/types\/product"}],"wp:featuredmedia":[{"embeddable":true,"href":"https:\/\/vbmcomputer.com\/index.php?rest_route=\/wp\/v2\/media\/488"}],"wp:attachment":[{"href":"https:\/\/vbmcomputer.com\/index.php?rest_route=%2Fwp%2Fv2%2Fmedia&parent=487"}],"wp:term":[{"taxonomy":"product_cat","embeddable":true,"href":"https:\/\/vbmcomputer.com\/index.php?rest_route=%2Fwp%2Fv2%2Fproduct_cat&post=487"},{"taxonomy":"product_tag","embeddable":true,"href":"https:\/\/vbmcomputer.com\/index.php?rest_route=%2Fwp%2Fv2%2Fproduct_tag&post=487"}],"curies":[{"name":"wp","href":"https:\/\/api.w.org\/{rel}","templated":true}]}}