{"id":480,"date":"2023-03-15T09:32:11","date_gmt":"2023-03-15T02:32:11","guid":{"rendered":"http:\/\/vbmcomputer.com\/?post_type=product&#038;p=480"},"modified":"2026-01-02T10:07:17","modified_gmt":"2026-01-02T03:07:17","slug":"o-cung-ssd-gigabyte-240gb-sata-25-inch","status":"publish","type":"product","link":"https:\/\/vbmcomputer.com\/?product=o-cung-ssd-gigabyte-240gb-sata-25-inch","title":{"rendered":"\u1ed4 c\u1ee9ng SSD Gigabyte 240GB SATA 2,5 inch"},"content":{"rendered":"<div>B\u1ea3o h\u00e0nh 24 th\u00e1ng<\/div>\n<div class=\"product-summary-item-title\">Th\u00f4ng s\u1ed1 s\u1ea3n ph\u1ea9m<\/div>\n<ul id=\"js-tskt-item\" class=\"product-summary-item-ul d-flex flex-wrap mb-0 content-collapse\">\n<li>Dung l\u01b0\u1ee3ng : 240GB<\/li>\n<li>Form Factor: 2.5&#8243;<\/li>\n<li>K\u00edch Th\u01b0\u1edbc : 69.85 x 7 x 100 mm<\/li>\n<li>Giao Ti\u1ebfp: SATA III 6Gb\/s<\/li>\n<li>NAND Flash<\/li>\n<li>Read\/Write: Up to 500MB\/s &amp; 380MB\/s<\/li>\n<\/ul>\n","protected":false},"excerpt":{"rendered":"<p>B\u1ea3o h\u00e0nh 24 th\u00e1ng Th\u00f4ng s\u1ed1 s\u1ea3n ph\u1ea9m Dung l\u01b0\u1ee3ng : 240GB Form Factor: 2.5&#8243; K\u00edch Th\u01b0\u1edbc : 69.85 x 7 x 100 mm Giao Ti\u1ebfp: SATA III 6Gb\/s NAND Flash Read\/Write: Up to 500MB\/s &amp; 380MB\/s<\/p>\n","protected":false},"featured_media":481,"template":"","meta":[],"product_cat":[32],"product_tag":[],"yoast_head":"<!-- This site is optimized with the Yoast SEO plugin v20.5 - https:\/\/yoast.com\/wordpress\/plugins\/seo\/ -->\n<title>\u1ed4 c\u1ee9ng SSD Gigabyte 240GB SATA 2,5 inch - http:\/\/vbmcomputer.com<\/title>\n<meta name=\"robots\" content=\"index, follow, max-snippet:-1, max-image-preview:large, max-video-preview:-1\" \/>\n<link rel=\"canonical\" href=\"https:\/\/vbmcomputer.com\/?product=o-cung-ssd-gigabyte-240gb-sata-25-inch\" \/>\n<meta property=\"og:locale\" content=\"vi_VN\" \/>\n<meta property=\"og:type\" content=\"article\" \/>\n<meta property=\"og:title\" content=\"\u1ed4 c\u1ee9ng SSD Gigabyte 240GB SATA 2,5 inch - http:\/\/vbmcomputer.com\" \/>\n<meta property=\"og:description\" content=\"B\u1ea3o h\u00e0nh 24 th\u00e1ng Th\u00f4ng s\u1ed1 s\u1ea3n ph\u1ea9m Dung l\u01b0\u1ee3ng : 240GB Form Factor: 2.5&#8243; K\u00edch Th\u01b0\u1edbc : 69.85 x 7 x 100 mm Giao Ti\u1ebfp: SATA III 6Gb\/s NAND Flash Read\/Write: Up to 500MB\/s &amp; 380MB\/s\" \/>\n<meta property=\"og:url\" content=\"https:\/\/vbmcomputer.com\/?product=o-cung-ssd-gigabyte-240gb-sata-25-inch\" \/>\n<meta property=\"og:site_name\" content=\"http:\/\/vbmcomputer.com\" \/>\n<meta property=\"article:modified_time\" content=\"2026-01-02T03:07:17+00:00\" \/>\n<meta property=\"og:image\" content=\"https:\/\/vbmcomputer.com\/wp-content\/uploads\/2023\/03\/52858_____c___ng_ssd_gigabyte_120gb_sata_2_5_inch.jpg\" \/>\n\t<meta property=\"og:image:width\" content=\"850\" \/>\n\t<meta property=\"og:image:height\" content=\"850\" \/>\n\t<meta property=\"og:image:type\" content=\"image\/jpeg\" \/>\n<meta name=\"twitter:card\" content=\"summary_large_image\" \/>\n<script type=\"application\/ld+json\" class=\"yoast-schema-graph\">{\"@context\":\"https:\/\/schema.org\",\"@graph\":[{\"@type\":\"WebPage\",\"@id\":\"https:\/\/vbmcomputer.com\/?product=o-cung-ssd-gigabyte-240gb-sata-25-inch\",\"url\":\"https:\/\/vbmcomputer.com\/?product=o-cung-ssd-gigabyte-240gb-sata-25-inch\",\"name\":\"\u1ed4 c\u1ee9ng SSD Gigabyte 240GB SATA 2,5 inch - http:\/\/vbmcomputer.com\",\"isPartOf\":{\"@id\":\"https:\/\/vbmcomputer.com\/#website\"},\"datePublished\":\"2023-03-15T02:32:11+00:00\",\"dateModified\":\"2026-01-02T03:07:17+00:00\",\"breadcrumb\":{\"@id\":\"https:\/\/vbmcomputer.com\/?product=o-cung-ssd-gigabyte-240gb-sata-25-inch#breadcrumb\"},\"inLanguage\":\"vi\",\"potentialAction\":[{\"@type\":\"ReadAction\",\"target\":[\"https:\/\/vbmcomputer.com\/?product=o-cung-ssd-gigabyte-240gb-sata-25-inch\"]}]},{\"@type\":\"BreadcrumbList\",\"@id\":\"https:\/\/vbmcomputer.com\/?product=o-cung-ssd-gigabyte-240gb-sata-25-inch#breadcrumb\",\"itemListElement\":[{\"@type\":\"ListItem\",\"position\":1,\"name\":\"Home\",\"item\":\"https:\/\/vbmcomputer.com\/\"},{\"@type\":\"ListItem\",\"position\":2,\"name\":\"S\u1ea3n Ph\u1ea9m\",\"item\":\"http:\/\/vbmcomputer.com\/?page_id=6\"},{\"@type\":\"ListItem\",\"position\":3,\"name\":\"\u1ed4 c\u1ee9ng SSD Gigabyte 240GB SATA 2,5 inch\"}]},{\"@type\":\"WebSite\",\"@id\":\"https:\/\/vbmcomputer.com\/#website\",\"url\":\"https:\/\/vbmcomputer.com\/\",\"name\":\"http:\/\/vbmcomputer.com\",\"description\":\"C\u00f4ng Ty TNHH TM Tin H\u1ecdc Vi\u1ec7t Nam\",\"potentialAction\":[{\"@type\":\"SearchAction\",\"target\":{\"@type\":\"EntryPoint\",\"urlTemplate\":\"https:\/\/vbmcomputer.com\/?s={search_term_string}\"},\"query-input\":\"required name=search_term_string\"}],\"inLanguage\":\"vi\"}]}<\/script>\n<!-- \/ Yoast SEO plugin. -->","yoast_head_json":{"title":"\u1ed4 c\u1ee9ng SSD Gigabyte 240GB SATA 2,5 inch - http:\/\/vbmcomputer.com","robots":{"index":"index","follow":"follow","max-snippet":"max-snippet:-1","max-image-preview":"max-image-preview:large","max-video-preview":"max-video-preview:-1"},"canonical":"https:\/\/vbmcomputer.com\/?product=o-cung-ssd-gigabyte-240gb-sata-25-inch","og_locale":"vi_VN","og_type":"article","og_title":"\u1ed4 c\u1ee9ng SSD Gigabyte 240GB SATA 2,5 inch - http:\/\/vbmcomputer.com","og_description":"B\u1ea3o h\u00e0nh 24 th\u00e1ng Th\u00f4ng s\u1ed1 s\u1ea3n ph\u1ea9m Dung l\u01b0\u1ee3ng : 240GB Form Factor: 2.5&#8243; K\u00edch Th\u01b0\u1edbc : 69.85 x 7 x 100 mm Giao Ti\u1ebfp: SATA III 6Gb\/s NAND Flash Read\/Write: Up to 500MB\/s &amp; 380MB\/s","og_url":"https:\/\/vbmcomputer.com\/?product=o-cung-ssd-gigabyte-240gb-sata-25-inch","og_site_name":"http:\/\/vbmcomputer.com","article_modified_time":"2026-01-02T03:07:17+00:00","og_image":[{"width":850,"height":850,"url":"https:\/\/vbmcomputer.com\/wp-content\/uploads\/2023\/03\/52858_____c___ng_ssd_gigabyte_120gb_sata_2_5_inch.jpg","type":"image\/jpeg"}],"twitter_card":"summary_large_image","schema":{"@context":"https:\/\/schema.org","@graph":[{"@type":"WebPage","@id":"https:\/\/vbmcomputer.com\/?product=o-cung-ssd-gigabyte-240gb-sata-25-inch","url":"https:\/\/vbmcomputer.com\/?product=o-cung-ssd-gigabyte-240gb-sata-25-inch","name":"\u1ed4 c\u1ee9ng SSD Gigabyte 240GB SATA 2,5 inch - http:\/\/vbmcomputer.com","isPartOf":{"@id":"https:\/\/vbmcomputer.com\/#website"},"datePublished":"2023-03-15T02:32:11+00:00","dateModified":"2026-01-02T03:07:17+00:00","breadcrumb":{"@id":"https:\/\/vbmcomputer.com\/?product=o-cung-ssd-gigabyte-240gb-sata-25-inch#breadcrumb"},"inLanguage":"vi","potentialAction":[{"@type":"ReadAction","target":["https:\/\/vbmcomputer.com\/?product=o-cung-ssd-gigabyte-240gb-sata-25-inch"]}]},{"@type":"BreadcrumbList","@id":"https:\/\/vbmcomputer.com\/?product=o-cung-ssd-gigabyte-240gb-sata-25-inch#breadcrumb","itemListElement":[{"@type":"ListItem","position":1,"name":"Home","item":"https:\/\/vbmcomputer.com\/"},{"@type":"ListItem","position":2,"name":"S\u1ea3n Ph\u1ea9m","item":"http:\/\/vbmcomputer.com\/?page_id=6"},{"@type":"ListItem","position":3,"name":"\u1ed4 c\u1ee9ng SSD Gigabyte 240GB SATA 2,5 inch"}]},{"@type":"WebSite","@id":"https:\/\/vbmcomputer.com\/#website","url":"https:\/\/vbmcomputer.com\/","name":"http:\/\/vbmcomputer.com","description":"C\u00f4ng Ty TNHH TM Tin H\u1ecdc Vi\u1ec7t Nam","potentialAction":[{"@type":"SearchAction","target":{"@type":"EntryPoint","urlTemplate":"https:\/\/vbmcomputer.com\/?s={search_term_string}"},"query-input":"required name=search_term_string"}],"inLanguage":"vi"}]}},"_links":{"self":[{"href":"https:\/\/vbmcomputer.com\/index.php?rest_route=\/wp\/v2\/product\/480"}],"collection":[{"href":"https:\/\/vbmcomputer.com\/index.php?rest_route=\/wp\/v2\/product"}],"about":[{"href":"https:\/\/vbmcomputer.com\/index.php?rest_route=\/wp\/v2\/types\/product"}],"wp:featuredmedia":[{"embeddable":true,"href":"https:\/\/vbmcomputer.com\/index.php?rest_route=\/wp\/v2\/media\/481"}],"wp:attachment":[{"href":"https:\/\/vbmcomputer.com\/index.php?rest_route=%2Fwp%2Fv2%2Fmedia&parent=480"}],"wp:term":[{"taxonomy":"product_cat","embeddable":true,"href":"https:\/\/vbmcomputer.com\/index.php?rest_route=%2Fwp%2Fv2%2Fproduct_cat&post=480"},{"taxonomy":"product_tag","embeddable":true,"href":"https:\/\/vbmcomputer.com\/index.php?rest_route=%2Fwp%2Fv2%2Fproduct_tag&post=480"}],"curies":[{"name":"wp","href":"https:\/\/api.w.org\/{rel}","templated":true}]}}