{"id":474,"date":"2023-03-15T09:25:46","date_gmt":"2023-03-15T02:25:46","guid":{"rendered":"http:\/\/vbmcomputer.com\/?post_type=product&#038;p=474"},"modified":"2023-03-15T09:25:46","modified_gmt":"2023-03-15T02:25:46","slug":"intel-core-i7-12700-box-chinh-hang","status":"publish","type":"product","link":"https:\/\/vbmcomputer.com\/?product=intel-core-i7-12700-box-chinh-hang","title":{"rendered":"Intel Core i7-12700 Box Ch\u00ednh H\u00e3ng"},"content":{"rendered":"<p>B\u1ea3o h\u00e0nh 36 th\u00e1ng<\/p>\n<div>\n<div><strong>TH\u00d4NG S\u1ed0 K\u1ef8 THU\u1eacT<\/strong><\/div>\n<div><\/div>\n<p><strong>\u00a0<\/strong><\/p>\n<table border=\"1\">\n<tbody>\n<tr>\n<td>S\u1ea3n ph\u1ea9m<\/td>\n<td>B\u00f4\u0323 vi x\u01b0\u0309 ly\u0301 CPU<\/td>\n<\/tr>\n<tr>\n<td>H\u00e3ng s\u1ea3n xu\u1ea5t<\/td>\n<td>Intel<\/td>\n<\/tr>\n<tr>\n<td>Model<\/td>\n<td>i7-12700<\/td>\n<\/tr>\n<tr>\n<td>Socket<\/td>\n<td>FCLGA1700<\/td>\n<\/tr>\n<tr>\n<td>T\u00f4\u0301c \u0111\u00f4\u0323 c\u01a1 b\u1ea3n<\/td>\n<td>T\u1ea7n S\u1ed1 C\u00f4ng Ngh\u1ec7 Intel\u00ae Turbo Boost Max 3.0:\u00a05.00 GHz<\/p>\n<p>Performance-core Max Turbo Frequency:\u00a04.90 GHz<\/p>\n<p>Efficient-core Max Turbo Frequency:\u00a03.80 GHz<\/p>\n<p>Performance-core Base Frequency:\u00a03.60 GHz<\/p>\n<p>Efficient-core Base Frequency:\u00a02.70 GHz<\/td>\n<\/tr>\n<tr>\n<td>Cache<\/td>\n<td>B\u1ed9 nh\u1edb \u0111\u1ec7m:\u00a025 MB<\/p>\n<p>Total L2 Cache: 12 MB<\/td>\n<\/tr>\n<tr>\n<td>Nh\u00e2n CPU<\/td>\n<td>12<\/td>\n<\/tr>\n<tr>\n<td>Lu\u00f4\u0300ng CPU<\/td>\n<td>20<\/td>\n<\/tr>\n<tr>\n<td>VXL \u0111\u00f4\u0300 ho\u0323a<\/td>\n<td>Intel\u00ae UHD Graphics 770<\/td>\n<\/tr>\n<tr>\n<td>B\u1ed9 nh\u1edb h\u1ed7 tr\u1ee3<\/td>\n<td>T\u1ed1i \u0111a\u00a0128 GB<\/p>\n<p>C\u00e1c lo\u1ea1i b\u1ed9 nh\u1edb:\u00a0Up to DDR5 4800 MT\/s, Up to DDR4 3200 MT\/s<\/td>\n<\/tr>\n<tr>\n<td>D\u00e2y chuy\u00ea\u0300n c\u00f4ng ngh\u00ea\u0323<\/td>\n<td>&nbsp;<\/td>\n<\/tr>\n<tr>\n<td>\u0110i\u00ea\u0323n a\u0301p ti\u00eau thu\u0323 t\u00f4\u0301i \u0111a<\/td>\n<td>Processor Base Power: 125 W<\/p>\n<p>Maximum Turbo Power: 190 W<\/td>\n<\/tr>\n<tr>\n<td>Nhi\u1ec7t \u0111\u1ed9 t\u1ed1i \u0111a<\/td>\n<td>100\u00b0C<\/td>\n<\/tr>\n<\/tbody>\n<\/table>\n<\/div>\n<p>&nbsp;<\/p>\n","protected":false},"excerpt":{"rendered":"<p>B\u1ea3o h\u00e0nh 36 th\u00e1ng TH\u00d4NG S\u1ed0 K\u1ef8 THU\u1eacT \u00a0 S\u1ea3n ph\u1ea9m B\u00f4\u0323 vi x\u01b0\u0309 ly\u0301 CPU H\u00e3ng s\u1ea3n xu\u1ea5t Intel Model i7-12700 Socket FCLGA1700 T\u00f4\u0301c \u0111\u00f4\u0323 c\u01a1 b\u1ea3n T\u1ea7n S\u1ed1 C\u00f4ng Ngh\u1ec7 Intel\u00ae Turbo Boost Max 3.0:\u00a05.00 GHz Performance-core Max Turbo Frequency:\u00a04.90 GHz Efficient-core Max Turbo Frequency:\u00a03.80 GHz Performance-core Base Frequency:\u00a03.60 GHz Efficient-core Base Frequency:\u00a02.70&#8230;<\/p>\n","protected":false},"featured_media":478,"template":"","meta":[],"product_cat":[28],"product_tag":[],"yoast_head":"<!-- This site is optimized with the Yoast SEO plugin v20.5 - https:\/\/yoast.com\/wordpress\/plugins\/seo\/ -->\n<title>Intel Core i7-12700 Box Ch\u00ednh H\u00e3ng - http:\/\/vbmcomputer.com<\/title>\n<meta name=\"robots\" content=\"index, follow, max-snippet:-1, max-image-preview:large, max-video-preview:-1\" \/>\n<link rel=\"canonical\" href=\"https:\/\/vbmcomputer.com\/?product=intel-core-i7-12700-box-chinh-hang\" \/>\n<meta property=\"og:locale\" content=\"vi_VN\" \/>\n<meta property=\"og:type\" content=\"article\" \/>\n<meta property=\"og:title\" content=\"Intel Core i7-12700 Box Ch\u00ednh H\u00e3ng - http:\/\/vbmcomputer.com\" \/>\n<meta property=\"og:description\" content=\"B\u1ea3o h\u00e0nh 36 th\u00e1ng TH\u00d4NG S\u1ed0 K\u1ef8 THU\u1eacT \u00a0 S\u1ea3n ph\u1ea9m B\u00f4\u0323 vi x\u01b0\u0309 ly\u0301 CPU H\u00e3ng s\u1ea3n xu\u1ea5t Intel Model i7-12700 Socket FCLGA1700 T\u00f4\u0301c \u0111\u00f4\u0323 c\u01a1 b\u1ea3n T\u1ea7n S\u1ed1 C\u00f4ng Ngh\u1ec7 Intel\u00ae Turbo Boost Max 3.0:\u00a05.00 GHz Performance-core Max Turbo Frequency:\u00a04.90 GHz Efficient-core Max Turbo Frequency:\u00a03.80 GHz Performance-core Base Frequency:\u00a03.60 GHz Efficient-core Base Frequency:\u00a02.70...\" \/>\n<meta property=\"og:url\" content=\"https:\/\/vbmcomputer.com\/?product=intel-core-i7-12700-box-chinh-hang\" \/>\n<meta property=\"og:site_name\" content=\"http:\/\/vbmcomputer.com\" \/>\n<meta property=\"og:image\" content=\"https:\/\/vbmcomputer.com\/wp-content\/uploads\/2023\/03\/i712700.png\" \/>\n\t<meta property=\"og:image:width\" content=\"794\" \/>\n\t<meta property=\"og:image:height\" content=\"793\" \/>\n\t<meta property=\"og:image:type\" content=\"image\/png\" \/>\n<meta name=\"twitter:card\" content=\"summary_large_image\" \/>\n<meta name=\"twitter:label1\" content=\"Est. reading time\" \/>\n\t<meta name=\"twitter:data1\" content=\"1 ph\u00fat\" \/>\n<script type=\"application\/ld+json\" class=\"yoast-schema-graph\">{\"@context\":\"https:\/\/schema.org\",\"@graph\":[{\"@type\":\"WebPage\",\"@id\":\"https:\/\/vbmcomputer.com\/?product=intel-core-i7-12700-box-chinh-hang\",\"url\":\"https:\/\/vbmcomputer.com\/?product=intel-core-i7-12700-box-chinh-hang\",\"name\":\"Intel Core i7-12700 Box Ch\u00ednh H\u00e3ng - http:\/\/vbmcomputer.com\",\"isPartOf\":{\"@id\":\"https:\/\/vbmcomputer.com\/#website\"},\"datePublished\":\"2023-03-15T02:25:46+00:00\",\"dateModified\":\"2023-03-15T02:25:46+00:00\",\"breadcrumb\":{\"@id\":\"https:\/\/vbmcomputer.com\/?product=intel-core-i7-12700-box-chinh-hang#breadcrumb\"},\"inLanguage\":\"vi\",\"potentialAction\":[{\"@type\":\"ReadAction\",\"target\":[\"https:\/\/vbmcomputer.com\/?product=intel-core-i7-12700-box-chinh-hang\"]}]},{\"@type\":\"BreadcrumbList\",\"@id\":\"https:\/\/vbmcomputer.com\/?product=intel-core-i7-12700-box-chinh-hang#breadcrumb\",\"itemListElement\":[{\"@type\":\"ListItem\",\"position\":1,\"name\":\"Home\",\"item\":\"https:\/\/vbmcomputer.com\/\"},{\"@type\":\"ListItem\",\"position\":2,\"name\":\"S\u1ea3n Ph\u1ea9m\",\"item\":\"http:\/\/vbmcomputer.com\/?page_id=6\"},{\"@type\":\"ListItem\",\"position\":3,\"name\":\"Intel Core i7-12700 Box Ch\u00ednh H\u00e3ng\"}]},{\"@type\":\"WebSite\",\"@id\":\"https:\/\/vbmcomputer.com\/#website\",\"url\":\"https:\/\/vbmcomputer.com\/\",\"name\":\"http:\/\/vbmcomputer.com\",\"description\":\"C\u00f4ng Ty TNHH TM Tin H\u1ecdc Vi\u1ec7t Nam\",\"potentialAction\":[{\"@type\":\"SearchAction\",\"target\":{\"@type\":\"EntryPoint\",\"urlTemplate\":\"https:\/\/vbmcomputer.com\/?s={search_term_string}\"},\"query-input\":\"required name=search_term_string\"}],\"inLanguage\":\"vi\"}]}<\/script>\n<!-- \/ Yoast SEO plugin. -->","yoast_head_json":{"title":"Intel Core i7-12700 Box Ch\u00ednh H\u00e3ng - http:\/\/vbmcomputer.com","robots":{"index":"index","follow":"follow","max-snippet":"max-snippet:-1","max-image-preview":"max-image-preview:large","max-video-preview":"max-video-preview:-1"},"canonical":"https:\/\/vbmcomputer.com\/?product=intel-core-i7-12700-box-chinh-hang","og_locale":"vi_VN","og_type":"article","og_title":"Intel Core i7-12700 Box Ch\u00ednh H\u00e3ng - http:\/\/vbmcomputer.com","og_description":"B\u1ea3o h\u00e0nh 36 th\u00e1ng TH\u00d4NG S\u1ed0 K\u1ef8 THU\u1eacT \u00a0 S\u1ea3n ph\u1ea9m B\u00f4\u0323 vi x\u01b0\u0309 ly\u0301 CPU H\u00e3ng s\u1ea3n xu\u1ea5t Intel Model i7-12700 Socket FCLGA1700 T\u00f4\u0301c \u0111\u00f4\u0323 c\u01a1 b\u1ea3n T\u1ea7n S\u1ed1 C\u00f4ng Ngh\u1ec7 Intel\u00ae Turbo Boost Max 3.0:\u00a05.00 GHz Performance-core Max Turbo Frequency:\u00a04.90 GHz Efficient-core Max Turbo Frequency:\u00a03.80 GHz Performance-core Base Frequency:\u00a03.60 GHz Efficient-core Base Frequency:\u00a02.70...","og_url":"https:\/\/vbmcomputer.com\/?product=intel-core-i7-12700-box-chinh-hang","og_site_name":"http:\/\/vbmcomputer.com","og_image":[{"width":794,"height":793,"url":"https:\/\/vbmcomputer.com\/wp-content\/uploads\/2023\/03\/i712700.png","type":"image\/png"}],"twitter_card":"summary_large_image","twitter_misc":{"Est. reading time":"1 ph\u00fat"},"schema":{"@context":"https:\/\/schema.org","@graph":[{"@type":"WebPage","@id":"https:\/\/vbmcomputer.com\/?product=intel-core-i7-12700-box-chinh-hang","url":"https:\/\/vbmcomputer.com\/?product=intel-core-i7-12700-box-chinh-hang","name":"Intel Core i7-12700 Box Ch\u00ednh H\u00e3ng - http:\/\/vbmcomputer.com","isPartOf":{"@id":"https:\/\/vbmcomputer.com\/#website"},"datePublished":"2023-03-15T02:25:46+00:00","dateModified":"2023-03-15T02:25:46+00:00","breadcrumb":{"@id":"https:\/\/vbmcomputer.com\/?product=intel-core-i7-12700-box-chinh-hang#breadcrumb"},"inLanguage":"vi","potentialAction":[{"@type":"ReadAction","target":["https:\/\/vbmcomputer.com\/?product=intel-core-i7-12700-box-chinh-hang"]}]},{"@type":"BreadcrumbList","@id":"https:\/\/vbmcomputer.com\/?product=intel-core-i7-12700-box-chinh-hang#breadcrumb","itemListElement":[{"@type":"ListItem","position":1,"name":"Home","item":"https:\/\/vbmcomputer.com\/"},{"@type":"ListItem","position":2,"name":"S\u1ea3n Ph\u1ea9m","item":"http:\/\/vbmcomputer.com\/?page_id=6"},{"@type":"ListItem","position":3,"name":"Intel Core i7-12700 Box Ch\u00ednh H\u00e3ng"}]},{"@type":"WebSite","@id":"https:\/\/vbmcomputer.com\/#website","url":"https:\/\/vbmcomputer.com\/","name":"http:\/\/vbmcomputer.com","description":"C\u00f4ng Ty TNHH TM Tin H\u1ecdc Vi\u1ec7t Nam","potentialAction":[{"@type":"SearchAction","target":{"@type":"EntryPoint","urlTemplate":"https:\/\/vbmcomputer.com\/?s={search_term_string}"},"query-input":"required name=search_term_string"}],"inLanguage":"vi"}]}},"_links":{"self":[{"href":"https:\/\/vbmcomputer.com\/index.php?rest_route=\/wp\/v2\/product\/474"}],"collection":[{"href":"https:\/\/vbmcomputer.com\/index.php?rest_route=\/wp\/v2\/product"}],"about":[{"href":"https:\/\/vbmcomputer.com\/index.php?rest_route=\/wp\/v2\/types\/product"}],"wp:featuredmedia":[{"embeddable":true,"href":"https:\/\/vbmcomputer.com\/index.php?rest_route=\/wp\/v2\/media\/478"}],"wp:attachment":[{"href":"https:\/\/vbmcomputer.com\/index.php?rest_route=%2Fwp%2Fv2%2Fmedia&parent=474"}],"wp:term":[{"taxonomy":"product_cat","embeddable":true,"href":"https:\/\/vbmcomputer.com\/index.php?rest_route=%2Fwp%2Fv2%2Fproduct_cat&post=474"},{"taxonomy":"product_tag","embeddable":true,"href":"https:\/\/vbmcomputer.com\/index.php?rest_route=%2Fwp%2Fv2%2Fproduct_tag&post=474"}],"curies":[{"name":"wp","href":"https:\/\/api.w.org\/{rel}","templated":true}]}}