{"id":468,"date":"2023-03-14T02:22:18","date_gmt":"2023-03-14T02:22:18","guid":{"rendered":"http:\/\/vbmcomputer.com\/?post_type=product&#038;p=468"},"modified":"2023-03-14T02:22:18","modified_gmt":"2023-03-14T02:22:18","slug":"intel-core-i7-10700f-box-chinh-hang","status":"publish","type":"product","link":"https:\/\/vbmcomputer.com\/?product=intel-core-i7-10700f-box-chinh-hang","title":{"rendered":"Intel Core i7-10700F Box Ch\u00ednh H\u00e3ng"},"content":{"rendered":"<p>B\u1ea3o h\u00e0nh 36 th\u00e1ng<\/p>\n<table class=\"table table-bordered table-hover .table-responsive{-sm|-md|-lg|-xl}\" width=\"100%\">\n<tbody>\n<tr>\n<th>CPU Intel Core i7 10700F (2.9GHz turbo 4.8GHz | 8 nh\u00e2n | 16 lu\u1ed3ng | 16MB Cache)<\/th>\n<\/tr>\n<tr>\n<th>Thi\u1ebft y\u1ebfu<\/th>\n<\/tr>\n<tr>\n<td>B\u1ed9 s\u01b0u t\u1eadp s\u1ea3n ph\u1ea9m<\/td>\n<td>B\u00f4\u0323 x\u01b0\u0309 ly\u0301 Intel\u00ae Core\u2122 i7 th\u1ebf h\u1ec7 th\u1ee9 10<\/td>\n<\/tr>\n<tr>\n<td>T\u00ean m\u00e3<\/td>\n<td>Comet Lake tr\u01b0\u1edbc \u0111\u00e2y c\u1ee7a ca\u0301c s\u1ea3n ph\u1ea9m<\/td>\n<\/tr>\n<tr>\n<td>Ph\u00e2n \u0111o\u1ea1n th\u1eb3ng<\/td>\n<td>Desktop<\/td>\n<\/tr>\n<tr>\n<td>S\u00f4\u0301 hi\u00ea\u0323u B\u00f4\u0323 x\u01b0\u0309 ly\u0301<\/td>\n<td>i7-10700F<\/td>\n<\/tr>\n<tr>\n<td>Ti\u0300nh tra\u0323ng<\/td>\n<td>Launched<\/td>\n<\/tr>\n<tr>\n<td>Ng\u00e0y ph\u00e1t h\u00e0nh<\/td>\n<td>Q2&#8217;20<\/td>\n<\/tr>\n<tr>\n<td>Thu\u1eadt in th\u1ea1ch b\u1ea3n<\/td>\n<td>14 nm<\/td>\n<\/tr>\n<tr>\n<td>\u0110i\u1ec1u ki\u1ec7n s\u1eed d\u1ee5ng<\/td>\n<td>PC\/Client\/Tablet<\/td>\n<\/tr>\n<tr>\n<th>Hi\u1ec7u n\u0103ng<\/th>\n<\/tr>\n<tr>\n<td>S\u1ed1 l\u00f5i<\/td>\n<td>8<\/td>\n<\/tr>\n<tr>\n<td>S\u1ed1 lu\u1ed3ng<\/td>\n<td>16<\/td>\n<\/tr>\n<tr>\n<td>T\u1ea7n s\u1ed1 c\u01a1 s\u1edf c\u1ee7a b\u1ed9 x\u1eed l\u00fd<\/td>\n<td>2.90 GHz<\/td>\n<\/tr>\n<tr>\n<td>T\u1ea7n s\u1ed1 turbo t\u1ed1i \u0111a<\/td>\n<td>4.80 GHz<\/td>\n<\/tr>\n<tr>\n<td>B\u00f4\u0323 nh\u01a1\u0301 \u0111\u00ea\u0323m<\/td>\n<td>16 MB Intel\u00ae Smart Cache<\/td>\n<\/tr>\n<tr>\n<td>Bus Speed<\/td>\n<td>8 GT\/s<\/td>\n<\/tr>\n<tr>\n<td>T\u1ea7n S\u1ed1 C\u00f4ng Ngh\u1ec7 Intel\u00ae Turbo Boost Max 3.0<\/td>\n<td>4.80 GHz<\/td>\n<\/tr>\n<tr>\n<td>TDP<\/td>\n<td>65 W<\/td>\n<\/tr>\n<tr>\n<th>Th\u00f4ng tin b\u1ed5 sung<\/th>\n<\/tr>\n<tr>\n<td>C\u00f3 s\u1eb5n T\u00f9y ch\u1ecdn nh\u00fang<\/td>\n<td>Kh\u00f4ng<\/td>\n<\/tr>\n<tr>\n<th>Th\u00f4ng s\u1ed1 b\u1ed9 nh\u1edb<\/th>\n<\/tr>\n<tr>\n<td>Dung l\u01b0\u1ee3ng b\u1ed9 nh\u1edb t\u1ed1i \u0110a (t\u00f9y v\u00e0o lo\u1ea1i b\u1ed9 nh\u1edb)<\/td>\n<td>128 GB<\/td>\n<\/tr>\n<tr>\n<td>Ca\u0301c loa\u0323i b\u00f4\u0323 nh\u01a1\u0301<\/td>\n<td>DDR4-2933<\/td>\n<\/tr>\n<tr>\n<td>S\u1ed1 K\u00eanh B\u1ed9 Nh\u1edb T\u1ed1i \u0110a<\/td>\n<td>2<\/td>\n<\/tr>\n<tr>\n<td>B\u0103ng th\u00f4ng b\u1ed9 nh\u1edb t\u1ed1i \u0111a<\/td>\n<td>45.8 GB\/s<\/td>\n<\/tr>\n<tr>\n<td>H\u1ed7 tr\u1ee3 B\u1ed9 nh\u1edb ECC<\/td>\n<td>Kh\u00f4ng<\/td>\n<\/tr>\n<tr>\n<th>\u0110\u1ed3 h\u1ecda B\u1ed9 x\u1eed l\u00fd<\/th>\n<\/tr>\n<tr>\n<td>\u0110\u1ed3 h\u1ecda b\u1ed9 x\u1eed l\u00fd<\/td>\n<td>N\/A<\/td>\n<\/tr>\n<tr>\n<th>C\u00e1c t\u00f9y ch\u1ecdn m\u1edf r\u1ed9ng<\/th>\n<\/tr>\n<tr>\n<td>Kh\u1ea3 n\u0103ng m\u1edf r\u1ed9ng<\/td>\n<td>1S Only<\/td>\n<\/tr>\n<tr>\n<td>Phi\u00ean b\u1ea3n PCI Express<\/td>\n<td>3.0<\/td>\n<\/tr>\n<tr>\n<td>C\u1ea5u h\u00ecnh PCI Express<\/td>\n<td>Up to 1&#215;16, 2&#215;8, 1&#215;8+2&#215;4<\/td>\n<\/tr>\n<tr>\n<td>S\u1ed1 c\u1ed5ng PCI Express t\u1ed1i \u0111a<\/td>\n<td>16<\/td>\n<\/tr>\n<tr>\n<th>Th\u00f4ng s\u1ed1 g\u00f3i<\/th>\n<\/tr>\n<tr>\n<td>C\u1ea5u h\u00ecnh CPU t\u1ed1i \u0111a<\/td>\n<td>1<\/td>\n<\/tr>\n<tr>\n<td>Th\u00f4ng s\u1ed1 gi\u1ea3i ph\u00e1p Nhi\u1ec7t<\/td>\n<td>PCG 2015C<\/td>\n<\/tr>\n<tr>\n<td>TJUNCTION<\/td>\n<td>100\u00b0C<\/td>\n<\/tr>\n<tr>\n<td>K\u00edch th\u01b0\u1edbc g\u00f3i<\/td>\n<td>37.5mm x 37.5mm<\/td>\n<\/tr>\n<tr>\n<th>C\u00e1c c\u00f4ng ngh\u1ec7 ti\u00ean ti\u1ebfn<\/th>\n<\/tr>\n<tr>\n<td>H\u1ed7 tr\u1ee3 b\u1ed9 nh\u1edb Intel\u00ae Optane\u2122<\/td>\n<td>C\u00f3<\/td>\n<\/tr>\n<tr>\n<td>Intel\u00ae Thermal Velocity Boost<\/td>\n<td>Kh\u00f4ng<\/td>\n<\/tr>\n<tr>\n<td>C\u00f4ng Ngh\u1ec7 Intel\u00ae Turbo Boost Max 3.0<\/td>\n<td>C\u00f3<\/td>\n<\/tr>\n<tr>\n<td>C\u00f4ng ngh\u1ec7 Intel\u00ae Turbo Boost<\/td>\n<td>2.0<\/td>\n<\/tr>\n<tr>\n<td>\u0110i\u1ec1u ki\u1ec7n h\u1ee3p l\u1ec7 n\u1ec1n t\u1ea3ng Intel\u00ae vPro\u2122<\/td>\n<td>Kh\u00f4ng<\/td>\n<\/tr>\n<tr>\n<td>C\u00f4ng ngh\u1ec7 si\u00eau Ph\u00e2n lu\u1ed3ng Intel\u00ae<\/td>\n<td>C\u00f3<\/td>\n<\/tr>\n<tr>\n<td>C\u00f4ng ngh\u1ec7 \u1ea3o h\u00f3a Intel\u00ae (VT-x)<\/td>\n<td>C\u00f3<\/td>\n<\/tr>\n<tr>\n<td>C\u00f4ng ngh\u1ec7 \u1ea3o h\u00f3a Intel\u00ae cho nh\u1eadp\/xu\u1ea5t \u0111\u01b0\u1ee3c h\u01b0\u1edbng v\u00e0o (VT-d)<\/td>\n<td>C\u00f3<\/td>\n<\/tr>\n<tr>\n<td>Intel\u00ae VT-x v\u1edbi b\u1ea3ng trang m\u1edf r\u1ed9ng<\/td>\n<td>C\u00f3<\/td>\n<\/tr>\n<tr>\n<td>Intel\u00ae TSX-NI<\/td>\n<td>Kh\u00f4ng<\/td>\n<\/tr>\n<tr>\n<td>Intel\u00ae 64<\/td>\n<td>C\u00f3<\/td>\n<\/tr>\n<tr>\n<td>B\u1ed9 h\u01b0\u1edbng d\u1eabn<\/td>\n<td>64-bit<\/td>\n<\/tr>\n<tr>\n<td>Ph\u1ea7n m\u1edf r\u1ed9ng b\u1ed9 h\u01b0\u1edbng d\u1eabn<\/td>\n<td>Intel\u00ae SSE4.1, Intel\u00ae SSE4.2, Intel\u00ae AVX2<\/td>\n<\/tr>\n<tr>\n<td>Tr\u1ea1ng th\u00e1i ch\u1ea1y kh\u00f4ng<\/td>\n<td>C\u00f3<\/td>\n<\/tr>\n<tr>\n<td>C\u00f4ng ngh\u1ec7 Intel SpeedStep\u00ae n\u00e2ng cao<\/td>\n<td>C\u00f3<\/td>\n<\/tr>\n<tr>\n<td>C\u00f4ng ngh\u1ec7 theo d\u00f5i nhi\u1ec7t<\/td>\n<td>C\u00f3<\/td>\n<\/tr>\n<tr>\n<td>C\u00f4ng ngh\u1ec7 b\u1ea3o v\u1ec7 danh t\u00ednh Intel\u00ae<\/td>\n<td>C\u00f3<\/td>\n<\/tr>\n<tr>\n<td>Ch\u01b0\u01a1ng tr\u00ecnh n\u1ec1n \u1ea3nh c\u1ed1 \u0111\u1ecbnh Intel\u00ae (SIPP)<\/td>\n<td>Kh\u00f4ng<\/td>\n<\/tr>\n<tr>\n<th>B\u1ea3o m\u1eadt &amp; \u0111\u1ed9 tin c\u1eady<\/th>\n<\/tr>\n<tr>\n<td>Intel\u00ae AES New Instructions<\/td>\n<td>C\u00f3<\/td>\n<\/tr>\n<tr>\n<td>Kh\u00f3a b\u1ea3o m\u1eadt<\/td>\n<td>C\u00f3<\/td>\n<\/tr>\n<tr>\n<td>M\u1edf R\u1ed9ng B\u1ea3o V\u1ec7 Ph\u1ea7n M\u1ec1m Intel\u00ae (Intel\u00ae SGX)<\/td>\n<td>Yes with Intel\u00ae ME<\/td>\n<\/tr>\n<tr>\n<td>Intel\u00ae OS Guard<\/td>\n<td>C\u00f3<\/td>\n<\/tr>\n<tr>\n<td>C\u00f4ng ngh\u1ec7 Intel\u00ae Trusted Execution<\/td>\n<td>Kh\u00f4ng<\/td>\n<\/tr>\n<tr>\n<td>Bit v\u00f4 hi\u1ec7u ho\u00e1 th\u1ef1c thi<\/td>\n<td>C\u00f3<\/td>\n<\/tr>\n<tr>\n<td>Intel\u00ae Boot Guard<\/td>\n<td>C\u00f3<\/td>\n<\/tr>\n<\/tbody>\n<\/table>\n","protected":false},"excerpt":{"rendered":"<p>B\u1ea3o h\u00e0nh 36 th\u00e1ng CPU Intel Core i7 10700F (2.9GHz turbo 4.8GHz | 8 nh\u00e2n | 16 lu\u1ed3ng | 16MB Cache) Thi\u1ebft y\u1ebfu B\u1ed9 s\u01b0u t\u1eadp s\u1ea3n ph\u1ea9m B\u00f4\u0323 x\u01b0\u0309 ly\u0301 Intel\u00ae Core\u2122 i7 th\u1ebf h\u1ec7 th\u1ee9 10 T\u00ean m\u00e3 Comet Lake tr\u01b0\u1edbc \u0111\u00e2y c\u1ee7a ca\u0301c s\u1ea3n ph\u1ea9m Ph\u00e2n \u0111o\u1ea1n th\u1eb3ng Desktop S\u00f4\u0301 hi\u00ea\u0323u B\u00f4\u0323&#8230;<\/p>\n","protected":false},"featured_media":469,"template":"","meta":[],"product_cat":[28],"product_tag":[],"yoast_head":"<!-- This site is optimized with the Yoast SEO plugin v20.5 - https:\/\/yoast.com\/wordpress\/plugins\/seo\/ -->\n<title>Intel Core i7-10700F Box Ch\u00ednh H\u00e3ng - http:\/\/vbmcomputer.com<\/title>\n<meta name=\"robots\" content=\"index, follow, max-snippet:-1, max-image-preview:large, max-video-preview:-1\" \/>\n<link rel=\"canonical\" href=\"https:\/\/vbmcomputer.com\/?product=intel-core-i7-10700f-box-chinh-hang\" \/>\n<meta property=\"og:locale\" content=\"vi_VN\" \/>\n<meta property=\"og:type\" content=\"article\" \/>\n<meta property=\"og:title\" content=\"Intel Core i7-10700F Box Ch\u00ednh H\u00e3ng - http:\/\/vbmcomputer.com\" \/>\n<meta property=\"og:description\" content=\"B\u1ea3o h\u00e0nh 36 th\u00e1ng CPU Intel Core i7 10700F (2.9GHz turbo 4.8GHz | 8 nh\u00e2n | 16 lu\u1ed3ng | 16MB Cache) Thi\u1ebft y\u1ebfu B\u1ed9 s\u01b0u t\u1eadp s\u1ea3n ph\u1ea9m B\u00f4\u0323 x\u01b0\u0309 ly\u0301 Intel\u00ae Core\u2122 i7 th\u1ebf h\u1ec7 th\u1ee9 10 T\u00ean m\u00e3 Comet Lake tr\u01b0\u1edbc \u0111\u00e2y c\u1ee7a ca\u0301c s\u1ea3n ph\u1ea9m Ph\u00e2n \u0111o\u1ea1n th\u1eb3ng Desktop S\u00f4\u0301 hi\u00ea\u0323u B\u00f4\u0323...\" \/>\n<meta property=\"og:url\" content=\"https:\/\/vbmcomputer.com\/?product=intel-core-i7-10700f-box-chinh-hang\" \/>\n<meta property=\"og:site_name\" content=\"http:\/\/vbmcomputer.com\" \/>\n<meta property=\"og:image\" content=\"https:\/\/vbmcomputer.com\/wp-content\/uploads\/2023\/03\/14285_52656_intel_core_i7_10700.jpg\" \/>\n\t<meta property=\"og:image:width\" content=\"850\" \/>\n\t<meta property=\"og:image:height\" content=\"850\" \/>\n\t<meta property=\"og:image:type\" content=\"image\/jpeg\" \/>\n<meta name=\"twitter:card\" content=\"summary_large_image\" \/>\n<meta name=\"twitter:label1\" content=\"Est. reading time\" \/>\n\t<meta name=\"twitter:data1\" content=\"3 ph\u00fat\" \/>\n<script type=\"application\/ld+json\" class=\"yoast-schema-graph\">{\"@context\":\"https:\/\/schema.org\",\"@graph\":[{\"@type\":\"WebPage\",\"@id\":\"https:\/\/vbmcomputer.com\/?product=intel-core-i7-10700f-box-chinh-hang\",\"url\":\"https:\/\/vbmcomputer.com\/?product=intel-core-i7-10700f-box-chinh-hang\",\"name\":\"Intel Core i7-10700F Box Ch\u00ednh H\u00e3ng - http:\/\/vbmcomputer.com\",\"isPartOf\":{\"@id\":\"https:\/\/vbmcomputer.com\/#website\"},\"datePublished\":\"2023-03-14T02:22:18+00:00\",\"dateModified\":\"2023-03-14T02:22:18+00:00\",\"breadcrumb\":{\"@id\":\"https:\/\/vbmcomputer.com\/?product=intel-core-i7-10700f-box-chinh-hang#breadcrumb\"},\"inLanguage\":\"vi\",\"potentialAction\":[{\"@type\":\"ReadAction\",\"target\":[\"https:\/\/vbmcomputer.com\/?product=intel-core-i7-10700f-box-chinh-hang\"]}]},{\"@type\":\"BreadcrumbList\",\"@id\":\"https:\/\/vbmcomputer.com\/?product=intel-core-i7-10700f-box-chinh-hang#breadcrumb\",\"itemListElement\":[{\"@type\":\"ListItem\",\"position\":1,\"name\":\"Home\",\"item\":\"https:\/\/vbmcomputer.com\/\"},{\"@type\":\"ListItem\",\"position\":2,\"name\":\"S\u1ea3n Ph\u1ea9m\",\"item\":\"http:\/\/vbmcomputer.com\/?page_id=6\"},{\"@type\":\"ListItem\",\"position\":3,\"name\":\"Intel Core i7-10700F Box Ch\u00ednh H\u00e3ng\"}]},{\"@type\":\"WebSite\",\"@id\":\"https:\/\/vbmcomputer.com\/#website\",\"url\":\"https:\/\/vbmcomputer.com\/\",\"name\":\"http:\/\/vbmcomputer.com\",\"description\":\"C\u00f4ng Ty TNHH TM Tin H\u1ecdc Vi\u1ec7t Nam\",\"potentialAction\":[{\"@type\":\"SearchAction\",\"target\":{\"@type\":\"EntryPoint\",\"urlTemplate\":\"https:\/\/vbmcomputer.com\/?s={search_term_string}\"},\"query-input\":\"required name=search_term_string\"}],\"inLanguage\":\"vi\"}]}<\/script>\n<!-- \/ Yoast SEO plugin. -->","yoast_head_json":{"title":"Intel Core i7-10700F Box Ch\u00ednh H\u00e3ng - http:\/\/vbmcomputer.com","robots":{"index":"index","follow":"follow","max-snippet":"max-snippet:-1","max-image-preview":"max-image-preview:large","max-video-preview":"max-video-preview:-1"},"canonical":"https:\/\/vbmcomputer.com\/?product=intel-core-i7-10700f-box-chinh-hang","og_locale":"vi_VN","og_type":"article","og_title":"Intel Core i7-10700F Box Ch\u00ednh H\u00e3ng - http:\/\/vbmcomputer.com","og_description":"B\u1ea3o h\u00e0nh 36 th\u00e1ng CPU Intel Core i7 10700F (2.9GHz turbo 4.8GHz | 8 nh\u00e2n | 16 lu\u1ed3ng | 16MB Cache) Thi\u1ebft y\u1ebfu B\u1ed9 s\u01b0u t\u1eadp s\u1ea3n ph\u1ea9m B\u00f4\u0323 x\u01b0\u0309 ly\u0301 Intel\u00ae Core\u2122 i7 th\u1ebf h\u1ec7 th\u1ee9 10 T\u00ean m\u00e3 Comet Lake tr\u01b0\u1edbc \u0111\u00e2y c\u1ee7a ca\u0301c s\u1ea3n ph\u1ea9m Ph\u00e2n \u0111o\u1ea1n th\u1eb3ng Desktop S\u00f4\u0301 hi\u00ea\u0323u B\u00f4\u0323...","og_url":"https:\/\/vbmcomputer.com\/?product=intel-core-i7-10700f-box-chinh-hang","og_site_name":"http:\/\/vbmcomputer.com","og_image":[{"width":850,"height":850,"url":"https:\/\/vbmcomputer.com\/wp-content\/uploads\/2023\/03\/14285_52656_intel_core_i7_10700.jpg","type":"image\/jpeg"}],"twitter_card":"summary_large_image","twitter_misc":{"Est. reading time":"3 ph\u00fat"},"schema":{"@context":"https:\/\/schema.org","@graph":[{"@type":"WebPage","@id":"https:\/\/vbmcomputer.com\/?product=intel-core-i7-10700f-box-chinh-hang","url":"https:\/\/vbmcomputer.com\/?product=intel-core-i7-10700f-box-chinh-hang","name":"Intel Core i7-10700F Box Ch\u00ednh H\u00e3ng - http:\/\/vbmcomputer.com","isPartOf":{"@id":"https:\/\/vbmcomputer.com\/#website"},"datePublished":"2023-03-14T02:22:18+00:00","dateModified":"2023-03-14T02:22:18+00:00","breadcrumb":{"@id":"https:\/\/vbmcomputer.com\/?product=intel-core-i7-10700f-box-chinh-hang#breadcrumb"},"inLanguage":"vi","potentialAction":[{"@type":"ReadAction","target":["https:\/\/vbmcomputer.com\/?product=intel-core-i7-10700f-box-chinh-hang"]}]},{"@type":"BreadcrumbList","@id":"https:\/\/vbmcomputer.com\/?product=intel-core-i7-10700f-box-chinh-hang#breadcrumb","itemListElement":[{"@type":"ListItem","position":1,"name":"Home","item":"https:\/\/vbmcomputer.com\/"},{"@type":"ListItem","position":2,"name":"S\u1ea3n Ph\u1ea9m","item":"http:\/\/vbmcomputer.com\/?page_id=6"},{"@type":"ListItem","position":3,"name":"Intel Core i7-10700F Box Ch\u00ednh H\u00e3ng"}]},{"@type":"WebSite","@id":"https:\/\/vbmcomputer.com\/#website","url":"https:\/\/vbmcomputer.com\/","name":"http:\/\/vbmcomputer.com","description":"C\u00f4ng Ty TNHH TM Tin H\u1ecdc Vi\u1ec7t Nam","potentialAction":[{"@type":"SearchAction","target":{"@type":"EntryPoint","urlTemplate":"https:\/\/vbmcomputer.com\/?s={search_term_string}"},"query-input":"required name=search_term_string"}],"inLanguage":"vi"}]}},"_links":{"self":[{"href":"https:\/\/vbmcomputer.com\/index.php?rest_route=\/wp\/v2\/product\/468"}],"collection":[{"href":"https:\/\/vbmcomputer.com\/index.php?rest_route=\/wp\/v2\/product"}],"about":[{"href":"https:\/\/vbmcomputer.com\/index.php?rest_route=\/wp\/v2\/types\/product"}],"wp:featuredmedia":[{"embeddable":true,"href":"https:\/\/vbmcomputer.com\/index.php?rest_route=\/wp\/v2\/media\/469"}],"wp:attachment":[{"href":"https:\/\/vbmcomputer.com\/index.php?rest_route=%2Fwp%2Fv2%2Fmedia&parent=468"}],"wp:term":[{"taxonomy":"product_cat","embeddable":true,"href":"https:\/\/vbmcomputer.com\/index.php?rest_route=%2Fwp%2Fv2%2Fproduct_cat&post=468"},{"taxonomy":"product_tag","embeddable":true,"href":"https:\/\/vbmcomputer.com\/index.php?rest_route=%2Fwp%2Fv2%2Fproduct_tag&post=468"}],"curies":[{"name":"wp","href":"https:\/\/api.w.org\/{rel}","templated":true}]}}