{"id":455,"date":"2023-03-13T09:25:47","date_gmt":"2023-03-13T09:25:47","guid":{"rendered":"http:\/\/vbmcomputer.com\/?post_type=product&#038;p=455"},"modified":"2023-03-13T09:25:47","modified_gmt":"2023-03-13T09:25:47","slug":"intel-core-i5-11400-box-chinh-hang","status":"publish","type":"product","link":"https:\/\/vbmcomputer.com\/?product=intel-core-i5-11400-box-chinh-hang","title":{"rendered":"Intel Core i5-11400 Box Ch\u00ednh H\u00e3ng"},"content":{"rendered":"<p>B\u1ea3o h\u00e0nh 36 th\u00e1ng<\/p>\n<table>\n<tbody>\n<tr>\n<td colspan=\"2\"><strong>TH\u00d4NG S\u1ed0 C\u01a0 B\u1ea2N<\/strong><\/td>\n<\/tr>\n<tr>\n<td>Th\u01b0\u01a1ng hi\u1ec7u<\/td>\n<td>Intel<\/td>\n<\/tr>\n<tr>\n<td>Lo\u1ea1i CPU<\/td>\n<td>D\u00e0nh cho m\u00e1y b\u00e0n<\/td>\n<\/tr>\n<tr>\n<td>Th\u1ebf h\u1ec7<\/td>\n<td>Core i5 Th\u1ebf h\u1ec7 th\u1ee9 11<\/td>\n<\/tr>\n<tr>\n<td>T\u00ean g\u1ecdi<\/td>\n<td>Core i5-11400<\/td>\n<\/tr>\n<tr>\n<td colspan=\"2\">CHI TI\u1ebeT<\/td>\n<\/tr>\n<tr>\n<td>Socket<\/td>\n<td>LGA 1200<\/td>\n<\/tr>\n<tr>\n<td>T\u00ean th\u1ebf h\u1ec7<\/td>\n<td>\n<p>Rocket Lake<\/td>\n<\/tr>\n<tr>\n<td>S\u1ed1 nh\u00e2n<\/td>\n<td>6<\/td>\n<\/tr>\n<tr>\n<td>S\u1ed1 lu\u1ed3ng<\/td>\n<td>12<\/td>\n<\/tr>\n<tr>\n<td>T\u1ed1c \u0111\u1ed9 c\u01a1 b\u1ea3n<\/td>\n<td>2.6 GHz<\/td>\n<\/tr>\n<tr>\n<td>T\u1ed1c \u0111\u1ed9 t\u1ed1i \u0111a<\/td>\n<td>4.4 GHz<\/td>\n<\/tr>\n<tr>\n<td>Cache<\/td>\n<td>12MB<\/td>\n<\/tr>\n<tr>\n<td>Ti\u1ebfn tr\u00ecnh s\u1ea3n xu\u1ea5t<\/td>\n<td>14nm<\/td>\n<\/tr>\n<tr>\n<td>H\u1ed7 tr\u1ee3 64-bit<\/td>\n<td>C\u00f3<\/td>\n<\/tr>\n<tr>\n<td>H\u1ed7 tr\u1ee3 Si\u00eau ph\u00e2n lu\u1ed3ng<\/td>\n<td>Kh\u00f4ng<\/td>\n<\/tr>\n<tr>\n<td>H\u1ed7 tr\u1ee3 b\u1ed9 nh\u1edb<\/td>\n<td>DDR4 3200 MHz<\/td>\n<\/tr>\n<tr>\n<td>H\u1ed7 tr\u1ee3 s\u1ed1 k\u00eanh b\u1ed9 nh\u1edb<\/td>\n<td>2<\/td>\n<\/tr>\n<tr>\n<td>H\u1ed7 tr\u1ee3 c\u00f4ng ngh\u1ec7 \u1ea3o h\u00f3a<\/td>\n<td>C\u00f3<\/td>\n<\/tr>\n<tr>\n<td>Nh\u00e2n \u0111\u1ed3 h\u1ecda t\u00edch h\u1ee3p<\/td>\n<td>Intel UHD Graphics 730<\/td>\n<\/tr>\n<tr>\n<td>T\u1ed1c \u0111\u1ed9 GPU t\u00edch h\u1ee3p c\u01a1 b\u1ea3n<\/td>\n<td>350 MHz<\/td>\n<\/tr>\n<tr>\n<td>T\u1ed1c \u0111\u1ed9 GPU t\u00edch h\u1ee3p t\u1ed1i \u0111a<\/td>\n<td>1.3 GHz<\/td>\n<\/tr>\n<tr>\n<td>Phi\u00ean b\u1ea3n PCI Express<\/td>\n<td>4.0<\/td>\n<\/tr>\n<tr>\n<td>S\u1ed1 lane PCI Express<\/td>\n<td>20<\/td>\n<\/tr>\n<tr>\n<td>TDP<\/td>\n<td>65W<\/td>\n<\/tr>\n<tr>\n<td>T\u1ea3n nhi\u1ec7t<\/td>\n<td>M\u1eb7c \u0111\u1ecbnh \u0111i k\u00e8m<\/td>\n<\/tr>\n<\/tbody>\n<\/table>\n","protected":false},"excerpt":{"rendered":"<p>B\u1ea3o h\u00e0nh 36 th\u00e1ng TH\u00d4NG S\u1ed0 C\u01a0 B\u1ea2N Th\u01b0\u01a1ng hi\u1ec7u Intel Lo\u1ea1i CPU D\u00e0nh cho m\u00e1y b\u00e0n Th\u1ebf h\u1ec7 Core i5 Th\u1ebf h\u1ec7 th\u1ee9 11 T\u00ean g\u1ecdi Core i5-11400 CHI TI\u1ebeT Socket LGA 1200 T\u00ean th\u1ebf h\u1ec7 Rocket Lake S\u1ed1 nh\u00e2n 6 S\u1ed1 lu\u1ed3ng 12 T\u1ed1c \u0111\u1ed9 c\u01a1 b\u1ea3n 2.6 GHz T\u1ed1c \u0111\u1ed9 t\u1ed1i \u0111a&#8230;<\/p>\n","protected":false},"featured_media":456,"template":"","meta":[],"product_cat":[28],"product_tag":[],"yoast_head":"<!-- This site is optimized with the Yoast SEO plugin v20.5 - https:\/\/yoast.com\/wordpress\/plugins\/seo\/ -->\n<title>Intel Core i5-11400 Box Ch\u00ednh H\u00e3ng - http:\/\/vbmcomputer.com<\/title>\n<meta name=\"robots\" content=\"index, follow, max-snippet:-1, max-image-preview:large, max-video-preview:-1\" \/>\n<link rel=\"canonical\" href=\"https:\/\/vbmcomputer.com\/?product=intel-core-i5-11400-box-chinh-hang\" \/>\n<meta property=\"og:locale\" content=\"vi_VN\" \/>\n<meta property=\"og:type\" content=\"article\" \/>\n<meta property=\"og:title\" content=\"Intel Core i5-11400 Box Ch\u00ednh H\u00e3ng - http:\/\/vbmcomputer.com\" \/>\n<meta property=\"og:description\" content=\"B\u1ea3o h\u00e0nh 36 th\u00e1ng TH\u00d4NG S\u1ed0 C\u01a0 B\u1ea2N Th\u01b0\u01a1ng hi\u1ec7u Intel Lo\u1ea1i CPU D\u00e0nh cho m\u00e1y b\u00e0n Th\u1ebf h\u1ec7 Core i5 Th\u1ebf h\u1ec7 th\u1ee9 11 T\u00ean g\u1ecdi Core i5-11400 CHI TI\u1ebeT Socket LGA 1200 T\u00ean th\u1ebf h\u1ec7 Rocket Lake S\u1ed1 nh\u00e2n 6 S\u1ed1 lu\u1ed3ng 12 T\u1ed1c \u0111\u1ed9 c\u01a1 b\u1ea3n 2.6 GHz T\u1ed1c \u0111\u1ed9 t\u1ed1i \u0111a...\" \/>\n<meta property=\"og:url\" content=\"https:\/\/vbmcomputer.com\/?product=intel-core-i5-11400-box-chinh-hang\" \/>\n<meta property=\"og:site_name\" content=\"http:\/\/vbmcomputer.com\" \/>\n<meta property=\"og:image\" content=\"https:\/\/vbmcomputer.com\/wp-content\/uploads\/2023\/03\/15556_58402_cpu_intel_core_i5_11400_2_6ghz_turbo_up_to_4_4ghz_6_nhan_12_luong_12mb_cache_65w_socket_intel_lga_1200_1.jpg\" \/>\n\t<meta property=\"og:image:width\" content=\"850\" \/>\n\t<meta property=\"og:image:height\" content=\"850\" \/>\n\t<meta property=\"og:image:type\" content=\"image\/jpeg\" \/>\n<meta name=\"twitter:card\" content=\"summary_large_image\" \/>\n<meta name=\"twitter:label1\" content=\"Est. reading time\" \/>\n\t<meta name=\"twitter:data1\" content=\"1 ph\u00fat\" \/>\n<script type=\"application\/ld+json\" class=\"yoast-schema-graph\">{\"@context\":\"https:\/\/schema.org\",\"@graph\":[{\"@type\":\"WebPage\",\"@id\":\"https:\/\/vbmcomputer.com\/?product=intel-core-i5-11400-box-chinh-hang\",\"url\":\"https:\/\/vbmcomputer.com\/?product=intel-core-i5-11400-box-chinh-hang\",\"name\":\"Intel Core i5-11400 Box Ch\u00ednh H\u00e3ng - http:\/\/vbmcomputer.com\",\"isPartOf\":{\"@id\":\"https:\/\/vbmcomputer.com\/#website\"},\"datePublished\":\"2023-03-13T09:25:47+00:00\",\"dateModified\":\"2023-03-13T09:25:47+00:00\",\"breadcrumb\":{\"@id\":\"https:\/\/vbmcomputer.com\/?product=intel-core-i5-11400-box-chinh-hang#breadcrumb\"},\"inLanguage\":\"vi\",\"potentialAction\":[{\"@type\":\"ReadAction\",\"target\":[\"https:\/\/vbmcomputer.com\/?product=intel-core-i5-11400-box-chinh-hang\"]}]},{\"@type\":\"BreadcrumbList\",\"@id\":\"https:\/\/vbmcomputer.com\/?product=intel-core-i5-11400-box-chinh-hang#breadcrumb\",\"itemListElement\":[{\"@type\":\"ListItem\",\"position\":1,\"name\":\"Home\",\"item\":\"https:\/\/vbmcomputer.com\/\"},{\"@type\":\"ListItem\",\"position\":2,\"name\":\"S\u1ea3n Ph\u1ea9m\",\"item\":\"http:\/\/vbmcomputer.com\/?page_id=6\"},{\"@type\":\"ListItem\",\"position\":3,\"name\":\"Intel Core i5-11400 Box Ch\u00ednh H\u00e3ng\"}]},{\"@type\":\"WebSite\",\"@id\":\"https:\/\/vbmcomputer.com\/#website\",\"url\":\"https:\/\/vbmcomputer.com\/\",\"name\":\"http:\/\/vbmcomputer.com\",\"description\":\"C\u00f4ng Ty TNHH TM Tin H\u1ecdc Vi\u1ec7t Nam\",\"potentialAction\":[{\"@type\":\"SearchAction\",\"target\":{\"@type\":\"EntryPoint\",\"urlTemplate\":\"https:\/\/vbmcomputer.com\/?s={search_term_string}\"},\"query-input\":\"required name=search_term_string\"}],\"inLanguage\":\"vi\"}]}<\/script>\n<!-- \/ Yoast SEO plugin. -->","yoast_head_json":{"title":"Intel Core i5-11400 Box Ch\u00ednh H\u00e3ng - http:\/\/vbmcomputer.com","robots":{"index":"index","follow":"follow","max-snippet":"max-snippet:-1","max-image-preview":"max-image-preview:large","max-video-preview":"max-video-preview:-1"},"canonical":"https:\/\/vbmcomputer.com\/?product=intel-core-i5-11400-box-chinh-hang","og_locale":"vi_VN","og_type":"article","og_title":"Intel Core i5-11400 Box Ch\u00ednh H\u00e3ng - http:\/\/vbmcomputer.com","og_description":"B\u1ea3o h\u00e0nh 36 th\u00e1ng TH\u00d4NG S\u1ed0 C\u01a0 B\u1ea2N Th\u01b0\u01a1ng hi\u1ec7u Intel Lo\u1ea1i CPU D\u00e0nh cho m\u00e1y b\u00e0n Th\u1ebf h\u1ec7 Core i5 Th\u1ebf h\u1ec7 th\u1ee9 11 T\u00ean g\u1ecdi Core i5-11400 CHI TI\u1ebeT Socket LGA 1200 T\u00ean th\u1ebf h\u1ec7 Rocket Lake S\u1ed1 nh\u00e2n 6 S\u1ed1 lu\u1ed3ng 12 T\u1ed1c \u0111\u1ed9 c\u01a1 b\u1ea3n 2.6 GHz T\u1ed1c \u0111\u1ed9 t\u1ed1i \u0111a...","og_url":"https:\/\/vbmcomputer.com\/?product=intel-core-i5-11400-box-chinh-hang","og_site_name":"http:\/\/vbmcomputer.com","og_image":[{"width":850,"height":850,"url":"https:\/\/vbmcomputer.com\/wp-content\/uploads\/2023\/03\/15556_58402_cpu_intel_core_i5_11400_2_6ghz_turbo_up_to_4_4ghz_6_nhan_12_luong_12mb_cache_65w_socket_intel_lga_1200_1.jpg","type":"image\/jpeg"}],"twitter_card":"summary_large_image","twitter_misc":{"Est. reading time":"1 ph\u00fat"},"schema":{"@context":"https:\/\/schema.org","@graph":[{"@type":"WebPage","@id":"https:\/\/vbmcomputer.com\/?product=intel-core-i5-11400-box-chinh-hang","url":"https:\/\/vbmcomputer.com\/?product=intel-core-i5-11400-box-chinh-hang","name":"Intel Core i5-11400 Box Ch\u00ednh H\u00e3ng - http:\/\/vbmcomputer.com","isPartOf":{"@id":"https:\/\/vbmcomputer.com\/#website"},"datePublished":"2023-03-13T09:25:47+00:00","dateModified":"2023-03-13T09:25:47+00:00","breadcrumb":{"@id":"https:\/\/vbmcomputer.com\/?product=intel-core-i5-11400-box-chinh-hang#breadcrumb"},"inLanguage":"vi","potentialAction":[{"@type":"ReadAction","target":["https:\/\/vbmcomputer.com\/?product=intel-core-i5-11400-box-chinh-hang"]}]},{"@type":"BreadcrumbList","@id":"https:\/\/vbmcomputer.com\/?product=intel-core-i5-11400-box-chinh-hang#breadcrumb","itemListElement":[{"@type":"ListItem","position":1,"name":"Home","item":"https:\/\/vbmcomputer.com\/"},{"@type":"ListItem","position":2,"name":"S\u1ea3n Ph\u1ea9m","item":"http:\/\/vbmcomputer.com\/?page_id=6"},{"@type":"ListItem","position":3,"name":"Intel Core i5-11400 Box Ch\u00ednh H\u00e3ng"}]},{"@type":"WebSite","@id":"https:\/\/vbmcomputer.com\/#website","url":"https:\/\/vbmcomputer.com\/","name":"http:\/\/vbmcomputer.com","description":"C\u00f4ng Ty TNHH TM Tin H\u1ecdc Vi\u1ec7t Nam","potentialAction":[{"@type":"SearchAction","target":{"@type":"EntryPoint","urlTemplate":"https:\/\/vbmcomputer.com\/?s={search_term_string}"},"query-input":"required name=search_term_string"}],"inLanguage":"vi"}]}},"_links":{"self":[{"href":"https:\/\/vbmcomputer.com\/index.php?rest_route=\/wp\/v2\/product\/455"}],"collection":[{"href":"https:\/\/vbmcomputer.com\/index.php?rest_route=\/wp\/v2\/product"}],"about":[{"href":"https:\/\/vbmcomputer.com\/index.php?rest_route=\/wp\/v2\/types\/product"}],"wp:featuredmedia":[{"embeddable":true,"href":"https:\/\/vbmcomputer.com\/index.php?rest_route=\/wp\/v2\/media\/456"}],"wp:attachment":[{"href":"https:\/\/vbmcomputer.com\/index.php?rest_route=%2Fwp%2Fv2%2Fmedia&parent=455"}],"wp:term":[{"taxonomy":"product_cat","embeddable":true,"href":"https:\/\/vbmcomputer.com\/index.php?rest_route=%2Fwp%2Fv2%2Fproduct_cat&post=455"},{"taxonomy":"product_tag","embeddable":true,"href":"https:\/\/vbmcomputer.com\/index.php?rest_route=%2Fwp%2Fv2%2Fproduct_tag&post=455"}],"curies":[{"name":"wp","href":"https:\/\/api.w.org\/{rel}","templated":true}]}}