{"id":447,"date":"2023-03-13T08:18:30","date_gmt":"2023-03-13T08:18:30","guid":{"rendered":"http:\/\/vbmcomputer.com\/?post_type=product&#038;p=447"},"modified":"2023-03-13T08:19:14","modified_gmt":"2023-03-13T08:19:14","slug":"intel-core-i3-10105-box-chinh-hang","status":"publish","type":"product","link":"https:\/\/vbmcomputer.com\/?product=intel-core-i3-10105-box-chinh-hang","title":{"rendered":"Intel Core I3-10105 Box Ch\u00ednh H\u00e3ng"},"content":{"rendered":"<p>B\u1ea3o h\u00e0nh 36 th\u00e1ng<\/p>\n<table>\n<tbody>\n<tr>\n<td><strong>Th\u01b0\u01a1ng hi\u1ec7u<\/strong><\/td>\n<td>Intel<\/td>\n<\/tr>\n<tr>\n<td><strong>Lo\u1ea1i CPU<\/strong><\/td>\n<td><u>CPU \u2013 B\u1ed9 Vi X\u1eed L\u00fd<\/u>\u00a0D\u00e0nh cho m\u00e1y b\u00e0n<\/td>\n<\/tr>\n<tr>\n<td><strong>Th\u1ebf h\u1ec7<\/strong><\/td>\n<td>Core i3 Th\u1ebf h\u1ec7 th\u1ee9 10<\/td>\n<\/tr>\n<tr>\n<td><strong>T\u00ean g\u1ecdi<\/strong><\/td>\n<td>Core i3 10105<\/td>\n<\/tr>\n<tr>\n<td colspan=\"2\"><strong>CHI TI\u1ebeT<\/strong><\/td>\n<\/tr>\n<tr>\n<td><strong>Socket<\/strong><\/td>\n<td>LGA 1200<\/td>\n<\/tr>\n<tr>\n<td><strong>T\u00ean th\u1ebf h\u1ec7<\/strong><\/td>\n<td>Comet Lake<\/td>\n<\/tr>\n<tr>\n<td><strong>S\u1ed1 nh\u00e2n<\/strong><\/td>\n<td>4<\/td>\n<\/tr>\n<tr>\n<td><strong>S\u1ed1 lu\u1ed3ng<\/strong><\/td>\n<td>8<\/td>\n<\/tr>\n<tr>\n<td><strong>T\u1ed1c \u0111\u1ed9 c\u01a1 b\u1ea3n<\/strong><\/td>\n<td>3.70 GHz<\/td>\n<\/tr>\n<tr>\n<td><strong>T\u1ed1c \u0111\u1ed9 t\u1ed1i \u0111a<\/strong><\/td>\n<td>4.40 GHz<\/td>\n<\/tr>\n<tr>\n<td><strong>B\u1ed9 nh\u1edb \u0111\u1ec7m<\/strong><\/td>\n<td>6 MB Intel\u00ae Smart Cache<\/td>\n<\/tr>\n<tr>\n<td><strong>Ti\u1ebfn tr\u00ecnh s\u1ea3n xu\u1ea5t<\/strong><\/td>\n<td>14nm<\/td>\n<\/tr>\n<tr>\n<td><strong>H\u1ed7 tr\u1ee3 64-bit<\/strong><\/td>\n<td>C\u00f3<\/td>\n<\/tr>\n<tr>\n<td><strong>H\u1ed7 tr\u1ee3 Si\u00eau ph\u00e2n lu\u1ed3ng<\/strong><\/td>\n<td>C\u00f3<\/td>\n<\/tr>\n<tr>\n<td><strong>H\u1ed7 tr\u1ee3 b\u1ed9 nh\u1edb<\/strong><\/td>\n<td>DDR4 2666 MHz<\/td>\n<\/tr>\n<tr>\n<td><strong>H\u1ed7 tr\u1ee3 s\u1ed1 k\u00eanh b\u1ed9 nh\u1edb<\/strong><\/td>\n<td>2<\/td>\n<\/tr>\n<tr>\n<td><strong>H\u1ed7 tr\u1ee3 c\u00f4ng ngh\u1ec7 \u1ea3o h\u00f3a<\/strong><\/td>\n<td>C\u00f3<\/td>\n<\/tr>\n<tr>\n<td><strong>Nh\u00e2n \u0111\u1ed3 h\u1ecda t\u00edch h\u1ee3p<\/strong><\/td>\n<td>\u00a0Intel\u00ae UHD Graphics 630<\/td>\n<\/tr>\n<tr>\n<td><strong>Phi\u00ean b\u1ea3n PCI Express<\/strong><\/td>\n<td>3.0<\/td>\n<\/tr>\n<tr>\n<td><strong>S\u1ed1 lane PCI Express<\/strong><\/td>\n<td>16<\/td>\n<\/tr>\n<tr>\n<td><strong>TDP<\/strong><\/td>\n<td>65W<\/td>\n<\/tr>\n<\/tbody>\n<\/table>\n","protected":false},"excerpt":{"rendered":"<p>B\u1ea3o h\u00e0nh 36 th\u00e1ng Th\u01b0\u01a1ng hi\u1ec7u Intel Lo\u1ea1i CPU CPU \u2013 B\u1ed9 Vi X\u1eed L\u00fd\u00a0D\u00e0nh cho m\u00e1y b\u00e0n Th\u1ebf h\u1ec7 Core i3 Th\u1ebf h\u1ec7 th\u1ee9 10 T\u00ean g\u1ecdi Core i3 10105 CHI TI\u1ebeT Socket LGA 1200 T\u00ean th\u1ebf h\u1ec7 Comet Lake S\u1ed1 nh\u00e2n 4 S\u1ed1 lu\u1ed3ng 8 T\u1ed1c \u0111\u1ed9 c\u01a1 b\u1ea3n 3.70 GHz T\u1ed1c \u0111\u1ed9&#8230;<\/p>\n","protected":false},"featured_media":446,"template":"","meta":[],"product_cat":[28],"product_tag":[],"yoast_head":"<!-- This site is optimized with the Yoast SEO plugin v20.5 - https:\/\/yoast.com\/wordpress\/plugins\/seo\/ -->\n<title>Intel Core I3-10105 Box Ch\u00ednh H\u00e3ng - http:\/\/vbmcomputer.com<\/title>\n<meta name=\"robots\" content=\"index, follow, max-snippet:-1, max-image-preview:large, max-video-preview:-1\" \/>\n<link rel=\"canonical\" href=\"https:\/\/vbmcomputer.com\/?product=intel-core-i3-10105-box-chinh-hang\" \/>\n<meta property=\"og:locale\" content=\"vi_VN\" \/>\n<meta property=\"og:type\" content=\"article\" \/>\n<meta property=\"og:title\" content=\"Intel Core I3-10105 Box Ch\u00ednh H\u00e3ng - http:\/\/vbmcomputer.com\" \/>\n<meta property=\"og:description\" content=\"B\u1ea3o h\u00e0nh 36 th\u00e1ng Th\u01b0\u01a1ng hi\u1ec7u Intel Lo\u1ea1i CPU CPU \u2013 B\u1ed9 Vi X\u1eed L\u00fd\u00a0D\u00e0nh cho m\u00e1y b\u00e0n Th\u1ebf h\u1ec7 Core i3 Th\u1ebf h\u1ec7 th\u1ee9 10 T\u00ean g\u1ecdi Core i3 10105 CHI TI\u1ebeT Socket LGA 1200 T\u00ean th\u1ebf h\u1ec7 Comet Lake S\u1ed1 nh\u00e2n 4 S\u1ed1 lu\u1ed3ng 8 T\u1ed1c \u0111\u1ed9 c\u01a1 b\u1ea3n 3.70 GHz T\u1ed1c \u0111\u1ed9...\" \/>\n<meta property=\"og:url\" content=\"https:\/\/vbmcomputer.com\/?product=intel-core-i3-10105-box-chinh-hang\" \/>\n<meta property=\"og:site_name\" content=\"http:\/\/vbmcomputer.com\" \/>\n<meta property=\"article:modified_time\" content=\"2023-03-13T08:19:14+00:00\" \/>\n<meta property=\"og:image\" content=\"https:\/\/vbmcomputer.com\/wp-content\/uploads\/2023\/03\/250-183-58401_cpu_intel_core_i3_10105f_3_7ghz_turbo_up_to_4_4ghz_4_nhan_8_luong_6mb_cache_65w_socket_intel_lga_1200_1.jpeg\" \/>\n\t<meta property=\"og:image:width\" content=\"425\" \/>\n\t<meta property=\"og:image:height\" content=\"425\" \/>\n\t<meta property=\"og:image:type\" content=\"image\/jpeg\" \/>\n<meta name=\"twitter:card\" content=\"summary_large_image\" \/>\n<meta name=\"twitter:label1\" content=\"Est. reading time\" \/>\n\t<meta name=\"twitter:data1\" content=\"1 ph\u00fat\" \/>\n<script type=\"application\/ld+json\" class=\"yoast-schema-graph\">{\"@context\":\"https:\/\/schema.org\",\"@graph\":[{\"@type\":\"WebPage\",\"@id\":\"https:\/\/vbmcomputer.com\/?product=intel-core-i3-10105-box-chinh-hang\",\"url\":\"https:\/\/vbmcomputer.com\/?product=intel-core-i3-10105-box-chinh-hang\",\"name\":\"Intel Core I3-10105 Box Ch\u00ednh H\u00e3ng - http:\/\/vbmcomputer.com\",\"isPartOf\":{\"@id\":\"https:\/\/vbmcomputer.com\/#website\"},\"datePublished\":\"2023-03-13T08:18:30+00:00\",\"dateModified\":\"2023-03-13T08:19:14+00:00\",\"breadcrumb\":{\"@id\":\"https:\/\/vbmcomputer.com\/?product=intel-core-i3-10105-box-chinh-hang#breadcrumb\"},\"inLanguage\":\"vi\",\"potentialAction\":[{\"@type\":\"ReadAction\",\"target\":[\"https:\/\/vbmcomputer.com\/?product=intel-core-i3-10105-box-chinh-hang\"]}]},{\"@type\":\"BreadcrumbList\",\"@id\":\"https:\/\/vbmcomputer.com\/?product=intel-core-i3-10105-box-chinh-hang#breadcrumb\",\"itemListElement\":[{\"@type\":\"ListItem\",\"position\":1,\"name\":\"Home\",\"item\":\"https:\/\/vbmcomputer.com\/\"},{\"@type\":\"ListItem\",\"position\":2,\"name\":\"S\u1ea3n Ph\u1ea9m\",\"item\":\"http:\/\/vbmcomputer.com\/?page_id=6\"},{\"@type\":\"ListItem\",\"position\":3,\"name\":\"Intel Core I3-10105 Box Ch\u00ednh H\u00e3ng\"}]},{\"@type\":\"WebSite\",\"@id\":\"https:\/\/vbmcomputer.com\/#website\",\"url\":\"https:\/\/vbmcomputer.com\/\",\"name\":\"http:\/\/vbmcomputer.com\",\"description\":\"C\u00f4ng Ty TNHH TM Tin H\u1ecdc Vi\u1ec7t Nam\",\"potentialAction\":[{\"@type\":\"SearchAction\",\"target\":{\"@type\":\"EntryPoint\",\"urlTemplate\":\"https:\/\/vbmcomputer.com\/?s={search_term_string}\"},\"query-input\":\"required name=search_term_string\"}],\"inLanguage\":\"vi\"}]}<\/script>\n<!-- \/ Yoast SEO plugin. -->","yoast_head_json":{"title":"Intel Core I3-10105 Box Ch\u00ednh H\u00e3ng - http:\/\/vbmcomputer.com","robots":{"index":"index","follow":"follow","max-snippet":"max-snippet:-1","max-image-preview":"max-image-preview:large","max-video-preview":"max-video-preview:-1"},"canonical":"https:\/\/vbmcomputer.com\/?product=intel-core-i3-10105-box-chinh-hang","og_locale":"vi_VN","og_type":"article","og_title":"Intel Core I3-10105 Box Ch\u00ednh H\u00e3ng - http:\/\/vbmcomputer.com","og_description":"B\u1ea3o h\u00e0nh 36 th\u00e1ng Th\u01b0\u01a1ng hi\u1ec7u Intel Lo\u1ea1i CPU CPU \u2013 B\u1ed9 Vi X\u1eed L\u00fd\u00a0D\u00e0nh cho m\u00e1y b\u00e0n Th\u1ebf h\u1ec7 Core i3 Th\u1ebf h\u1ec7 th\u1ee9 10 T\u00ean g\u1ecdi Core i3 10105 CHI TI\u1ebeT Socket LGA 1200 T\u00ean th\u1ebf h\u1ec7 Comet Lake S\u1ed1 nh\u00e2n 4 S\u1ed1 lu\u1ed3ng 8 T\u1ed1c \u0111\u1ed9 c\u01a1 b\u1ea3n 3.70 GHz T\u1ed1c \u0111\u1ed9...","og_url":"https:\/\/vbmcomputer.com\/?product=intel-core-i3-10105-box-chinh-hang","og_site_name":"http:\/\/vbmcomputer.com","article_modified_time":"2023-03-13T08:19:14+00:00","og_image":[{"width":425,"height":425,"url":"https:\/\/vbmcomputer.com\/wp-content\/uploads\/2023\/03\/250-183-58401_cpu_intel_core_i3_10105f_3_7ghz_turbo_up_to_4_4ghz_4_nhan_8_luong_6mb_cache_65w_socket_intel_lga_1200_1.jpeg","type":"image\/jpeg"}],"twitter_card":"summary_large_image","twitter_misc":{"Est. reading time":"1 ph\u00fat"},"schema":{"@context":"https:\/\/schema.org","@graph":[{"@type":"WebPage","@id":"https:\/\/vbmcomputer.com\/?product=intel-core-i3-10105-box-chinh-hang","url":"https:\/\/vbmcomputer.com\/?product=intel-core-i3-10105-box-chinh-hang","name":"Intel Core I3-10105 Box Ch\u00ednh H\u00e3ng - http:\/\/vbmcomputer.com","isPartOf":{"@id":"https:\/\/vbmcomputer.com\/#website"},"datePublished":"2023-03-13T08:18:30+00:00","dateModified":"2023-03-13T08:19:14+00:00","breadcrumb":{"@id":"https:\/\/vbmcomputer.com\/?product=intel-core-i3-10105-box-chinh-hang#breadcrumb"},"inLanguage":"vi","potentialAction":[{"@type":"ReadAction","target":["https:\/\/vbmcomputer.com\/?product=intel-core-i3-10105-box-chinh-hang"]}]},{"@type":"BreadcrumbList","@id":"https:\/\/vbmcomputer.com\/?product=intel-core-i3-10105-box-chinh-hang#breadcrumb","itemListElement":[{"@type":"ListItem","position":1,"name":"Home","item":"https:\/\/vbmcomputer.com\/"},{"@type":"ListItem","position":2,"name":"S\u1ea3n Ph\u1ea9m","item":"http:\/\/vbmcomputer.com\/?page_id=6"},{"@type":"ListItem","position":3,"name":"Intel Core I3-10105 Box Ch\u00ednh H\u00e3ng"}]},{"@type":"WebSite","@id":"https:\/\/vbmcomputer.com\/#website","url":"https:\/\/vbmcomputer.com\/","name":"http:\/\/vbmcomputer.com","description":"C\u00f4ng Ty TNHH TM Tin H\u1ecdc Vi\u1ec7t Nam","potentialAction":[{"@type":"SearchAction","target":{"@type":"EntryPoint","urlTemplate":"https:\/\/vbmcomputer.com\/?s={search_term_string}"},"query-input":"required name=search_term_string"}],"inLanguage":"vi"}]}},"_links":{"self":[{"href":"https:\/\/vbmcomputer.com\/index.php?rest_route=\/wp\/v2\/product\/447"}],"collection":[{"href":"https:\/\/vbmcomputer.com\/index.php?rest_route=\/wp\/v2\/product"}],"about":[{"href":"https:\/\/vbmcomputer.com\/index.php?rest_route=\/wp\/v2\/types\/product"}],"wp:featuredmedia":[{"embeddable":true,"href":"https:\/\/vbmcomputer.com\/index.php?rest_route=\/wp\/v2\/media\/446"}],"wp:attachment":[{"href":"https:\/\/vbmcomputer.com\/index.php?rest_route=%2Fwp%2Fv2%2Fmedia&parent=447"}],"wp:term":[{"taxonomy":"product_cat","embeddable":true,"href":"https:\/\/vbmcomputer.com\/index.php?rest_route=%2Fwp%2Fv2%2Fproduct_cat&post=447"},{"taxonomy":"product_tag","embeddable":true,"href":"https:\/\/vbmcomputer.com\/index.php?rest_route=%2Fwp%2Fv2%2Fproduct_tag&post=447"}],"curies":[{"name":"wp","href":"https:\/\/api.w.org\/{rel}","templated":true}]}}