{"id":305,"date":"2023-03-10T00:53:37","date_gmt":"2023-03-10T00:53:37","guid":{"rendered":"http:\/\/vbmcomputer.com\/?post_type=product&#038;p=305"},"modified":"2026-01-02T10:40:14","modified_gmt":"2026-01-02T03:40:14","slug":"man-hinh-aoc-27b1h-74-27-inch-fhd-ips-250cd-m%c2%b2-hdmivga-60hz-5ms","status":"publish","type":"product","link":"https:\/\/vbmcomputer.com\/?product=man-hinh-aoc-27b1h-74-27-inch-fhd-ips-250cd-m%c2%b2-hdmivga-60hz-5ms","title":{"rendered":"M\u00e0n h\u00ecnh AOC 27B1H\/74 (27 inch\/FHD\/IPS\/250cd\/m\u00b2\/ HDMI+VGA\/60Hz\/5ms)"},"content":{"rendered":"<ul id=\"js-tskt-item\" class=\"product-summary-item-ul d-flex flex-wrap mb-0\">\n<li>K\u00edch th\u01b0\u1edbc m\u00e0n h\u00ecnh 27 inch<\/li>\n<li>\u0110\u1ed9 ph\u00e2n gi\u1ea3i 1920 x 1080<\/li>\n<li>T\u1ea7n s\u1ed1 qu\u00e9t 60 Hz<\/li>\n<li>G\u00f3c nh\u00ecn 178\u00b0 (H) \/ 178\u00b0 (V)<\/li>\n<li>M\u00e0u m\u00e0n h\u00ecnh 16.7 tri\u1ec7u<\/li>\n<li>\u0110\u1ed9 s\u00e1ng 250 cd\/m2<\/li>\n<li>\u0110\u1ed9 t\u01b0\u01a1ng ph\u1ea3n 1000:1<\/li>\n<li>T\u1ec9 l\u1ec7 m\u00e0n h\u00ecnh 16:9<\/li>\n<li>Th\u1eddi gian ph\u1ea3n \u1ee9ng 8 ms (GTG)<\/li>\n<li>T\u1ea5m n\u1ec1n IPS<\/li>\n<li>B\u1ea3o h\u00e0nh 2 n\u0103m<\/li>\n<\/ul>\n","protected":false},"excerpt":{"rendered":"<p>K\u00edch th\u01b0\u1edbc m\u00e0n h\u00ecnh 27 inch \u0110\u1ed9 ph\u00e2n gi\u1ea3i 1920 x 1080 T\u1ea7n s\u1ed1 qu\u00e9t 60 Hz G\u00f3c nh\u00ecn 178\u00b0 (H) \/ 178\u00b0 (V) M\u00e0u m\u00e0n h\u00ecnh 16.7 tri\u1ec7u \u0110\u1ed9 s\u00e1ng 250 cd\/m2 \u0110\u1ed9 t\u01b0\u01a1ng ph\u1ea3n 1000:1 T\u1ec9 l\u1ec7 m\u00e0n h\u00ecnh 16:9 Th\u1eddi gian ph\u1ea3n \u1ee9ng 8 ms (GTG) T\u1ea5m n\u1ec1n IPS B\u1ea3o h\u00e0nh 2&#8230;<\/p>\n","protected":false},"featured_media":307,"template":"","meta":[],"product_cat":[17,22],"product_tag":[],"yoast_head":"<!-- This site is optimized with the Yoast SEO plugin v20.5 - https:\/\/yoast.com\/wordpress\/plugins\/seo\/ -->\n<title>M\u00e0n h\u00ecnh AOC 27B1H\/74 (27 inch\/FHD\/IPS\/250cd\/m\u00b2\/ HDMI+VGA\/60Hz\/5ms) - http:\/\/vbmcomputer.com<\/title>\n<meta name=\"robots\" content=\"index, follow, max-snippet:-1, max-image-preview:large, max-video-preview:-1\" \/>\n<link rel=\"canonical\" href=\"https:\/\/vbmcomputer.com\/?product=man-hinh-aoc-27b1h-74-27-inch-fhd-ips-250cd-m\u00b2-hdmivga-60hz-5ms\" \/>\n<meta property=\"og:locale\" content=\"vi_VN\" \/>\n<meta property=\"og:type\" content=\"article\" \/>\n<meta property=\"og:title\" content=\"M\u00e0n h\u00ecnh AOC 27B1H\/74 (27 inch\/FHD\/IPS\/250cd\/m\u00b2\/ HDMI+VGA\/60Hz\/5ms) - http:\/\/vbmcomputer.com\" \/>\n<meta property=\"og:description\" content=\"K\u00edch th\u01b0\u1edbc m\u00e0n h\u00ecnh 27 inch \u0110\u1ed9 ph\u00e2n gi\u1ea3i 1920 x 1080 T\u1ea7n s\u1ed1 qu\u00e9t 60 Hz G\u00f3c nh\u00ecn 178\u00b0 (H) \/ 178\u00b0 (V) M\u00e0u m\u00e0n h\u00ecnh 16.7 tri\u1ec7u \u0110\u1ed9 s\u00e1ng 250 cd\/m2 \u0110\u1ed9 t\u01b0\u01a1ng ph\u1ea3n 1000:1 T\u1ec9 l\u1ec7 m\u00e0n h\u00ecnh 16:9 Th\u1eddi gian ph\u1ea3n \u1ee9ng 8 ms (GTG) T\u1ea5m n\u1ec1n IPS B\u1ea3o h\u00e0nh 2...\" \/>\n<meta property=\"og:url\" content=\"https:\/\/vbmcomputer.com\/?product=man-hinh-aoc-27b1h-74-27-inch-fhd-ips-250cd-m\u00b2-hdmivga-60hz-5ms\" \/>\n<meta property=\"og:site_name\" content=\"http:\/\/vbmcomputer.com\" \/>\n<meta property=\"article:modified_time\" content=\"2026-01-02T03:40:14+00:00\" \/>\n<meta property=\"og:image\" content=\"https:\/\/vbmcomputer.com\/wp-content\/uploads\/2023\/03\/51xVd401cJL._SR476476_.jpg\" \/>\n\t<meta property=\"og:image:width\" content=\"476\" \/>\n\t<meta property=\"og:image:height\" content=\"476\" \/>\n\t<meta property=\"og:image:type\" content=\"image\/jpeg\" \/>\n<meta name=\"twitter:card\" content=\"summary_large_image\" \/>\n<script type=\"application\/ld+json\" class=\"yoast-schema-graph\">{\"@context\":\"https:\/\/schema.org\",\"@graph\":[{\"@type\":\"WebPage\",\"@id\":\"https:\/\/vbmcomputer.com\/?product=man-hinh-aoc-27b1h-74-27-inch-fhd-ips-250cd-m%c2%b2-hdmivga-60hz-5ms\",\"url\":\"https:\/\/vbmcomputer.com\/?product=man-hinh-aoc-27b1h-74-27-inch-fhd-ips-250cd-m%c2%b2-hdmivga-60hz-5ms\",\"name\":\"M\u00e0n h\u00ecnh AOC 27B1H\/74 (27 inch\/FHD\/IPS\/250cd\/m\u00b2\/ HDMI+VGA\/60Hz\/5ms) - http:\/\/vbmcomputer.com\",\"isPartOf\":{\"@id\":\"https:\/\/vbmcomputer.com\/#website\"},\"datePublished\":\"2023-03-10T00:53:37+00:00\",\"dateModified\":\"2026-01-02T03:40:14+00:00\",\"breadcrumb\":{\"@id\":\"https:\/\/vbmcomputer.com\/?product=man-hinh-aoc-27b1h-74-27-inch-fhd-ips-250cd-m%c2%b2-hdmivga-60hz-5ms#breadcrumb\"},\"inLanguage\":\"vi\",\"potentialAction\":[{\"@type\":\"ReadAction\",\"target\":[\"https:\/\/vbmcomputer.com\/?product=man-hinh-aoc-27b1h-74-27-inch-fhd-ips-250cd-m%c2%b2-hdmivga-60hz-5ms\"]}]},{\"@type\":\"BreadcrumbList\",\"@id\":\"https:\/\/vbmcomputer.com\/?product=man-hinh-aoc-27b1h-74-27-inch-fhd-ips-250cd-m%c2%b2-hdmivga-60hz-5ms#breadcrumb\",\"itemListElement\":[{\"@type\":\"ListItem\",\"position\":1,\"name\":\"Home\",\"item\":\"https:\/\/vbmcomputer.com\/\"},{\"@type\":\"ListItem\",\"position\":2,\"name\":\"S\u1ea3n Ph\u1ea9m\",\"item\":\"http:\/\/vbmcomputer.com\/?page_id=6\"},{\"@type\":\"ListItem\",\"position\":3,\"name\":\"M\u00e0n h\u00ecnh AOC 27B1H\/74 (27 inch\/FHD\/IPS\/250cd\/m\u00b2\/ HDMI+VGA\/60Hz\/5ms)\"}]},{\"@type\":\"WebSite\",\"@id\":\"https:\/\/vbmcomputer.com\/#website\",\"url\":\"https:\/\/vbmcomputer.com\/\",\"name\":\"http:\/\/vbmcomputer.com\",\"description\":\"C\u00f4ng Ty TNHH TM Tin H\u1ecdc Vi\u1ec7t Nam\",\"potentialAction\":[{\"@type\":\"SearchAction\",\"target\":{\"@type\":\"EntryPoint\",\"urlTemplate\":\"https:\/\/vbmcomputer.com\/?s={search_term_string}\"},\"query-input\":\"required name=search_term_string\"}],\"inLanguage\":\"vi\"}]}<\/script>\n<!-- \/ Yoast SEO plugin. -->","yoast_head_json":{"title":"M\u00e0n h\u00ecnh AOC 27B1H\/74 (27 inch\/FHD\/IPS\/250cd\/m\u00b2\/ HDMI+VGA\/60Hz\/5ms) - http:\/\/vbmcomputer.com","robots":{"index":"index","follow":"follow","max-snippet":"max-snippet:-1","max-image-preview":"max-image-preview:large","max-video-preview":"max-video-preview:-1"},"canonical":"https:\/\/vbmcomputer.com\/?product=man-hinh-aoc-27b1h-74-27-inch-fhd-ips-250cd-m\u00b2-hdmivga-60hz-5ms","og_locale":"vi_VN","og_type":"article","og_title":"M\u00e0n h\u00ecnh AOC 27B1H\/74 (27 inch\/FHD\/IPS\/250cd\/m\u00b2\/ HDMI+VGA\/60Hz\/5ms) - http:\/\/vbmcomputer.com","og_description":"K\u00edch th\u01b0\u1edbc m\u00e0n h\u00ecnh 27 inch \u0110\u1ed9 ph\u00e2n gi\u1ea3i 1920 x 1080 T\u1ea7n s\u1ed1 qu\u00e9t 60 Hz G\u00f3c nh\u00ecn 178\u00b0 (H) \/ 178\u00b0 (V) M\u00e0u m\u00e0n h\u00ecnh 16.7 tri\u1ec7u \u0110\u1ed9 s\u00e1ng 250 cd\/m2 \u0110\u1ed9 t\u01b0\u01a1ng ph\u1ea3n 1000:1 T\u1ec9 l\u1ec7 m\u00e0n h\u00ecnh 16:9 Th\u1eddi gian ph\u1ea3n \u1ee9ng 8 ms (GTG) T\u1ea5m n\u1ec1n IPS B\u1ea3o h\u00e0nh 2...","og_url":"https:\/\/vbmcomputer.com\/?product=man-hinh-aoc-27b1h-74-27-inch-fhd-ips-250cd-m\u00b2-hdmivga-60hz-5ms","og_site_name":"http:\/\/vbmcomputer.com","article_modified_time":"2026-01-02T03:40:14+00:00","og_image":[{"width":476,"height":476,"url":"https:\/\/vbmcomputer.com\/wp-content\/uploads\/2023\/03\/51xVd401cJL._SR476476_.jpg","type":"image\/jpeg"}],"twitter_card":"summary_large_image","schema":{"@context":"https:\/\/schema.org","@graph":[{"@type":"WebPage","@id":"https:\/\/vbmcomputer.com\/?product=man-hinh-aoc-27b1h-74-27-inch-fhd-ips-250cd-m%c2%b2-hdmivga-60hz-5ms","url":"https:\/\/vbmcomputer.com\/?product=man-hinh-aoc-27b1h-74-27-inch-fhd-ips-250cd-m%c2%b2-hdmivga-60hz-5ms","name":"M\u00e0n h\u00ecnh AOC 27B1H\/74 (27 inch\/FHD\/IPS\/250cd\/m\u00b2\/ HDMI+VGA\/60Hz\/5ms) - http:\/\/vbmcomputer.com","isPartOf":{"@id":"https:\/\/vbmcomputer.com\/#website"},"datePublished":"2023-03-10T00:53:37+00:00","dateModified":"2026-01-02T03:40:14+00:00","breadcrumb":{"@id":"https:\/\/vbmcomputer.com\/?product=man-hinh-aoc-27b1h-74-27-inch-fhd-ips-250cd-m%c2%b2-hdmivga-60hz-5ms#breadcrumb"},"inLanguage":"vi","potentialAction":[{"@type":"ReadAction","target":["https:\/\/vbmcomputer.com\/?product=man-hinh-aoc-27b1h-74-27-inch-fhd-ips-250cd-m%c2%b2-hdmivga-60hz-5ms"]}]},{"@type":"BreadcrumbList","@id":"https:\/\/vbmcomputer.com\/?product=man-hinh-aoc-27b1h-74-27-inch-fhd-ips-250cd-m%c2%b2-hdmivga-60hz-5ms#breadcrumb","itemListElement":[{"@type":"ListItem","position":1,"name":"Home","item":"https:\/\/vbmcomputer.com\/"},{"@type":"ListItem","position":2,"name":"S\u1ea3n Ph\u1ea9m","item":"http:\/\/vbmcomputer.com\/?page_id=6"},{"@type":"ListItem","position":3,"name":"M\u00e0n h\u00ecnh AOC 27B1H\/74 (27 inch\/FHD\/IPS\/250cd\/m\u00b2\/ HDMI+VGA\/60Hz\/5ms)"}]},{"@type":"WebSite","@id":"https:\/\/vbmcomputer.com\/#website","url":"https:\/\/vbmcomputer.com\/","name":"http:\/\/vbmcomputer.com","description":"C\u00f4ng Ty TNHH TM Tin H\u1ecdc Vi\u1ec7t Nam","potentialAction":[{"@type":"SearchAction","target":{"@type":"EntryPoint","urlTemplate":"https:\/\/vbmcomputer.com\/?s={search_term_string}"},"query-input":"required name=search_term_string"}],"inLanguage":"vi"}]}},"_links":{"self":[{"href":"https:\/\/vbmcomputer.com\/index.php?rest_route=\/wp\/v2\/product\/305"}],"collection":[{"href":"https:\/\/vbmcomputer.com\/index.php?rest_route=\/wp\/v2\/product"}],"about":[{"href":"https:\/\/vbmcomputer.com\/index.php?rest_route=\/wp\/v2\/types\/product"}],"wp:featuredmedia":[{"embeddable":true,"href":"https:\/\/vbmcomputer.com\/index.php?rest_route=\/wp\/v2\/media\/307"}],"wp:attachment":[{"href":"https:\/\/vbmcomputer.com\/index.php?rest_route=%2Fwp%2Fv2%2Fmedia&parent=305"}],"wp:term":[{"taxonomy":"product_cat","embeddable":true,"href":"https:\/\/vbmcomputer.com\/index.php?rest_route=%2Fwp%2Fv2%2Fproduct_cat&post=305"},{"taxonomy":"product_tag","embeddable":true,"href":"https:\/\/vbmcomputer.com\/index.php?rest_route=%2Fwp%2Fv2%2Fproduct_tag&post=305"}],"curies":[{"name":"wp","href":"https:\/\/api.w.org\/{rel}","templated":true}]}}