{"id":289,"date":"2023-03-09T09:38:30","date_gmt":"2023-03-09T09:38:30","guid":{"rendered":"http:\/\/vbmcomputer.com\/?post_type=product&#038;p=289"},"modified":"2023-03-14T01:17:24","modified_gmt":"2023-03-14T01:17:24","slug":"man-hinh-aoc-22b1hs-74-ips-21-5%e2%80%b3-fhd-60hz","status":"publish","type":"product","link":"https:\/\/vbmcomputer.com\/?product=man-hinh-aoc-22b1hs-74-ips-21-5%e2%80%b3-fhd-60hz","title":{"rendered":"M\u00e0n h\u00ecnh AOC 22B1HS\/74 IPS 21.5\u2033 FHD 60Hz"},"content":{"rendered":"<ul>\n<li>Model: M\u00e0n h\u00ecnh AOC 22B1HS\/74<\/li>\n<li>B\u1ea3o h\u00e0nh: 2 n\u0103m<\/li>\n<li>Ki\u1ec3u d\u00e1ng thi\u1ebft k\u1ebf \u0111\u1eb9p gi\u00fap b\u00e0n l\u00e0m vi\u1ec7c c\u1ee7a b\u1ea1n tr\u1edf n\u00ean g\u1ecdn g\u00e0ng v\u00e0 \u0111\u1eb9p m\u1eaft h\u01a1n<\/li>\n<li>M\u00e0n h\u00ecnh 21\u2033 Full HD (1920 x 1080) n\u00e0y c\u00f3 th\u1ebft k\u1ebf si\u00eau m\u1ecfng , ch\u1ec9 10.6 mm v\u1ec1 \u0111\u1ed9 d\u00e0y , vi\u1ec1n si\u00eau h\u1eb9p 1.5 mm<\/li>\n<li>K\u1ebft n\u1ed1i \u0111a ph\u01b0\u01a1ng ti\u1ec7n (HDMI v\u00e0 VGA)<\/li>\n<\/ul>\n","protected":false},"excerpt":{"rendered":"<p>Model: M\u00e0n h\u00ecnh AOC 22B1HS\/74 B\u1ea3o h\u00e0nh: 2 n\u0103m Ki\u1ec3u d\u00e1ng thi\u1ebft k\u1ebf \u0111\u1eb9p gi\u00fap b\u00e0n l\u00e0m vi\u1ec7c c\u1ee7a b\u1ea1n tr\u1edf n\u00ean g\u1ecdn g\u00e0ng v\u00e0 \u0111\u1eb9p m\u1eaft h\u01a1n M\u00e0n h\u00ecnh 21\u2033 Full HD (1920 x 1080) n\u00e0y c\u00f3 th\u1ebft k\u1ebf si\u00eau m\u1ecfng , ch\u1ec9 10.6 mm v\u1ec1 \u0111\u1ed9 d\u00e0y , vi\u1ec1n si\u00eau h\u1eb9p 1.5 mm&#8230;<\/p>\n","protected":false},"featured_media":290,"template":"","meta":[],"product_cat":[22],"product_tag":[],"yoast_head":"<!-- This site is optimized with the Yoast SEO plugin v20.5 - https:\/\/yoast.com\/wordpress\/plugins\/seo\/ -->\n<title>M\u00e0n h\u00ecnh AOC 22B1HS\/74 IPS 21.5\u2033 FHD 60Hz - http:\/\/vbmcomputer.com<\/title>\n<meta name=\"robots\" content=\"index, follow, max-snippet:-1, max-image-preview:large, max-video-preview:-1\" \/>\n<link rel=\"canonical\" href=\"https:\/\/vbmcomputer.com\/?product=man-hinh-aoc-22b1hs-74-ips-21-5\u2033-fhd-60hz\" \/>\n<meta property=\"og:locale\" content=\"vi_VN\" \/>\n<meta property=\"og:type\" content=\"article\" \/>\n<meta property=\"og:title\" content=\"M\u00e0n h\u00ecnh AOC 22B1HS\/74 IPS 21.5\u2033 FHD 60Hz - http:\/\/vbmcomputer.com\" \/>\n<meta property=\"og:description\" content=\"Model: M\u00e0n h\u00ecnh AOC 22B1HS\/74 B\u1ea3o h\u00e0nh: 2 n\u0103m Ki\u1ec3u d\u00e1ng thi\u1ebft k\u1ebf \u0111\u1eb9p gi\u00fap b\u00e0n l\u00e0m vi\u1ec7c c\u1ee7a b\u1ea1n tr\u1edf n\u00ean g\u1ecdn g\u00e0ng v\u00e0 \u0111\u1eb9p m\u1eaft h\u01a1n M\u00e0n h\u00ecnh 21\u2033 Full HD (1920 x 1080) n\u00e0y c\u00f3 th\u1ebft k\u1ebf si\u00eau m\u1ecfng , ch\u1ec9 10.6 mm v\u1ec1 \u0111\u1ed9 d\u00e0y , vi\u1ec1n si\u00eau h\u1eb9p 1.5 mm...\" \/>\n<meta property=\"og:url\" content=\"https:\/\/vbmcomputer.com\/?product=man-hinh-aoc-22b1hs-74-ips-21-5\u2033-fhd-60hz\" \/>\n<meta property=\"og:site_name\" content=\"http:\/\/vbmcomputer.com\" \/>\n<meta property=\"article:modified_time\" content=\"2023-03-14T01:17:24+00:00\" \/>\n<meta property=\"og:image\" content=\"https:\/\/vbmcomputer.com\/wp-content\/uploads\/2023\/03\/ukyu-600x600-1.jpg\" \/>\n\t<meta property=\"og:image:width\" content=\"600\" \/>\n\t<meta property=\"og:image:height\" content=\"600\" \/>\n\t<meta property=\"og:image:type\" content=\"image\/jpeg\" \/>\n<meta name=\"twitter:card\" content=\"summary_large_image\" \/>\n<script type=\"application\/ld+json\" class=\"yoast-schema-graph\">{\"@context\":\"https:\/\/schema.org\",\"@graph\":[{\"@type\":\"WebPage\",\"@id\":\"https:\/\/vbmcomputer.com\/?product=man-hinh-aoc-22b1hs-74-ips-21-5%e2%80%b3-fhd-60hz\",\"url\":\"https:\/\/vbmcomputer.com\/?product=man-hinh-aoc-22b1hs-74-ips-21-5%e2%80%b3-fhd-60hz\",\"name\":\"M\u00e0n h\u00ecnh AOC 22B1HS\/74 IPS 21.5\u2033 FHD 60Hz - http:\/\/vbmcomputer.com\",\"isPartOf\":{\"@id\":\"https:\/\/vbmcomputer.com\/#website\"},\"datePublished\":\"2023-03-09T09:38:30+00:00\",\"dateModified\":\"2023-03-14T01:17:24+00:00\",\"breadcrumb\":{\"@id\":\"https:\/\/vbmcomputer.com\/?product=man-hinh-aoc-22b1hs-74-ips-21-5%e2%80%b3-fhd-60hz#breadcrumb\"},\"inLanguage\":\"vi\",\"potentialAction\":[{\"@type\":\"ReadAction\",\"target\":[\"https:\/\/vbmcomputer.com\/?product=man-hinh-aoc-22b1hs-74-ips-21-5%e2%80%b3-fhd-60hz\"]}]},{\"@type\":\"BreadcrumbList\",\"@id\":\"https:\/\/vbmcomputer.com\/?product=man-hinh-aoc-22b1hs-74-ips-21-5%e2%80%b3-fhd-60hz#breadcrumb\",\"itemListElement\":[{\"@type\":\"ListItem\",\"position\":1,\"name\":\"Home\",\"item\":\"https:\/\/vbmcomputer.com\/\"},{\"@type\":\"ListItem\",\"position\":2,\"name\":\"S\u1ea3n Ph\u1ea9m\",\"item\":\"http:\/\/vbmcomputer.com\/?page_id=6\"},{\"@type\":\"ListItem\",\"position\":3,\"name\":\"M\u00e0n h\u00ecnh AOC 22B1HS\/74 IPS 21.5\u2033 FHD 60Hz\"}]},{\"@type\":\"WebSite\",\"@id\":\"https:\/\/vbmcomputer.com\/#website\",\"url\":\"https:\/\/vbmcomputer.com\/\",\"name\":\"http:\/\/vbmcomputer.com\",\"description\":\"C\u00f4ng Ty TNHH TM Tin H\u1ecdc Vi\u1ec7t Nam\",\"potentialAction\":[{\"@type\":\"SearchAction\",\"target\":{\"@type\":\"EntryPoint\",\"urlTemplate\":\"https:\/\/vbmcomputer.com\/?s={search_term_string}\"},\"query-input\":\"required name=search_term_string\"}],\"inLanguage\":\"vi\"}]}<\/script>\n<!-- \/ Yoast SEO plugin. -->","yoast_head_json":{"title":"M\u00e0n h\u00ecnh AOC 22B1HS\/74 IPS 21.5\u2033 FHD 60Hz - http:\/\/vbmcomputer.com","robots":{"index":"index","follow":"follow","max-snippet":"max-snippet:-1","max-image-preview":"max-image-preview:large","max-video-preview":"max-video-preview:-1"},"canonical":"https:\/\/vbmcomputer.com\/?product=man-hinh-aoc-22b1hs-74-ips-21-5\u2033-fhd-60hz","og_locale":"vi_VN","og_type":"article","og_title":"M\u00e0n h\u00ecnh AOC 22B1HS\/74 IPS 21.5\u2033 FHD 60Hz - http:\/\/vbmcomputer.com","og_description":"Model: M\u00e0n h\u00ecnh AOC 22B1HS\/74 B\u1ea3o h\u00e0nh: 2 n\u0103m Ki\u1ec3u d\u00e1ng thi\u1ebft k\u1ebf \u0111\u1eb9p gi\u00fap b\u00e0n l\u00e0m vi\u1ec7c c\u1ee7a b\u1ea1n tr\u1edf n\u00ean g\u1ecdn g\u00e0ng v\u00e0 \u0111\u1eb9p m\u1eaft h\u01a1n M\u00e0n h\u00ecnh 21\u2033 Full HD (1920 x 1080) n\u00e0y c\u00f3 th\u1ebft k\u1ebf si\u00eau m\u1ecfng , ch\u1ec9 10.6 mm v\u1ec1 \u0111\u1ed9 d\u00e0y , vi\u1ec1n si\u00eau h\u1eb9p 1.5 mm...","og_url":"https:\/\/vbmcomputer.com\/?product=man-hinh-aoc-22b1hs-74-ips-21-5\u2033-fhd-60hz","og_site_name":"http:\/\/vbmcomputer.com","article_modified_time":"2023-03-14T01:17:24+00:00","og_image":[{"width":600,"height":600,"url":"https:\/\/vbmcomputer.com\/wp-content\/uploads\/2023\/03\/ukyu-600x600-1.jpg","type":"image\/jpeg"}],"twitter_card":"summary_large_image","schema":{"@context":"https:\/\/schema.org","@graph":[{"@type":"WebPage","@id":"https:\/\/vbmcomputer.com\/?product=man-hinh-aoc-22b1hs-74-ips-21-5%e2%80%b3-fhd-60hz","url":"https:\/\/vbmcomputer.com\/?product=man-hinh-aoc-22b1hs-74-ips-21-5%e2%80%b3-fhd-60hz","name":"M\u00e0n h\u00ecnh AOC 22B1HS\/74 IPS 21.5\u2033 FHD 60Hz - http:\/\/vbmcomputer.com","isPartOf":{"@id":"https:\/\/vbmcomputer.com\/#website"},"datePublished":"2023-03-09T09:38:30+00:00","dateModified":"2023-03-14T01:17:24+00:00","breadcrumb":{"@id":"https:\/\/vbmcomputer.com\/?product=man-hinh-aoc-22b1hs-74-ips-21-5%e2%80%b3-fhd-60hz#breadcrumb"},"inLanguage":"vi","potentialAction":[{"@type":"ReadAction","target":["https:\/\/vbmcomputer.com\/?product=man-hinh-aoc-22b1hs-74-ips-21-5%e2%80%b3-fhd-60hz"]}]},{"@type":"BreadcrumbList","@id":"https:\/\/vbmcomputer.com\/?product=man-hinh-aoc-22b1hs-74-ips-21-5%e2%80%b3-fhd-60hz#breadcrumb","itemListElement":[{"@type":"ListItem","position":1,"name":"Home","item":"https:\/\/vbmcomputer.com\/"},{"@type":"ListItem","position":2,"name":"S\u1ea3n Ph\u1ea9m","item":"http:\/\/vbmcomputer.com\/?page_id=6"},{"@type":"ListItem","position":3,"name":"M\u00e0n h\u00ecnh AOC 22B1HS\/74 IPS 21.5\u2033 FHD 60Hz"}]},{"@type":"WebSite","@id":"https:\/\/vbmcomputer.com\/#website","url":"https:\/\/vbmcomputer.com\/","name":"http:\/\/vbmcomputer.com","description":"C\u00f4ng Ty TNHH TM Tin H\u1ecdc Vi\u1ec7t Nam","potentialAction":[{"@type":"SearchAction","target":{"@type":"EntryPoint","urlTemplate":"https:\/\/vbmcomputer.com\/?s={search_term_string}"},"query-input":"required name=search_term_string"}],"inLanguage":"vi"}]}},"_links":{"self":[{"href":"https:\/\/vbmcomputer.com\/index.php?rest_route=\/wp\/v2\/product\/289"}],"collection":[{"href":"https:\/\/vbmcomputer.com\/index.php?rest_route=\/wp\/v2\/product"}],"about":[{"href":"https:\/\/vbmcomputer.com\/index.php?rest_route=\/wp\/v2\/types\/product"}],"wp:featuredmedia":[{"embeddable":true,"href":"https:\/\/vbmcomputer.com\/index.php?rest_route=\/wp\/v2\/media\/290"}],"wp:attachment":[{"href":"https:\/\/vbmcomputer.com\/index.php?rest_route=%2Fwp%2Fv2%2Fmedia&parent=289"}],"wp:term":[{"taxonomy":"product_cat","embeddable":true,"href":"https:\/\/vbmcomputer.com\/index.php?rest_route=%2Fwp%2Fv2%2Fproduct_cat&post=289"},{"taxonomy":"product_tag","embeddable":true,"href":"https:\/\/vbmcomputer.com\/index.php?rest_route=%2Fwp%2Fv2%2Fproduct_tag&post=289"}],"curies":[{"name":"wp","href":"https:\/\/api.w.org\/{rel}","templated":true}]}}