{"id":38,"date":"2023-02-13T03:31:01","date_gmt":"2023-02-13T03:31:01","guid":{"rendered":"http:\/\/localhost:8080\/cameradinhvi\/?page_id=38"},"modified":"2023-02-13T03:31:01","modified_gmt":"2023-02-13T03:31:01","slug":"chinh-sach-bao-hanh","status":"publish","type":"page","link":"https:\/\/vbmcomputer.com\/?page_id=38","title":{"rendered":"CH\u00cdNH S\u00c1CH B\u1ea2O H\u00c0NH"},"content":{"rendered":"<p><strong>Th\u1eddi gian nh\u1eadn v\u00e0 tr\u1ea3 b\u1ea3o h\u00e0nh:<\/strong><\/p>\n<p>T\u1ea1i trung t\u00e2m b\u1ea3o h\u00e0nh: T\u1eeb 8h30 \u0111\u1ebfn 17h00 c\u00e1c ng\u00e0y trong tu\u1ea7n (tr\u1eeb ch\u1ee7 nh\u1eadt v\u00e0 c\u00e1c ng\u00e0y l\u1ec5, T\u1ebft).<\/p>\n","protected":false},"excerpt":{"rendered":"<p>Th\u1eddi gian nh\u1eadn v\u00e0 tr\u1ea3 b\u1ea3o h\u00e0nh: T\u1ea1i trung t\u00e2m b\u1ea3o h\u00e0nh: T\u1eeb 8h30 \u0111\u1ebfn 17h00 c\u00e1c ng\u00e0y trong tu\u1ea7n (tr\u1eeb ch\u1ee7 nh\u1eadt v\u00e0 c\u00e1c ng\u00e0y l\u1ec5, T\u1ebft).<\/p>\n","protected":false},"author":2,"featured_media":0,"parent":0,"menu_order":0,"comment_status":"closed","ping_status":"closed","template":"","meta":[],"yoast_head":"<!-- This site is optimized with the Yoast SEO plugin v20.5 - https:\/\/yoast.com\/wordpress\/plugins\/seo\/ -->\n<title>CH\u00cdNH S\u00c1CH B\u1ea2O H\u00c0NH - http:\/\/vbmcomputer.com<\/title>\n<meta name=\"robots\" content=\"index, follow, max-snippet:-1, max-image-preview:large, max-video-preview:-1\" \/>\n<link rel=\"canonical\" href=\"https:\/\/vbmcomputer.com\/?page_id=38\" \/>\n<meta property=\"og:locale\" content=\"vi_VN\" \/>\n<meta property=\"og:type\" content=\"article\" \/>\n<meta property=\"og:title\" content=\"CH\u00cdNH S\u00c1CH B\u1ea2O H\u00c0NH - http:\/\/vbmcomputer.com\" \/>\n<meta property=\"og:description\" content=\"Th\u1eddi gian nh\u1eadn v\u00e0 tr\u1ea3 b\u1ea3o h\u00e0nh: T\u1ea1i trung t\u00e2m b\u1ea3o h\u00e0nh: T\u1eeb 8h30 \u0111\u1ebfn 17h00 c\u00e1c ng\u00e0y trong tu\u1ea7n (tr\u1eeb ch\u1ee7 nh\u1eadt v\u00e0 c\u00e1c ng\u00e0y l\u1ec5, T\u1ebft).\" \/>\n<meta property=\"og:url\" content=\"https:\/\/vbmcomputer.com\/?page_id=38\" \/>\n<meta property=\"og:site_name\" content=\"http:\/\/vbmcomputer.com\" \/>\n<meta name=\"twitter:card\" content=\"summary_large_image\" \/>\n<script type=\"application\/ld+json\" class=\"yoast-schema-graph\">{\"@context\":\"https:\/\/schema.org\",\"@graph\":[{\"@type\":\"WebPage\",\"@id\":\"https:\/\/vbmcomputer.com\/?page_id=38\",\"url\":\"https:\/\/vbmcomputer.com\/?page_id=38\",\"name\":\"CH\u00cdNH S\u00c1CH B\u1ea2O H\u00c0NH - http:\/\/vbmcomputer.com\",\"isPartOf\":{\"@id\":\"https:\/\/vbmcomputer.com\/#website\"},\"datePublished\":\"2023-02-13T03:31:01+00:00\",\"dateModified\":\"2023-02-13T03:31:01+00:00\",\"breadcrumb\":{\"@id\":\"https:\/\/vbmcomputer.com\/?page_id=38#breadcrumb\"},\"inLanguage\":\"vi\",\"potentialAction\":[{\"@type\":\"ReadAction\",\"target\":[\"https:\/\/vbmcomputer.com\/?page_id=38\"]}]},{\"@type\":\"BreadcrumbList\",\"@id\":\"https:\/\/vbmcomputer.com\/?page_id=38#breadcrumb\",\"itemListElement\":[{\"@type\":\"ListItem\",\"position\":1,\"name\":\"Home\",\"item\":\"https:\/\/vbmcomputer.com\/\"},{\"@type\":\"ListItem\",\"position\":2,\"name\":\"CH\u00cdNH S\u00c1CH B\u1ea2O H\u00c0NH\"}]},{\"@type\":\"WebSite\",\"@id\":\"https:\/\/vbmcomputer.com\/#website\",\"url\":\"https:\/\/vbmcomputer.com\/\",\"name\":\"http:\/\/vbmcomputer.com\",\"description\":\"C\u00f4ng Ty TNHH TM Tin H\u1ecdc Vi\u1ec7t Nam\",\"potentialAction\":[{\"@type\":\"SearchAction\",\"target\":{\"@type\":\"EntryPoint\",\"urlTemplate\":\"https:\/\/vbmcomputer.com\/?s={search_term_string}\"},\"query-input\":\"required name=search_term_string\"}],\"inLanguage\":\"vi\"}]}<\/script>\n<!-- \/ Yoast SEO plugin. -->","yoast_head_json":{"title":"CH\u00cdNH S\u00c1CH B\u1ea2O H\u00c0NH - http:\/\/vbmcomputer.com","robots":{"index":"index","follow":"follow","max-snippet":"max-snippet:-1","max-image-preview":"max-image-preview:large","max-video-preview":"max-video-preview:-1"},"canonical":"https:\/\/vbmcomputer.com\/?page_id=38","og_locale":"vi_VN","og_type":"article","og_title":"CH\u00cdNH S\u00c1CH B\u1ea2O H\u00c0NH - http:\/\/vbmcomputer.com","og_description":"Th\u1eddi gian nh\u1eadn v\u00e0 tr\u1ea3 b\u1ea3o h\u00e0nh: T\u1ea1i trung t\u00e2m b\u1ea3o h\u00e0nh: T\u1eeb 8h30 \u0111\u1ebfn 17h00 c\u00e1c ng\u00e0y trong tu\u1ea7n (tr\u1eeb ch\u1ee7 nh\u1eadt v\u00e0 c\u00e1c ng\u00e0y l\u1ec5, T\u1ebft).","og_url":"https:\/\/vbmcomputer.com\/?page_id=38","og_site_name":"http:\/\/vbmcomputer.com","twitter_card":"summary_large_image","schema":{"@context":"https:\/\/schema.org","@graph":[{"@type":"WebPage","@id":"https:\/\/vbmcomputer.com\/?page_id=38","url":"https:\/\/vbmcomputer.com\/?page_id=38","name":"CH\u00cdNH S\u00c1CH B\u1ea2O H\u00c0NH - http:\/\/vbmcomputer.com","isPartOf":{"@id":"https:\/\/vbmcomputer.com\/#website"},"datePublished":"2023-02-13T03:31:01+00:00","dateModified":"2023-02-13T03:31:01+00:00","breadcrumb":{"@id":"https:\/\/vbmcomputer.com\/?page_id=38#breadcrumb"},"inLanguage":"vi","potentialAction":[{"@type":"ReadAction","target":["https:\/\/vbmcomputer.com\/?page_id=38"]}]},{"@type":"BreadcrumbList","@id":"https:\/\/vbmcomputer.com\/?page_id=38#breadcrumb","itemListElement":[{"@type":"ListItem","position":1,"name":"Home","item":"https:\/\/vbmcomputer.com\/"},{"@type":"ListItem","position":2,"name":"CH\u00cdNH S\u00c1CH B\u1ea2O H\u00c0NH"}]},{"@type":"WebSite","@id":"https:\/\/vbmcomputer.com\/#website","url":"https:\/\/vbmcomputer.com\/","name":"http:\/\/vbmcomputer.com","description":"C\u00f4ng Ty TNHH TM Tin H\u1ecdc Vi\u1ec7t Nam","potentialAction":[{"@type":"SearchAction","target":{"@type":"EntryPoint","urlTemplate":"https:\/\/vbmcomputer.com\/?s={search_term_string}"},"query-input":"required name=search_term_string"}],"inLanguage":"vi"}]}},"_links":{"self":[{"href":"https:\/\/vbmcomputer.com\/index.php?rest_route=\/wp\/v2\/pages\/38"}],"collection":[{"href":"https:\/\/vbmcomputer.com\/index.php?rest_route=\/wp\/v2\/pages"}],"about":[{"href":"https:\/\/vbmcomputer.com\/index.php?rest_route=\/wp\/v2\/types\/page"}],"author":[{"embeddable":true,"href":"https:\/\/vbmcomputer.com\/index.php?rest_route=\/wp\/v2\/users\/2"}],"replies":[{"embeddable":true,"href":"https:\/\/vbmcomputer.com\/index.php?rest_route=%2Fwp%2Fv2%2Fcomments&post=38"}],"version-history":[{"count":1,"href":"https:\/\/vbmcomputer.com\/index.php?rest_route=\/wp\/v2\/pages\/38\/revisions"}],"predecessor-version":[{"id":39,"href":"https:\/\/vbmcomputer.com\/index.php?rest_route=\/wp\/v2\/pages\/38\/revisions\/39"}],"wp:attachment":[{"href":"https:\/\/vbmcomputer.com\/index.php?rest_route=%2Fwp%2Fv2%2Fmedia&parent=38"}],"curies":[{"name":"wp","href":"https:\/\/api.w.org\/{rel}","templated":true}]}}