{"id":32,"date":"2023-02-13T03:29:06","date_gmt":"2023-02-13T03:29:06","guid":{"rendered":"http:\/\/localhost:8080\/cameradinhvi\/?page_id=32"},"modified":"2023-02-13T03:29:06","modified_gmt":"2023-02-13T03:29:06","slug":"chinh-sach-van-chuyen","status":"publish","type":"page","link":"https:\/\/vbmcomputer.com\/?page_id=32","title":{"rendered":"CH\u00cdNH S\u00c1CH V\u1eacN CHUY\u1ec2N"},"content":{"rendered":"<p>Giao h\u00e0ng trong ng\u00e0y ho\u1eb7c t\u1eeb 1 \u2013 2 ng\u00e0y cho kh\u00e1ch h\u00e0ng c\u00f3 \u0111\u1ecba ch\u1ec9 \u1edf c\u00e1c qu\u1eadn n\u1ed9i th\u00e0nh Th\u00e0nh ph\u1ed1 H\u00e0 N\u1ed9i, H\u1ed3 Ch\u00ed Minh v\u00e0 c\u00e1c t\u1ec9nh l\u00e2n c\u1eadn.<\/p>\n<p>+ Giao h\u00e0ng t\u1eeb 2 \u2013 5 ng\u00e0y cho kh\u00e1ch h\u00e0ng c\u00f3 \u0111\u1ecba ch\u1ec9 \u1edf c\u00e1c t\u1ec9nh xa, mi\u1ec1n Trung v\u00e0 mi\u1ec1n Nam.<\/p>\n","protected":false},"excerpt":{"rendered":"<p>Giao h\u00e0ng trong ng\u00e0y ho\u1eb7c t\u1eeb 1 \u2013 2 ng\u00e0y cho kh\u00e1ch h\u00e0ng c\u00f3 \u0111\u1ecba ch\u1ec9 \u1edf c\u00e1c qu\u1eadn n\u1ed9i th\u00e0nh Th\u00e0nh ph\u1ed1 H\u00e0 N\u1ed9i, H\u1ed3 Ch\u00ed Minh v\u00e0 c\u00e1c t\u1ec9nh l\u00e2n c\u1eadn. + Giao h\u00e0ng t\u1eeb 2 \u2013 5 ng\u00e0y cho kh\u00e1ch h\u00e0ng c\u00f3 \u0111\u1ecba ch\u1ec9 \u1edf c\u00e1c t\u1ec9nh xa, mi\u1ec1n Trung v\u00e0 mi\u1ec1n&#8230;<\/p>\n","protected":false},"author":2,"featured_media":0,"parent":0,"menu_order":0,"comment_status":"closed","ping_status":"closed","template":"","meta":[],"yoast_head":"<!-- This site is optimized with the Yoast SEO plugin v20.5 - https:\/\/yoast.com\/wordpress\/plugins\/seo\/ -->\n<title>CH\u00cdNH S\u00c1CH V\u1eacN CHUY\u1ec2N - http:\/\/vbmcomputer.com<\/title>\n<meta name=\"robots\" content=\"index, follow, max-snippet:-1, max-image-preview:large, max-video-preview:-1\" \/>\n<link rel=\"canonical\" href=\"https:\/\/vbmcomputer.com\/?page_id=32\" \/>\n<meta property=\"og:locale\" content=\"vi_VN\" \/>\n<meta property=\"og:type\" content=\"article\" \/>\n<meta property=\"og:title\" content=\"CH\u00cdNH S\u00c1CH V\u1eacN CHUY\u1ec2N - http:\/\/vbmcomputer.com\" \/>\n<meta property=\"og:description\" content=\"Giao h\u00e0ng trong ng\u00e0y ho\u1eb7c t\u1eeb 1 \u2013 2 ng\u00e0y cho kh\u00e1ch h\u00e0ng c\u00f3 \u0111\u1ecba ch\u1ec9 \u1edf c\u00e1c qu\u1eadn n\u1ed9i th\u00e0nh Th\u00e0nh ph\u1ed1 H\u00e0 N\u1ed9i, H\u1ed3 Ch\u00ed Minh v\u00e0 c\u00e1c t\u1ec9nh l\u00e2n c\u1eadn. + Giao h\u00e0ng t\u1eeb 2 \u2013 5 ng\u00e0y cho kh\u00e1ch h\u00e0ng c\u00f3 \u0111\u1ecba ch\u1ec9 \u1edf c\u00e1c t\u1ec9nh xa, mi\u1ec1n Trung v\u00e0 mi\u1ec1n...\" \/>\n<meta property=\"og:url\" content=\"https:\/\/vbmcomputer.com\/?page_id=32\" \/>\n<meta property=\"og:site_name\" content=\"http:\/\/vbmcomputer.com\" \/>\n<meta name=\"twitter:card\" content=\"summary_large_image\" \/>\n<script type=\"application\/ld+json\" class=\"yoast-schema-graph\">{\"@context\":\"https:\/\/schema.org\",\"@graph\":[{\"@type\":\"WebPage\",\"@id\":\"https:\/\/vbmcomputer.com\/?page_id=32\",\"url\":\"https:\/\/vbmcomputer.com\/?page_id=32\",\"name\":\"CH\u00cdNH S\u00c1CH V\u1eacN CHUY\u1ec2N - http:\/\/vbmcomputer.com\",\"isPartOf\":{\"@id\":\"https:\/\/vbmcomputer.com\/#website\"},\"datePublished\":\"2023-02-13T03:29:06+00:00\",\"dateModified\":\"2023-02-13T03:29:06+00:00\",\"breadcrumb\":{\"@id\":\"https:\/\/vbmcomputer.com\/?page_id=32#breadcrumb\"},\"inLanguage\":\"vi\",\"potentialAction\":[{\"@type\":\"ReadAction\",\"target\":[\"https:\/\/vbmcomputer.com\/?page_id=32\"]}]},{\"@type\":\"BreadcrumbList\",\"@id\":\"https:\/\/vbmcomputer.com\/?page_id=32#breadcrumb\",\"itemListElement\":[{\"@type\":\"ListItem\",\"position\":1,\"name\":\"Home\",\"item\":\"https:\/\/vbmcomputer.com\/\"},{\"@type\":\"ListItem\",\"position\":2,\"name\":\"CH\u00cdNH S\u00c1CH V\u1eacN CHUY\u1ec2N\"}]},{\"@type\":\"WebSite\",\"@id\":\"https:\/\/vbmcomputer.com\/#website\",\"url\":\"https:\/\/vbmcomputer.com\/\",\"name\":\"http:\/\/vbmcomputer.com\",\"description\":\"C\u00f4ng Ty TNHH TM Tin H\u1ecdc Vi\u1ec7t Nam\",\"potentialAction\":[{\"@type\":\"SearchAction\",\"target\":{\"@type\":\"EntryPoint\",\"urlTemplate\":\"https:\/\/vbmcomputer.com\/?s={search_term_string}\"},\"query-input\":\"required name=search_term_string\"}],\"inLanguage\":\"vi\"}]}<\/script>\n<!-- \/ Yoast SEO plugin. -->","yoast_head_json":{"title":"CH\u00cdNH S\u00c1CH V\u1eacN CHUY\u1ec2N - http:\/\/vbmcomputer.com","robots":{"index":"index","follow":"follow","max-snippet":"max-snippet:-1","max-image-preview":"max-image-preview:large","max-video-preview":"max-video-preview:-1"},"canonical":"https:\/\/vbmcomputer.com\/?page_id=32","og_locale":"vi_VN","og_type":"article","og_title":"CH\u00cdNH S\u00c1CH V\u1eacN CHUY\u1ec2N - http:\/\/vbmcomputer.com","og_description":"Giao h\u00e0ng trong ng\u00e0y ho\u1eb7c t\u1eeb 1 \u2013 2 ng\u00e0y cho kh\u00e1ch h\u00e0ng c\u00f3 \u0111\u1ecba ch\u1ec9 \u1edf c\u00e1c qu\u1eadn n\u1ed9i th\u00e0nh Th\u00e0nh ph\u1ed1 H\u00e0 N\u1ed9i, H\u1ed3 Ch\u00ed Minh v\u00e0 c\u00e1c t\u1ec9nh l\u00e2n c\u1eadn. + Giao h\u00e0ng t\u1eeb 2 \u2013 5 ng\u00e0y cho kh\u00e1ch h\u00e0ng c\u00f3 \u0111\u1ecba ch\u1ec9 \u1edf c\u00e1c t\u1ec9nh xa, mi\u1ec1n Trung v\u00e0 mi\u1ec1n...","og_url":"https:\/\/vbmcomputer.com\/?page_id=32","og_site_name":"http:\/\/vbmcomputer.com","twitter_card":"summary_large_image","schema":{"@context":"https:\/\/schema.org","@graph":[{"@type":"WebPage","@id":"https:\/\/vbmcomputer.com\/?page_id=32","url":"https:\/\/vbmcomputer.com\/?page_id=32","name":"CH\u00cdNH S\u00c1CH V\u1eacN CHUY\u1ec2N - http:\/\/vbmcomputer.com","isPartOf":{"@id":"https:\/\/vbmcomputer.com\/#website"},"datePublished":"2023-02-13T03:29:06+00:00","dateModified":"2023-02-13T03:29:06+00:00","breadcrumb":{"@id":"https:\/\/vbmcomputer.com\/?page_id=32#breadcrumb"},"inLanguage":"vi","potentialAction":[{"@type":"ReadAction","target":["https:\/\/vbmcomputer.com\/?page_id=32"]}]},{"@type":"BreadcrumbList","@id":"https:\/\/vbmcomputer.com\/?page_id=32#breadcrumb","itemListElement":[{"@type":"ListItem","position":1,"name":"Home","item":"https:\/\/vbmcomputer.com\/"},{"@type":"ListItem","position":2,"name":"CH\u00cdNH S\u00c1CH V\u1eacN CHUY\u1ec2N"}]},{"@type":"WebSite","@id":"https:\/\/vbmcomputer.com\/#website","url":"https:\/\/vbmcomputer.com\/","name":"http:\/\/vbmcomputer.com","description":"C\u00f4ng Ty TNHH TM Tin H\u1ecdc Vi\u1ec7t Nam","potentialAction":[{"@type":"SearchAction","target":{"@type":"EntryPoint","urlTemplate":"https:\/\/vbmcomputer.com\/?s={search_term_string}"},"query-input":"required name=search_term_string"}],"inLanguage":"vi"}]}},"_links":{"self":[{"href":"https:\/\/vbmcomputer.com\/index.php?rest_route=\/wp\/v2\/pages\/32"}],"collection":[{"href":"https:\/\/vbmcomputer.com\/index.php?rest_route=\/wp\/v2\/pages"}],"about":[{"href":"https:\/\/vbmcomputer.com\/index.php?rest_route=\/wp\/v2\/types\/page"}],"author":[{"embeddable":true,"href":"https:\/\/vbmcomputer.com\/index.php?rest_route=\/wp\/v2\/users\/2"}],"replies":[{"embeddable":true,"href":"https:\/\/vbmcomputer.com\/index.php?rest_route=%2Fwp%2Fv2%2Fcomments&post=32"}],"version-history":[{"count":1,"href":"https:\/\/vbmcomputer.com\/index.php?rest_route=\/wp\/v2\/pages\/32\/revisions"}],"predecessor-version":[{"id":33,"href":"https:\/\/vbmcomputer.com\/index.php?rest_route=\/wp\/v2\/pages\/32\/revisions\/33"}],"wp:attachment":[{"href":"https:\/\/vbmcomputer.com\/index.php?rest_route=%2Fwp%2Fv2%2Fmedia&parent=32"}],"curies":[{"name":"wp","href":"https:\/\/api.w.org\/{rel}","templated":true}]}}