{"id":168,"date":"2023-02-13T08:47:11","date_gmt":"2023-02-13T08:47:11","guid":{"rendered":"http:\/\/localhost:8080\/cameradinhvi\/?page_id=168"},"modified":"2023-03-11T02:50:00","modified_gmt":"2023-03-11T02:50:00","slug":"bang-bao-gia","status":"publish","type":"page","link":"https:\/\/vbmcomputer.com\/?page_id=168","title":{"rendered":"B\u1ea3ng B\u00e1o Gi\u00e1"},"content":{"rendered":"\n\t<div id=\"text-1931314057\" class=\"text\">\n\t\t\n<p>B\u1ea2NG B\u00c1O GI\u00c1<\/p>\n\t\t\n<style>\n#text-1931314057 {\n  font-size: 1.7rem;\n  line-height: 1.85;\n  text-align: center;\n  color: rgb(198, 7, 7);\n}\n#text-1931314057 > * {\n  color: rgb(198, 7, 7);\n}\n<\/style>\n\t<\/div>\n\t\n\n\n\n<figure class=\"wp-block-table is-style-regular\"><table class=\"has-white-color has-light-green-cyan-to-vivid-green-cyan-gradient-background has-text-color has-background\"><thead><tr><th>T\u00ean S\u1ea3n Ph\u1ea9m<\/th><th>\u0110\u01a1n Gi\u00e1<\/th><th>Gi\u00e1 S\u1ec9<\/th><th>B\u1ea3o H\u00e0nh<\/th><\/tr><\/thead><tbody><tr><td>LCD AOC 22B1HS\/74 (IPS\/Hdmi\/Vga\/Full Vi\u1ec1n )<\/td><td>2.490.000\u0111<\/td><td>2.490.000\u0111<\/td><td>24 Th\u00e1ng<\/td><\/tr><tr><td>SSD Gigabyte 240GB sata<\/td><td>490.000\u0111<\/td><td>490.000\u0111<\/td><td>12 Th\u00e1ng<\/td><\/tr><tr><td>SSD Gigabyte 256GB sata<\/td><td>590.000\u0111<\/td><td>590.000\u0111<\/td><td>12 Th\u00e1ng<\/td><\/tr><tr><td>SSD Gigabyte 480GB sata<\/td><td>990.000\u0111<\/td><td>990.000\u0111<\/td><td>12 Th\u00e1ng<\/td><\/tr><tr><td>SSD Gigabyte 256G M2 2280 NVMe PCLe Gen3 x4<\/td><td>780.000\u0111<\/td><td>780.000\u0111<\/td><td>12 Th\u00e1ng<\/td><\/tr><tr><td>SSD 500G GIGA G325E500G (M.2.PCIE) GEN 3<\/td><td>1.090.000\u0111<\/td><td>1.090.000\u0111<\/td><td>12 Th\u00e1ng<\/td><\/tr><tr><td>SSD 250GB Samsung 870 EVO<\/td><td>1.290.000\u0111<\/td><td>1.290.000\u0111<\/td><td>12 Th\u00e1ng<\/td><\/tr><\/tbody><\/table><\/figure>\n","protected":false},"excerpt":{"rendered":"<p>T\u00ean S\u1ea3n Ph\u1ea9m \u0110\u01a1n Gi\u00e1 Gi\u00e1 S\u1ec9 B\u1ea3o H\u00e0nh LCD AOC 22B1HS\/74 (IPS\/Hdmi\/Vga\/Full Vi\u1ec1n ) 2.490.000\u0111 2.490.000\u0111 24 Th\u00e1ng SSD Gigabyte 240GB sata 490.000\u0111 490.000\u0111 12 Th\u00e1ng SSD Gigabyte 256GB sata 590.000\u0111 590.000\u0111 12 Th\u00e1ng SSD Gigabyte 480GB sata 990.000\u0111 990.000\u0111 12 Th\u00e1ng SSD Gigabyte 256G M2 2280 NVMe PCLe Gen3 x4 780.000\u0111 780.000\u0111 12&#8230;<\/p>\n","protected":false},"author":2,"featured_media":0,"parent":0,"menu_order":0,"comment_status":"closed","ping_status":"closed","template":"","meta":[],"yoast_head":"<!-- This site is optimized with the Yoast SEO plugin v20.5 - https:\/\/yoast.com\/wordpress\/plugins\/seo\/ -->\n<title>B\u1ea3ng B\u00e1o Gi\u00e1 - http:\/\/vbmcomputer.com<\/title>\n<meta name=\"robots\" content=\"index, follow, max-snippet:-1, max-image-preview:large, max-video-preview:-1\" \/>\n<link rel=\"canonical\" href=\"https:\/\/vbmcomputer.com\/?page_id=168\" \/>\n<meta property=\"og:locale\" content=\"vi_VN\" \/>\n<meta property=\"og:type\" content=\"article\" \/>\n<meta property=\"og:title\" content=\"B\u1ea3ng B\u00e1o Gi\u00e1 - http:\/\/vbmcomputer.com\" \/>\n<meta property=\"og:description\" content=\"T\u00ean S\u1ea3n Ph\u1ea9m \u0110\u01a1n Gi\u00e1 Gi\u00e1 S\u1ec9 B\u1ea3o H\u00e0nh LCD AOC 22B1HS\/74 (IPS\/Hdmi\/Vga\/Full Vi\u1ec1n ) 2.490.000\u0111 2.490.000\u0111 24 Th\u00e1ng SSD Gigabyte 240GB sata 490.000\u0111 490.000\u0111 12 Th\u00e1ng SSD Gigabyte 256GB sata 590.000\u0111 590.000\u0111 12 Th\u00e1ng SSD Gigabyte 480GB sata 990.000\u0111 990.000\u0111 12 Th\u00e1ng SSD Gigabyte 256G M2 2280 NVMe PCLe Gen3 x4 780.000\u0111 780.000\u0111 12...\" \/>\n<meta property=\"og:url\" content=\"https:\/\/vbmcomputer.com\/?page_id=168\" \/>\n<meta property=\"og:site_name\" content=\"http:\/\/vbmcomputer.com\" \/>\n<meta property=\"article:modified_time\" content=\"2023-03-11T02:50:00+00:00\" \/>\n<meta name=\"twitter:card\" content=\"summary_large_image\" \/>\n<script type=\"application\/ld+json\" class=\"yoast-schema-graph\">{\"@context\":\"https:\/\/schema.org\",\"@graph\":[{\"@type\":\"WebPage\",\"@id\":\"https:\/\/vbmcomputer.com\/?page_id=168\",\"url\":\"https:\/\/vbmcomputer.com\/?page_id=168\",\"name\":\"B\u1ea3ng B\u00e1o Gi\u00e1 - http:\/\/vbmcomputer.com\",\"isPartOf\":{\"@id\":\"https:\/\/vbmcomputer.com\/#website\"},\"datePublished\":\"2023-02-13T08:47:11+00:00\",\"dateModified\":\"2023-03-11T02:50:00+00:00\",\"breadcrumb\":{\"@id\":\"https:\/\/vbmcomputer.com\/?page_id=168#breadcrumb\"},\"inLanguage\":\"vi\",\"potentialAction\":[{\"@type\":\"ReadAction\",\"target\":[\"https:\/\/vbmcomputer.com\/?page_id=168\"]}]},{\"@type\":\"BreadcrumbList\",\"@id\":\"https:\/\/vbmcomputer.com\/?page_id=168#breadcrumb\",\"itemListElement\":[{\"@type\":\"ListItem\",\"position\":1,\"name\":\"Home\",\"item\":\"https:\/\/vbmcomputer.com\/\"},{\"@type\":\"ListItem\",\"position\":2,\"name\":\"B\u1ea3ng B\u00e1o Gi\u00e1\"}]},{\"@type\":\"WebSite\",\"@id\":\"https:\/\/vbmcomputer.com\/#website\",\"url\":\"https:\/\/vbmcomputer.com\/\",\"name\":\"http:\/\/vbmcomputer.com\",\"description\":\"C\u00f4ng Ty TNHH TM Tin H\u1ecdc Vi\u1ec7t Nam\",\"potentialAction\":[{\"@type\":\"SearchAction\",\"target\":{\"@type\":\"EntryPoint\",\"urlTemplate\":\"https:\/\/vbmcomputer.com\/?s={search_term_string}\"},\"query-input\":\"required name=search_term_string\"}],\"inLanguage\":\"vi\"}]}<\/script>\n<!-- \/ Yoast SEO plugin. -->","yoast_head_json":{"title":"B\u1ea3ng B\u00e1o Gi\u00e1 - http:\/\/vbmcomputer.com","robots":{"index":"index","follow":"follow","max-snippet":"max-snippet:-1","max-image-preview":"max-image-preview:large","max-video-preview":"max-video-preview:-1"},"canonical":"https:\/\/vbmcomputer.com\/?page_id=168","og_locale":"vi_VN","og_type":"article","og_title":"B\u1ea3ng B\u00e1o Gi\u00e1 - http:\/\/vbmcomputer.com","og_description":"T\u00ean S\u1ea3n Ph\u1ea9m \u0110\u01a1n Gi\u00e1 Gi\u00e1 S\u1ec9 B\u1ea3o H\u00e0nh LCD AOC 22B1HS\/74 (IPS\/Hdmi\/Vga\/Full Vi\u1ec1n ) 2.490.000\u0111 2.490.000\u0111 24 Th\u00e1ng SSD Gigabyte 240GB sata 490.000\u0111 490.000\u0111 12 Th\u00e1ng SSD Gigabyte 256GB sata 590.000\u0111 590.000\u0111 12 Th\u00e1ng SSD Gigabyte 480GB sata 990.000\u0111 990.000\u0111 12 Th\u00e1ng SSD Gigabyte 256G M2 2280 NVMe PCLe Gen3 x4 780.000\u0111 780.000\u0111 12...","og_url":"https:\/\/vbmcomputer.com\/?page_id=168","og_site_name":"http:\/\/vbmcomputer.com","article_modified_time":"2023-03-11T02:50:00+00:00","twitter_card":"summary_large_image","schema":{"@context":"https:\/\/schema.org","@graph":[{"@type":"WebPage","@id":"https:\/\/vbmcomputer.com\/?page_id=168","url":"https:\/\/vbmcomputer.com\/?page_id=168","name":"B\u1ea3ng B\u00e1o Gi\u00e1 - http:\/\/vbmcomputer.com","isPartOf":{"@id":"https:\/\/vbmcomputer.com\/#website"},"datePublished":"2023-02-13T08:47:11+00:00","dateModified":"2023-03-11T02:50:00+00:00","breadcrumb":{"@id":"https:\/\/vbmcomputer.com\/?page_id=168#breadcrumb"},"inLanguage":"vi","potentialAction":[{"@type":"ReadAction","target":["https:\/\/vbmcomputer.com\/?page_id=168"]}]},{"@type":"BreadcrumbList","@id":"https:\/\/vbmcomputer.com\/?page_id=168#breadcrumb","itemListElement":[{"@type":"ListItem","position":1,"name":"Home","item":"https:\/\/vbmcomputer.com\/"},{"@type":"ListItem","position":2,"name":"B\u1ea3ng B\u00e1o Gi\u00e1"}]},{"@type":"WebSite","@id":"https:\/\/vbmcomputer.com\/#website","url":"https:\/\/vbmcomputer.com\/","name":"http:\/\/vbmcomputer.com","description":"C\u00f4ng Ty TNHH TM Tin H\u1ecdc Vi\u1ec7t Nam","potentialAction":[{"@type":"SearchAction","target":{"@type":"EntryPoint","urlTemplate":"https:\/\/vbmcomputer.com\/?s={search_term_string}"},"query-input":"required name=search_term_string"}],"inLanguage":"vi"}]}},"_links":{"self":[{"href":"https:\/\/vbmcomputer.com\/index.php?rest_route=\/wp\/v2\/pages\/168"}],"collection":[{"href":"https:\/\/vbmcomputer.com\/index.php?rest_route=\/wp\/v2\/pages"}],"about":[{"href":"https:\/\/vbmcomputer.com\/index.php?rest_route=\/wp\/v2\/types\/page"}],"author":[{"embeddable":true,"href":"https:\/\/vbmcomputer.com\/index.php?rest_route=\/wp\/v2\/users\/2"}],"replies":[{"embeddable":true,"href":"https:\/\/vbmcomputer.com\/index.php?rest_route=%2Fwp%2Fv2%2Fcomments&post=168"}],"version-history":[{"count":7,"href":"https:\/\/vbmcomputer.com\/index.php?rest_route=\/wp\/v2\/pages\/168\/revisions"}],"predecessor-version":[{"id":393,"href":"https:\/\/vbmcomputer.com\/index.php?rest_route=\/wp\/v2\/pages\/168\/revisions\/393"}],"wp:attachment":[{"href":"https:\/\/vbmcomputer.com\/index.php?rest_route=%2Fwp%2Fv2%2Fmedia&parent=168"}],"curies":[{"name":"wp","href":"https:\/\/api.w.org\/{rel}","templated":true}]}}