{"id":15,"date":"2023-02-11T09:48:59","date_gmt":"2023-02-11T09:48:59","guid":{"rendered":"http:\/\/localhost:8080\/cameradinhvi\/?page_id=15"},"modified":"2025-12-18T08:21:02","modified_gmt":"2025-12-18T01:21:02","slug":"lien-he","status":"publish","type":"page","link":"https:\/\/vbmcomputer.com\/?page_id=15","title":{"rendered":"Li\u00ean h\u1ec7"},"content":{"rendered":"<p style=\"text-align: center;\">\t<div id=\"text-4244496621\" class=\"text\">\n\t\t\n\t\t\n<style>\n#text-4244496621 {\n  font-size: 2.4rem;\n  color: #d26e4b;\n}\n#text-4244496621 > * {\n  color: #d26e4b;\n}\n<\/style>\n\t<\/div>\n\t\n<p style=\"text-align: center;\"><em>Th\u00f4ng Tin Li\u00ean H\u1ec7<\/em><\/p>\n<p style=\"text-align: center;\"><strong> C\u00f4ng Ty TNHH Th\u01b0\u01a1ng M\u1ea1i Tin H\u1ecdc Vi\u1ec7t Nam ( VBM)<\/strong><\/p>\n<p style=\"text-align: center;\">\u0110\u1ecba ch\u1ec9: 547 L\u00ea H\u1ed3ng Phong, Ph\u01b0\u1eddng Ph\u00fa L\u1ee3i, Th\u00e0nh Ph\u1ed1 H\u1ed3 Ch\u00ed Minh.<br \/>\nM\u00e3 s\u1ed1 thu\u1ebf: 3700.388.337<br \/>\n\u0110i\u1ec7n Tho\u1ea1i: 0274.3836.888<\/p>\n<p style=\"text-align: center;\">TK Ng\u00e2n H\u00e0ng Agribank (CN B\u00ecnh D\u01b0\u01a1ng) &#8211; C\u00f4ng Ty TNHH TM Tin H\u1ecdc Vi\u1ec7t Nam\u00a0 \u00a0 \u00a0 \u00a0 \u00a0 S\u1ed1 TK: 5500211000301<\/p>\n<p style=\"text-align: center;\">TK Ng\u00e2n H\u00e0ng BIDV (CN B\u00ecnh D\u01b0\u01a1ng) &#8211; C\u00f4ng Ty TNHH TM Tin H\u1ecdc Vi\u1ec7t Nam\u00a0 \u00a0 \u00a0 \u00a0 \u00a0 \u00a0 \u00a0S\u1ed1 TK: 65010000507341<\/p>\n<p style=\"text-align: center;\">B\u1ea3n \u0111\u1ed3 \u0111\u01b0\u1eddng \u0111i:<\/p>\n<p style=\"text-align: center;\"><iframe loading=\"lazy\" style=\"border: 0;\" src=\"https:\/\/www.google.com\/maps\/embed?pb=!1m18!1m12!1m3!1d3916.9205442396856!2d106.68031667571297!3d10.969369955603815!2m3!1f0!2f0!3f0!3m2!1i1024!2i768!4f13.1!3m3!1m2!1s0x3174d13c0b25c999%3A0x82230f1f3703eacc!2zQ8O0bmcgVHkgVG5oaCBUbSBUaW4gSOG7jWMgVmnhu4d0IE5hbQ!5e0!3m2!1svi!2s!4v1705562416849!5m2!1svi!2s\" width=\"800\" height=\"600\" allowfullscreen=\"allowfullscreen\"><\/iframe><\/p>\n","protected":false},"excerpt":{"rendered":"<p>Th\u00f4ng Tin Li\u00ean H\u1ec7 C\u00f4ng Ty TNHH Th\u01b0\u01a1ng M\u1ea1i Tin H\u1ecdc Vi\u1ec7t Nam ( VBM) \u0110\u1ecba ch\u1ec9: 547 L\u00ea H\u1ed3ng Phong, Ph\u01b0\u1eddng Ph\u00fa L\u1ee3i, Th\u00e0nh Ph\u1ed1 H\u1ed3 Ch\u00ed Minh. M\u00e3 s\u1ed1 thu\u1ebf: 3700.388.337 \u0110i\u1ec7n Tho\u1ea1i: 0274.3836.888 TK Ng\u00e2n H\u00e0ng Agribank (CN B\u00ecnh D\u01b0\u01a1ng) &#8211; C\u00f4ng Ty TNHH TM Tin H\u1ecdc Vi\u1ec7t Nam\u00a0 \u00a0 \u00a0 \u00a0&#8230;<\/p>\n","protected":false},"author":2,"featured_media":0,"parent":0,"menu_order":0,"comment_status":"closed","ping_status":"closed","template":"","meta":[],"yoast_head":"<!-- This site is optimized with the Yoast SEO plugin v20.5 - https:\/\/yoast.com\/wordpress\/plugins\/seo\/ -->\n<title>Li\u00ean h\u1ec7 - http:\/\/vbmcomputer.com<\/title>\n<meta name=\"robots\" content=\"index, follow, max-snippet:-1, max-image-preview:large, max-video-preview:-1\" \/>\n<link rel=\"canonical\" href=\"https:\/\/vbmcomputer.com\/?page_id=15\" \/>\n<meta property=\"og:locale\" content=\"vi_VN\" \/>\n<meta property=\"og:type\" content=\"article\" \/>\n<meta property=\"og:title\" content=\"Li\u00ean h\u1ec7 - http:\/\/vbmcomputer.com\" \/>\n<meta property=\"og:description\" content=\"Th\u00f4ng Tin Li\u00ean H\u1ec7 C\u00f4ng Ty TNHH Th\u01b0\u01a1ng M\u1ea1i Tin H\u1ecdc Vi\u1ec7t Nam ( VBM) \u0110\u1ecba ch\u1ec9: 547 L\u00ea H\u1ed3ng Phong, Ph\u01b0\u1eddng Ph\u00fa L\u1ee3i, Th\u00e0nh Ph\u1ed1 H\u1ed3 Ch\u00ed Minh. M\u00e3 s\u1ed1 thu\u1ebf: 3700.388.337 \u0110i\u1ec7n Tho\u1ea1i: 0274.3836.888 TK Ng\u00e2n H\u00e0ng Agribank (CN B\u00ecnh D\u01b0\u01a1ng) &#8211; C\u00f4ng Ty TNHH TM Tin H\u1ecdc Vi\u1ec7t Nam\u00a0 \u00a0 \u00a0 \u00a0...\" \/>\n<meta property=\"og:url\" content=\"https:\/\/vbmcomputer.com\/?page_id=15\" \/>\n<meta property=\"og:site_name\" content=\"http:\/\/vbmcomputer.com\" \/>\n<meta property=\"article:modified_time\" content=\"2025-12-18T01:21:02+00:00\" \/>\n<meta name=\"twitter:card\" content=\"summary_large_image\" \/>\n<meta name=\"twitter:label1\" content=\"Est. reading time\" \/>\n\t<meta name=\"twitter:data1\" content=\"1 ph\u00fat\" \/>\n<script type=\"application\/ld+json\" class=\"yoast-schema-graph\">{\"@context\":\"https:\/\/schema.org\",\"@graph\":[{\"@type\":\"WebPage\",\"@id\":\"https:\/\/vbmcomputer.com\/?page_id=15\",\"url\":\"https:\/\/vbmcomputer.com\/?page_id=15\",\"name\":\"Li\u00ean h\u1ec7 - http:\/\/vbmcomputer.com\",\"isPartOf\":{\"@id\":\"https:\/\/vbmcomputer.com\/#website\"},\"datePublished\":\"2023-02-11T09:48:59+00:00\",\"dateModified\":\"2025-12-18T01:21:02+00:00\",\"breadcrumb\":{\"@id\":\"https:\/\/vbmcomputer.com\/?page_id=15#breadcrumb\"},\"inLanguage\":\"vi\",\"potentialAction\":[{\"@type\":\"ReadAction\",\"target\":[\"https:\/\/vbmcomputer.com\/?page_id=15\"]}]},{\"@type\":\"BreadcrumbList\",\"@id\":\"https:\/\/vbmcomputer.com\/?page_id=15#breadcrumb\",\"itemListElement\":[{\"@type\":\"ListItem\",\"position\":1,\"name\":\"Home\",\"item\":\"https:\/\/vbmcomputer.com\/\"},{\"@type\":\"ListItem\",\"position\":2,\"name\":\"Li\u00ean h\u1ec7\"}]},{\"@type\":\"WebSite\",\"@id\":\"https:\/\/vbmcomputer.com\/#website\",\"url\":\"https:\/\/vbmcomputer.com\/\",\"name\":\"http:\/\/vbmcomputer.com\",\"description\":\"C\u00f4ng Ty TNHH TM Tin H\u1ecdc Vi\u1ec7t Nam\",\"potentialAction\":[{\"@type\":\"SearchAction\",\"target\":{\"@type\":\"EntryPoint\",\"urlTemplate\":\"https:\/\/vbmcomputer.com\/?s={search_term_string}\"},\"query-input\":\"required name=search_term_string\"}],\"inLanguage\":\"vi\"}]}<\/script>\n<!-- \/ Yoast SEO plugin. -->","yoast_head_json":{"title":"Li\u00ean h\u1ec7 - http:\/\/vbmcomputer.com","robots":{"index":"index","follow":"follow","max-snippet":"max-snippet:-1","max-image-preview":"max-image-preview:large","max-video-preview":"max-video-preview:-1"},"canonical":"https:\/\/vbmcomputer.com\/?page_id=15","og_locale":"vi_VN","og_type":"article","og_title":"Li\u00ean h\u1ec7 - http:\/\/vbmcomputer.com","og_description":"Th\u00f4ng Tin Li\u00ean H\u1ec7 C\u00f4ng Ty TNHH Th\u01b0\u01a1ng M\u1ea1i Tin H\u1ecdc Vi\u1ec7t Nam ( VBM) \u0110\u1ecba ch\u1ec9: 547 L\u00ea H\u1ed3ng Phong, Ph\u01b0\u1eddng Ph\u00fa L\u1ee3i, Th\u00e0nh Ph\u1ed1 H\u1ed3 Ch\u00ed Minh. M\u00e3 s\u1ed1 thu\u1ebf: 3700.388.337 \u0110i\u1ec7n Tho\u1ea1i: 0274.3836.888 TK Ng\u00e2n H\u00e0ng Agribank (CN B\u00ecnh D\u01b0\u01a1ng) &#8211; C\u00f4ng Ty TNHH TM Tin H\u1ecdc Vi\u1ec7t Nam\u00a0 \u00a0 \u00a0 \u00a0...","og_url":"https:\/\/vbmcomputer.com\/?page_id=15","og_site_name":"http:\/\/vbmcomputer.com","article_modified_time":"2025-12-18T01:21:02+00:00","twitter_card":"summary_large_image","twitter_misc":{"Est. reading time":"1 ph\u00fat"},"schema":{"@context":"https:\/\/schema.org","@graph":[{"@type":"WebPage","@id":"https:\/\/vbmcomputer.com\/?page_id=15","url":"https:\/\/vbmcomputer.com\/?page_id=15","name":"Li\u00ean h\u1ec7 - http:\/\/vbmcomputer.com","isPartOf":{"@id":"https:\/\/vbmcomputer.com\/#website"},"datePublished":"2023-02-11T09:48:59+00:00","dateModified":"2025-12-18T01:21:02+00:00","breadcrumb":{"@id":"https:\/\/vbmcomputer.com\/?page_id=15#breadcrumb"},"inLanguage":"vi","potentialAction":[{"@type":"ReadAction","target":["https:\/\/vbmcomputer.com\/?page_id=15"]}]},{"@type":"BreadcrumbList","@id":"https:\/\/vbmcomputer.com\/?page_id=15#breadcrumb","itemListElement":[{"@type":"ListItem","position":1,"name":"Home","item":"https:\/\/vbmcomputer.com\/"},{"@type":"ListItem","position":2,"name":"Li\u00ean h\u1ec7"}]},{"@type":"WebSite","@id":"https:\/\/vbmcomputer.com\/#website","url":"https:\/\/vbmcomputer.com\/","name":"http:\/\/vbmcomputer.com","description":"C\u00f4ng Ty TNHH TM Tin H\u1ecdc Vi\u1ec7t Nam","potentialAction":[{"@type":"SearchAction","target":{"@type":"EntryPoint","urlTemplate":"https:\/\/vbmcomputer.com\/?s={search_term_string}"},"query-input":"required name=search_term_string"}],"inLanguage":"vi"}]}},"_links":{"self":[{"href":"https:\/\/vbmcomputer.com\/index.php?rest_route=\/wp\/v2\/pages\/15"}],"collection":[{"href":"https:\/\/vbmcomputer.com\/index.php?rest_route=\/wp\/v2\/pages"}],"about":[{"href":"https:\/\/vbmcomputer.com\/index.php?rest_route=\/wp\/v2\/types\/page"}],"author":[{"embeddable":true,"href":"https:\/\/vbmcomputer.com\/index.php?rest_route=\/wp\/v2\/users\/2"}],"replies":[{"embeddable":true,"href":"https:\/\/vbmcomputer.com\/index.php?rest_route=%2Fwp%2Fv2%2Fcomments&post=15"}],"version-history":[{"count":19,"href":"https:\/\/vbmcomputer.com\/index.php?rest_route=\/wp\/v2\/pages\/15\/revisions"}],"predecessor-version":[{"id":598,"href":"https:\/\/vbmcomputer.com\/index.php?rest_route=\/wp\/v2\/pages\/15\/revisions\/598"}],"wp:attachment":[{"href":"https:\/\/vbmcomputer.com\/index.php?rest_route=%2Fwp%2Fv2%2Fmedia&parent=15"}],"curies":[{"name":"wp","href":"https:\/\/api.w.org\/{rel}","templated":true}]}}